{"id":199,"date":"2017-06-14T12:35:28","date_gmt":"2017-06-14T12:35:28","guid":{"rendered":"http:\/\/localhost\/mostostal_siedlce\/?page_id=199"},"modified":"2018-09-26T07:00:57","modified_gmt":"2018-09-26T07:00:57","slug":"feuerverzinkung","status":"publish","type":"page","link":"https:\/\/www.mostostal.siedlce.pl\/de\/korrosionsschutz\/angebot\/feuerverzinkung\/","title":{"rendered":"Feuerverzinkung"},"content":{"rendered":"<div class=\"textwrapper\">\r\n\r\n<p>\r\nUnter den bekannten Verfahren zur Verhinderung von Korrosionen gilt Feuerverzinkung, das sog. Tauchverzinken, als bestes Verfahren. Dies ist ein besonders effektiver, haltbarer, seit 160 Jahren bekannter und der preisg\u00fcnstigste Korrosionsschutz. Das herk\u00f6mmliche Verfahren zum Feuerverzinken besteht aus mehreren Prozessen. Einer der wichtigsten Prozesse ist es, ein Werkst\u00fcck in ein Zinkschmelzbad bei 450\u00b0C einzutauchen. Es erfolgt eine schnelle Reaktion zwischen dem Eisen und Zink, wobei auf der Stahloberfl\u00e4che eine Zinkbeschichtung gebildet wird. Ihre Struktur und Eigenschaften h\u00e4ngen sowohl von der chemischen Zusammensetzung der Stahloberfl\u00e4che als auch von der Dicke der bearbeiteten Struktur ab.\r\n<\/p>\r\n\r\n<div class=\"picwrapper\">\r\n<img loading=\"lazy\" src=\"https:\/\/www.mostostal.siedlce.pl\/wp-content\/uploads\/2017\/06\/DSC04010-termometr-800x400.jpg\" alt=\"Termometr na ocynkowni\" width=\"800\" height=\"400\" class=\"pic100x50 wp-image-2041\" srcset=\"https:\/\/www.mostostal.siedlce.pl\/de\/wp-content\/uploads\/2017\/06\/DSC04010-termometr-800x400.jpg 800w, https:\/\/www.mostostal.siedlce.pl\/de\/wp-content\/uploads\/2017\/06\/DSC04010-termometr-800x400-300x150.jpg 300w, https:\/\/www.mostostal.siedlce.pl\/de\/wp-content\/uploads\/2017\/06\/DSC04010-termometr-800x400-768x384.jpg 768w\" sizes=\"(max-width: 800px) 100vw, 800px\" \/>\r\n<\/div>\r\n\r\n<p>\r\nBei Erf\u00fcllung der bestimmten Bedingungen f\u00fcr die Stahlqualit\u00e4t (es handelt sich insbesondere um Silizium- und Phosphor-Gehalt) und bei einer geeigneten Struktur der zu verzinkenden Werkst\u00fccke entsteht eine Zinkbeschichtung mit einer durchschnittlichen Dicke von 70 bis 200 Mikrometern, die gegen robuste mechanische Besch\u00e4digungen, Abrieb, Erosion, Ersch\u00fctterungen best\u00e4ndig und porosit\u00e4tsfrei ist. Sie weist eine ausgezeichnete Haftung auf dem Grundmetall auf, ist optisch ansprechend und umweltfreundlich.\r\n<\/p>\r\n\r\n<div class=\"picwrapper\">\r\n\r\n\r\n<img loading=\"lazy\" src=\"https:\/\/www.mostostal.siedlce.pl\/wp-content\/uploads\/2017\/08\/cynkowanie ogniowe ramy wsporczej turbiny wiatrowej.jpg\" alt=\"Cynkowanie ogniowe ramy wsporczej turbiny wiatrowej\" width=\"800\" height=\"400\" class=\"pic100x50 wp-image-2044\" \/>\r\n\r\n\r\n<\/div>\r\n\r\n<p>\r\nDie Zinkbeschichtung sch\u00fctzt den Stahl f\u00fcr viele Jahre und erfordert keine Wartung. Die durchschnittliche Haltbarkeit der Zinkschicht sind 30 bis 50 Jahre. Man kann ihre Lebensdauer verl\u00e4ngern und die gew\u00fcnschte Optik erzielen, wenn die verzinkte Oberfl\u00e4che zus\u00e4tzlich lackiert oder angestrichen wird (Duplex-System). Die Zinkbeschichtung sichert  einen langj\u00e4hrigen Korrosionsschutz, deswegen ist dies eine sehr kosteneffektive L\u00f6sung. Die bei der Beschichtung entstandenen Kosten erschienen gegen\u00fcber der Haltbarkeit des Zink\u00fcberzugs sehr gering. Das nachstehende Schaubild zeigt eine Gegen\u00fcberstellung der Kosten im Laufe der Zeit f\u00fcr zwei bekannte Korrosionsschutzverfahren: Farbanstrich und Verzinkung. Bei den Anstrichen wachsen die Kosten stufenweise an, da die Haltbarkeit der Beschichtung kurz ist und Wartungsanstriche erforderlich sind. Bei einer feuerverzinkten Oberfl\u00e4che ist dies nicht notwendig. Deswegen bleiben die Kosten der Feuerverzinkung konstant. \r\n<\/p>\r\n\r\n\r\n<img loading=\"lazy\" src=\"https:\/\/www.mostostal.siedlce.pl\/de\/wp-content\/uploads\/2018\/01\/wykresde.jpg\" alt=\"Wykres pow\u0142oki malarskie a cynkowanie ogniowe -\r\n koszt\" width=\"482\" height=\"377\" class=\"mcenter imgfluid\" \/>\r\n\r\n\r\nEin zus\u00e4tzlicher Vorteil des Korrosionsschutzes durch Feuerverzinkung ist die Ausf\u00fchrungsfrist der Dienstleistung.  F\u00fcr die Feuerverzinkung sind dies ein paar Stunden.  \r\n<br>Mostostal Siedlce verf\u00fcgt \u00fcber zwei Feuerverzinkungsanlagen, wobei die Verzinkungskessel folgende Abmessungen haben:\r\n<br>L\u00e4nge x Breite x Tiefe:\r\n<ul>\r\n<li>13000 x 1800 x 3300 mm<\/li>\r\n<li>9000 x 1800 x 3300 mm<\/li>\r\n<li>7000 x 1800 x 3300 mm<\/li>\r\n<\/ul>\r\nDie maximalen Abmessungen der zu verzinkenden Werkst\u00fccke:\r\n<ul>\r\n<li>12500 x 1700 x 2900 mm, Einheitsgewicht bis zu 4 Tonnen<\/li>\r\n<li>8500 x 1700 X 2900 mm, Einheitsgewicht bis zu 6 Tonnen<\/li>\r\n<li>6500 x 1700 x 2900 mm, Einheitsgewicht bis zu 4 Tonnen<\/li>\r\n<\/ul>\r\n\r\n\t\t\t\t\r\n<div class=\"picwrapper\">\r\n\r\n<img loading=\"lazy\" src=\"https:\/\/www.mostostal.siedlce.pl\/wp-content\/uploads\/2017\/06\/ocynkowany-tr\u00f3jnik.jpg\" alt=\"Ocynkowany tr\u00f3jnik\" width=\"400\" height=\"400\" class=\"pic50 pic50alt wp-image-2291\" srcset=\"https:\/\/www.mostostal.siedlce.pl\/de\/wp-content\/uploads\/2017\/06\/ocynkowany-tr\u00f3jnik.jpg 400w, https:\/\/www.mostostal.siedlce.pl\/de\/wp-content\/uploads\/2017\/06\/ocynkowany-tr\u00f3jnik-150x150.jpg 150w, https:\/\/www.mostostal.siedlce.pl\/de\/wp-content\/uploads\/2017\/06\/ocynkowany-tr\u00f3jnik-300x300.jpg 300w\" sizes=\"(max-width: 400px) 100vw, 400px\" \/>\r\n<img loading=\"lazy\" src=\"https:\/\/www.mostostal.siedlce.pl\/wp-content\/uploads\/2017\/06\/Cynkowanie-ogniowe-400x400.jpg\" alt=\"Cynkowanie ogniowe\" width=\"400\" height=\"400\" class=\"pic50 pic50alt wp-image-2043\" srcset=\"https:\/\/www.mostostal.siedlce.pl\/de\/wp-content\/uploads\/2017\/06\/Cynkowanie-ogniowe-400x400.jpg 400w, https:\/\/www.mostostal.siedlce.pl\/de\/wp-content\/uploads\/2017\/06\/Cynkowanie-ogniowe-400x400-150x150.jpg 150w, https:\/\/www.mostostal.siedlce.pl\/de\/wp-content\/uploads\/2017\/06\/Cynkowanie-ogniowe-400x400-300x300.jpg 300w\" sizes=\"(max-width: 400px) 100vw, 400px\" \/>\r\n<img loading=\"lazy\" src=\"https:\/\/www.mostostal.siedlce.pl\/wp-content\/uploads\/2017\/06\/IMG_5823.jpg\" alt=\"Cynkowanie ogniowe\" width=\"400\" height=\"800\" class=\"pic50x100 wp-image-2289\" srcset=\"https:\/\/www.mostostal.siedlce.pl\/de\/wp-content\/uploads\/2017\/06\/IMG_5823.jpg 400w, https:\/\/www.mostostal.siedlce.pl\/de\/wp-content\/uploads\/2017\/06\/IMG_5823-150x300.jpg 150w\" sizes=\"(max-width: 400px) 100vw, 400px\" \/>\r\n<img loading=\"lazy\" src=\"https:\/\/www.mostostal.siedlce.pl\/wp-content\/uploads\/2017\/06\/cynkowanie-ogniowe-poprzecznicy-wiaduktu-drogowego.jpg\" alt=\"Cynkowanie ogniowe poprzecznicy wiaduktu drogowego\" width=\"400\" height=\"800\" class=\"pic50x100 wp-image-2290\" srcset=\"https:\/\/www.mostostal.siedlce.pl\/de\/wp-content\/uploads\/2017\/06\/cynkowanie-ogniowe-poprzecznicy-wiaduktu-drogowego.jpg 400w, https:\/\/www.mostostal.siedlce.pl\/de\/wp-content\/uploads\/2017\/06\/cynkowanie-ogniowe-poprzecznicy-wiaduktu-drogowego-150x300.jpg 150w\" sizes=\"(max-width: 400px) 100vw, 400px\" \/>\r\n\r\n<\/div>\r\n\r\n\r\n<\/div>\r\n","protected":false},"excerpt":{"rendered":"Unter den bekannten Verfahren zur Verhinderung von Korrosionen gilt Feuerverzinkung, das sog. Tauchverzinken, als bestes Verfahren. Dies ist ein besonders effektiver, haltbarer, seit 160 Jahren bekannter und der preisg\u00fcnstigste Korrosionsschutz. Das herk\u00f6mmliche Verfahren zum Feuerverzinken besteht aus mehreren Prozessen. Einer der wichtigsten Prozesse ist es, ein Werkst\u00fcck in ein Zinkschmelzbad bei 450\u00b0C einzutauchen. Es erfolgt [&hellip;]","protected":false},"author":1,"featured_media":0,"parent":74,"menu_order":0,"comment_status":"closed","ping_status":"closed","template":"","meta":[],"_links":{"self":[{"href":"https:\/\/www.mostostal.siedlce.pl\/de\/wp-json\/wp\/v2\/pages\/199"}],"collection":[{"href":"https:\/\/www.mostostal.siedlce.pl\/de\/wp-json\/wp\/v2\/pages"}],"about":[{"href":"https:\/\/www.mostostal.siedlce.pl\/de\/wp-json\/wp\/v2\/types\/page"}],"author":[{"embeddable":true,"href":"https:\/\/www.mostostal.siedlce.pl\/de\/wp-json\/wp\/v2\/users\/1"}],"replies":[{"embeddable":true,"href":"https:\/\/www.mostostal.siedlce.pl\/de\/wp-json\/wp\/v2\/comments?post=199"}],"version-history":[{"count":5,"href":"https:\/\/www.mostostal.siedlce.pl\/de\/wp-json\/wp\/v2\/pages\/199\/revisions"}],"predecessor-version":[{"id":3445,"href":"https:\/\/www.mostostal.siedlce.pl\/de\/wp-json\/wp\/v2\/pages\/199\/revisions\/3445"}],"up":[{"embeddable":true,"href":"https:\/\/www.mostostal.siedlce.pl\/de\/wp-json\/wp\/v2\/pages\/74"}],"wp:attachment":[{"href":"https:\/\/www.mostostal.siedlce.pl\/de\/wp-json\/wp\/v2\/media?parent=199"}],"curies":[{"name":"wp","href":"https:\/\/api.w.org\/{rel}","templated":true}]}}