{"id":201,"date":"2017-06-14T12:36:02","date_gmt":"2017-06-14T12:36:02","guid":{"rendered":"http:\/\/localhost\/mostostal_siedlce\/?page_id=201"},"modified":"2018-01-24T13:06:37","modified_gmt":"2018-01-24T13:06:37","slug":"metallspritzen","status":"publish","type":"page","link":"https:\/\/www.mostostal.siedlce.pl\/de\/korrosionsschutz\/angebot\/metallspritzen\/","title":{"rendered":"Metallspritzen"},"content":{"rendered":"<div class=\"textwrapper\">\r\n<p>\r\nGro\u00dfe Stahlstrukturen, die in einem Verzinkungskessel zwecks Feuerverzinkung nicht eingetaucht werden k\u00f6nnen, werden durch Metallspritzen gesch\u00fctzt. Wir bieten eine umfassende Dienstleistung als Zink-Metallspritzen. Diese besteht aus folgenden Verfahren: Strahlbehandlung der Stahloberfl\u00e4che, thermisches Spritzen der Metallbeschichtung, Abdichtung der Spr\u00fchbeschichtung durch Farbanstriche.  \r\n<\/p>\r\n\r\n<div class=\"picwrapper\">\r\n<img loading=\"lazy\" width=\"800\" height=\"1201\" src=\"https:\/\/www.mostostal.siedlce.pl\/wp-content\/uploads\/2017\/07\/IMG_5558.jpg\" alt=\"Metalizacja natryskowa\" class=\"pic100x50 wp-image-1826\" srcset=\"https:\/\/www.mostostal.siedlce.pl\/de\/wp-content\/uploads\/2017\/07\/IMG_5558.jpg 800w, https:\/\/www.mostostal.siedlce.pl\/de\/wp-content\/uploads\/2017\/07\/IMG_5558-200x300.jpg 200w, https:\/\/www.mostostal.siedlce.pl\/de\/wp-content\/uploads\/2017\/07\/IMG_5558-768x1153.jpg 768w, https:\/\/www.mostostal.siedlce.pl\/de\/wp-content\/uploads\/2017\/07\/IMG_5558-682x1024.jpg 682w\" sizes=\"(max-width: 800px) 100vw, 800px\" \/>\r\n<\/div>\r\n\r\n<p>\r\nIn diesem Verfahren werden gro\u00dfe Br\u00fcckenteile und andere Strukturen mit maximalen Abmessungen: L\u00e4nge 28m, Breite 4,8m, H\u00f6he 2,8m und H\u00f6chstgewicht 20 Tonnen bearbeitet. Thermisches Spritzen wird mit einer speziellen Ausr\u00fcstung f\u00fcrs Metallspritzen durchgef\u00fchrt.  \r\n<\/p>\r\n<p>\r\nEine Schutzbeschichtung entsteht durch Aufspr\u00fchen eines geschmolzenen Beschichtungsmaterials unter Einwirkung des komprimierten Gasstroms (vor allem Luft). Sehr feine Partikeln fallen in einem plastischen Zustand auf die Oberfl\u00e4che und \u00fcberlappen einander, wobei eine  Spritzbeschichtung gebildet wird.  \r\n<\/p>\r\n<div class=\"picwrapper\">\r\n<img loading=\"lazy\" width=\"800\" height=\"530\" src=\"https:\/\/www.mostostal.siedlce.pl\/wp-content\/uploads\/2017\/06\/metalizacja-natryskowa-element\u00f3w-wiaduktu-drogowego.jpg\" alt=\"Metalizacja natryskowa\" class=\"pic100x50 wp-image-1878\" srcset=\"https:\/\/www.mostostal.siedlce.pl\/de\/wp-content\/uploads\/2017\/06\/metalizacja-natryskowa-element\u00f3w-wiaduktu-drogowego.jpg 800w, https:\/\/www.mostostal.siedlce.pl\/de\/wp-content\/uploads\/2017\/06\/metalizacja-natryskowa-element\u00f3w-wiaduktu-drogowego-300x199.jpg 300w, https:\/\/www.mostostal.siedlce.pl\/de\/wp-content\/uploads\/2017\/06\/metalizacja-natryskowa-element\u00f3w-wiaduktu-drogowego-768x509.jpg 768w\" sizes=\"(max-width: 800px) 100vw, 800px\" \/>\r\n<\/div>\r\n<p>\r\nUm die richtige Qualit\u00e4t der Spritzbeschichtung zu erzielen, ist die bearbeitete Oberfl\u00e4che gr\u00fcndlich,  mindestens bis S.A. 2,5 zu reinigen und eine  entsprechende Oberfl\u00e4chenrauhigkeit:  Rz 60-100\u00b5m durch Strahlbehandlung zu sichern. Die Dicke der durch Metallspritzen hergestellten Metallbeschichtung liegt \u00fcblicherweise im Bereich von 50 bis 300 \u00b5m. \r\n<\/p>\r\n<\/div>","protected":false},"excerpt":{"rendered":"Gro\u00dfe Stahlstrukturen, die in einem Verzinkungskessel zwecks Feuerverzinkung nicht eingetaucht werden k\u00f6nnen, werden durch Metallspritzen gesch\u00fctzt. Wir bieten eine umfassende Dienstleistung als Zink-Metallspritzen. Diese besteht aus folgenden Verfahren: Strahlbehandlung der Stahloberfl\u00e4che, thermisches Spritzen der Metallbeschichtung, Abdichtung der Spr\u00fchbeschichtung durch Farbanstriche. In diesem Verfahren werden gro\u00dfe Br\u00fcckenteile und andere Strukturen mit maximalen Abmessungen: L\u00e4nge 28m, Breite [&hellip;]","protected":false},"author":1,"featured_media":0,"parent":74,"menu_order":0,"comment_status":"closed","ping_status":"closed","template":"","meta":[],"_links":{"self":[{"href":"https:\/\/www.mostostal.siedlce.pl\/de\/wp-json\/wp\/v2\/pages\/201"}],"collection":[{"href":"https:\/\/www.mostostal.siedlce.pl\/de\/wp-json\/wp\/v2\/pages"}],"about":[{"href":"https:\/\/www.mostostal.siedlce.pl\/de\/wp-json\/wp\/v2\/types\/page"}],"author":[{"embeddable":true,"href":"https:\/\/www.mostostal.siedlce.pl\/de\/wp-json\/wp\/v2\/users\/1"}],"replies":[{"embeddable":true,"href":"https:\/\/www.mostostal.siedlce.pl\/de\/wp-json\/wp\/v2\/comments?post=201"}],"version-history":[{"count":2,"href":"https:\/\/www.mostostal.siedlce.pl\/de\/wp-json\/wp\/v2\/pages\/201\/revisions"}],"predecessor-version":[{"id":3149,"href":"https:\/\/www.mostostal.siedlce.pl\/de\/wp-json\/wp\/v2\/pages\/201\/revisions\/3149"}],"up":[{"embeddable":true,"href":"https:\/\/www.mostostal.siedlce.pl\/de\/wp-json\/wp\/v2\/pages\/74"}],"wp:attachment":[{"href":"https:\/\/www.mostostal.siedlce.pl\/de\/wp-json\/wp\/v2\/media?parent=201"}],"curies":[{"name":"wp","href":"https:\/\/api.w.org\/{rel}","templated":true}]}}