{"id":203,"date":"2017-06-14T12:36:25","date_gmt":"2017-06-14T12:36:25","guid":{"rendered":"http:\/\/localhost\/mostostal_siedlce\/?page_id=203"},"modified":"2018-01-24T13:10:09","modified_gmt":"2018-01-24T13:10:09","slug":"duplex-system","status":"publish","type":"page","link":"https:\/\/www.mostostal.siedlce.pl\/de\/korrosionsschutz\/angebot\/duplex-system\/","title":{"rendered":"DUPLEX-System"},"content":{"rendered":"<div class=\"textwrapper\">\r\n<p>\r\nUnter dem DUPLEX-System wird ein Korrosionsschutz-System verstanden, wobei auf eine Zink\u00fcberzug ein spezieller Farbanstrich aufgetragen wird. Diese Beschichtung ist ein zus\u00e4tzlicher Schutz gegen Korrosion und sorgt f\u00fcr eine farbliche Gestaltung des bearbeiteten Werkst\u00fccks. Der Farbanstrich sch\u00fctzt das Zink gegen Oxidation und verl\u00e4ngert seine Lebensdauer.  \r\n<\/p>\r\n<p>\r\n<div class=\"picwrapper\"> \r\n<img loading=\"lazy\" src=\"https:\/\/www.mostostal.siedlce.pl\/wp-content\/uploads\/2017\/06\/duplex-800x400.jpg\" alt=\"Malowanie system duplex\" width=\"800\" height=\"400\" class=\"pic100x50 wp-image-2035\" srcset=\"https:\/\/www.mostostal.siedlce.pl\/de\/wp-content\/uploads\/2017\/06\/duplex-800x400.jpg 800w, https:\/\/www.mostostal.siedlce.pl\/de\/wp-content\/uploads\/2017\/06\/duplex-800x400-300x150.jpg 300w, https:\/\/www.mostostal.siedlce.pl\/de\/wp-content\/uploads\/2017\/06\/duplex-800x400-768x384.jpg 768w\" sizes=\"(max-width: 800px) 100vw, 800px\" \/>\r\n<\/div>\r\n<\/p>\r\n<p>\r\n<strong>Wesentliche Vorteile des Duplex-Systems sind:<\/strong>\r\n<ul>\r\n<li>\r\nKomplementarit\u00e4t der beiden Beschichtungsarten:  die Zinkbeschichtung sch\u00fctzt gegen Korrosion unter der Beschichtung bei Besch\u00e4digung des Farbanstriches und der Farbanstrich sch\u00fctzt das Zink gegen sch\u00e4dliche Wirkung von Witterung und chemischen Substanzen; \r\n<\/li>\r\n<li>\r\nAnsprechende Optik durch Auswahl der richtigen Farbe f\u00fcr den Schutz\u00fcberzug.  Beim Duplex-System kann die gesamte Palette der RAL-Farben in Anspruch genommen werden beziehungsweise andere Spezialfarben oder Farbt\u00f6ne gew\u00e4hlt werden; \r\n<\/li>\r\n<li>\r\nReduzierung der Wartungskosten \u00fcber die  gesamte Lebensdauer des Gegenstandes  durch erhebliche Verl\u00e4ngerung der Korrosionsbest\u00e4ndigkeit. In einer neutralen Umgebung betr\u00e4gt die Haltbarkeit des Zink\u00fcberzugs 30 bis 50 Jahre. Das Duplex-System verl\u00e4ngert sie sogar bis 100 Jahren.\r\n<\/li>\r\n<\/ul>\r\n<\/p>\r\n<p>\r\nSchicken Sie uns eine Angebotsanforderung. Wir legen Ihnen ein spezifisches Preisangebot. \r\n<\/p>\r\n<\/div>","protected":false},"excerpt":{"rendered":"Unter dem DUPLEX-System wird ein Korrosionsschutz-System verstanden, wobei auf eine Zink\u00fcberzug ein spezieller Farbanstrich aufgetragen wird. Diese Beschichtung ist ein zus\u00e4tzlicher Schutz gegen Korrosion und sorgt f\u00fcr eine farbliche Gestaltung des bearbeiteten Werkst\u00fccks. Der Farbanstrich sch\u00fctzt das Zink gegen Oxidation und verl\u00e4ngert seine Lebensdauer. Wesentliche Vorteile des Duplex-Systems sind: Komplementarit\u00e4t der beiden Beschichtungsarten: die Zinkbeschichtung [&hellip;]","protected":false},"author":1,"featured_media":0,"parent":74,"menu_order":0,"comment_status":"closed","ping_status":"closed","template":"","meta":[],"_links":{"self":[{"href":"https:\/\/www.mostostal.siedlce.pl\/de\/wp-json\/wp\/v2\/pages\/203"}],"collection":[{"href":"https:\/\/www.mostostal.siedlce.pl\/de\/wp-json\/wp\/v2\/pages"}],"about":[{"href":"https:\/\/www.mostostal.siedlce.pl\/de\/wp-json\/wp\/v2\/types\/page"}],"author":[{"embeddable":true,"href":"https:\/\/www.mostostal.siedlce.pl\/de\/wp-json\/wp\/v2\/users\/1"}],"replies":[{"embeddable":true,"href":"https:\/\/www.mostostal.siedlce.pl\/de\/wp-json\/wp\/v2\/comments?post=203"}],"version-history":[{"count":2,"href":"https:\/\/www.mostostal.siedlce.pl\/de\/wp-json\/wp\/v2\/pages\/203\/revisions"}],"predecessor-version":[{"id":3152,"href":"https:\/\/www.mostostal.siedlce.pl\/de\/wp-json\/wp\/v2\/pages\/203\/revisions\/3152"}],"up":[{"embeddable":true,"href":"https:\/\/www.mostostal.siedlce.pl\/de\/wp-json\/wp\/v2\/pages\/74"}],"wp:attachment":[{"href":"https:\/\/www.mostostal.siedlce.pl\/de\/wp-json\/wp\/v2\/media?parent=203"}],"curies":[{"name":"wp","href":"https:\/\/api.w.org\/{rel}","templated":true}]}}