{"id":205,"date":"2017-06-14T12:36:45","date_gmt":"2017-06-14T12:36:45","guid":{"rendered":"http:\/\/localhost\/mostostal_siedlce\/?page_id=205"},"modified":"2018-01-24T13:12:47","modified_gmt":"2018-01-24T13:12:47","slug":"farbanstrich","status":"publish","type":"page","link":"https:\/\/www.mostostal.siedlce.pl\/de\/korrosionsschutz\/angebot\/farbanstrich\/","title":{"rendered":"Farbanstrich"},"content":{"rendered":"<div class=\"textwrapper\">\r\n<p>\r\nDer Farbanstrich ist eines der allgemein angewandten Korrosionsschutz-Verfahren f\u00fcr Stahl. Der Farbanstrich ist nicht so haltbar wie Feuerverzinkung. Jedoch aufgrund des niedrigeren Preises bei der Fertigung der Konstruktion wird diese Technik als Korrosionsschutz von Investoren oft gew\u00e4hlt. \r\n<\/p>\r\n<div class=\"picwrapper\">\r\n<img loading=\"lazy\" width=\"800\" height=\"528\" src=\"https:\/\/www.mostostal.siedlce.pl\/wp-content\/uploads\/2017\/07\/IMG_5630.jpg\" alt=\"Malowanie\" style=\"object-position: center top\" class=\"pic100x50 wp-image-1828\" srcset=\"https:\/\/www.mostostal.siedlce.pl\/de\/wp-content\/uploads\/2017\/07\/IMG_5630.jpg 800w, https:\/\/www.mostostal.siedlce.pl\/de\/wp-content\/uploads\/2017\/07\/IMG_5630-300x198.jpg 300w, https:\/\/www.mostostal.siedlce.pl\/de\/wp-content\/uploads\/2017\/07\/IMG_5630-768x507.jpg 768w\" sizes=\"(max-width: 800px) 100vw, 800px\" \/>\r\n<\/div>\r\n\r\n<p>\r\nWir bieten Ihnen einen professionellen Schutzanstrich mit den hochwertigen Lacken, die im hydrodynamischen Verfahren aufgetragen werden. Wir kooperieren mit den auf dem polnischen und internationalen Markt bekannten Lackherstellern u.a.: Lankwitzer, Nobiles, Hempel, SIGMA, Polifarb Oliva, Rembrandtin, Feidal, CHING. \r\n<\/p>\r\n<div class=\"picwrapper\">\r\n<img loading=\"lazy\" width=\"800\" height=\"500\" src=\"https:\/\/www.mostostal.siedlce.pl\/wp-content\/uploads\/2017\/07\/pomalowane-elementy-hal.jpg\" alt=\"Malowanie\" class=\"pic50 wp-image-1836\" srcset=\"https:\/\/www.mostostal.siedlce.pl\/de\/wp-content\/uploads\/2017\/07\/pomalowane-elementy-hal.jpg 800w, https:\/\/www.mostostal.siedlce.pl\/de\/wp-content\/uploads\/2017\/07\/pomalowane-elementy-hal-300x188.jpg 300w, https:\/\/www.mostostal.siedlce.pl\/de\/wp-content\/uploads\/2017\/07\/pomalowane-elementy-hal-768x480.jpg 768w\" sizes=\"(max-width: 800px) 100vw, 800px\" \/>\r\n<img loading=\"lazy\" width=\"600\" height=\"600\" src=\"https:\/\/www.mostostal.siedlce.pl\/wp-content\/uploads\/2017\/06\/\u017c\u00f3\u0142ty-ma\u0142y.jpg\" alt=\"Malowanie\" class=\"pic50 wp-image-1913\" srcset=\"https:\/\/www.mostostal.siedlce.pl\/de\/wp-content\/uploads\/2017\/06\/\u017c\u00f3\u0142ty-ma\u0142y.jpg 600w, https:\/\/www.mostostal.siedlce.pl\/de\/wp-content\/uploads\/2017\/06\/\u017c\u00f3\u0142ty-ma\u0142y-150x150.jpg 150w, https:\/\/www.mostostal.siedlce.pl\/de\/wp-content\/uploads\/2017\/06\/\u017c\u00f3\u0142ty-ma\u0142y-300x300.jpg 300w\" sizes=\"(max-width: 600px) 100vw, 600px\" \/>\r\n<\/div>\r\n<p>\r\nWir bieten den Korrosionsschutz sowohl f\u00fcr \u201eschwarze\u201d als auch feuerverzinkte (DUPLEX-System) Strukturen, die wir Ihnen besonders empfehlen w\u00fcrden. \r\n<\/p>\r\n\r\n<p>\r\nDie Vorbereitung der Stahloberfl\u00e4che ist der wichtigste Faktor f\u00fcr die Sicherung der Haltbarkeit des Lackanstriches. Wir bieten die eine Strahlbehandlung (Kugelstrahlen) und chemische Behandlung (\u00c4tzung in S\u00e4uren) zur Sicherung der h\u00f6chsten Haftbarkeit der Farbanstriche und dadurch der h\u00f6chsten Qualit\u00e4t der Beschichtung. \r\n<\/p>\r\n<p>\r\n<strong>Wir erteilen eine Garantie f\u00fcr die von uns gefertigte Korrosionsschutzbeschichtung.<\/strong>\r\n<\/p>\r\n<\/div>\r\n\r\n","protected":false},"excerpt":{"rendered":"Der Farbanstrich ist eines der allgemein angewandten Korrosionsschutz-Verfahren f\u00fcr Stahl. Der Farbanstrich ist nicht so haltbar wie Feuerverzinkung. Jedoch aufgrund des niedrigeren Preises bei der Fertigung der Konstruktion wird diese Technik als Korrosionsschutz von Investoren oft gew\u00e4hlt. Wir bieten Ihnen einen professionellen Schutzanstrich mit den hochwertigen Lacken, die im hydrodynamischen Verfahren aufgetragen werden. Wir kooperieren [&hellip;]","protected":false},"author":1,"featured_media":0,"parent":74,"menu_order":0,"comment_status":"closed","ping_status":"closed","template":"","meta":[],"_links":{"self":[{"href":"https:\/\/www.mostostal.siedlce.pl\/de\/wp-json\/wp\/v2\/pages\/205"}],"collection":[{"href":"https:\/\/www.mostostal.siedlce.pl\/de\/wp-json\/wp\/v2\/pages"}],"about":[{"href":"https:\/\/www.mostostal.siedlce.pl\/de\/wp-json\/wp\/v2\/types\/page"}],"author":[{"embeddable":true,"href":"https:\/\/www.mostostal.siedlce.pl\/de\/wp-json\/wp\/v2\/users\/1"}],"replies":[{"embeddable":true,"href":"https:\/\/www.mostostal.siedlce.pl\/de\/wp-json\/wp\/v2\/comments?post=205"}],"version-history":[{"count":2,"href":"https:\/\/www.mostostal.siedlce.pl\/de\/wp-json\/wp\/v2\/pages\/205\/revisions"}],"predecessor-version":[{"id":3155,"href":"https:\/\/www.mostostal.siedlce.pl\/de\/wp-json\/wp\/v2\/pages\/205\/revisions\/3155"}],"up":[{"embeddable":true,"href":"https:\/\/www.mostostal.siedlce.pl\/de\/wp-json\/wp\/v2\/pages\/74"}],"wp:attachment":[{"href":"https:\/\/www.mostostal.siedlce.pl\/de\/wp-json\/wp\/v2\/media?parent=205"}],"curies":[{"name":"wp","href":"https:\/\/api.w.org\/{rel}","templated":true}]}}