{"id":21,"date":"2017-06-13T05:16:44","date_gmt":"2017-06-13T05:16:44","guid":{"rendered":"http:\/\/localhost\/mostostal_siedlce\/?page_id=21"},"modified":"2025-12-22T09:38:57","modified_gmt":"2025-12-22T09:38:57","slug":"qualitat-der-dienstleistungen","status":"publish","type":"page","link":"https:\/\/www.mostostal.siedlce.pl\/de\/uber-das-unternehmen\/qualitat-der-dienstleistungen\/","title":{"rendered":"Qualit\u00e4t der Dienstleistungen"},"content":{"rendered":"<div class=\"textwrapper\">\r\n<h3 class=\"mb2\">Unsere Kompetenzen sind durch nationale und internationale Zertifikate best\u00e4tigt:<\/h3>\r\n<div class=\"genericwrapper\">\r\n<table id=\"smalltable\" class=\"certy mb2\">\r\n<tbody>\r\n<tr>\r\n<td>\r\n          <a target=\"_blank\" href=\"https:\/\/www.udt.gov.pl\" rel=\"noopener noreferrer\"><img loading=\"lazy\" src=\"https:\/\/www.mostostal.siedlce.pl\/wp-content\/uploads\/logo\/udt.png\" alt=\"Logo UDT\" width=\"128\" height=\"128\" class=\"alignnone size-full \"><\/a><\/td>\r\n<td><a href=\"https:\/\/www.mostostal.siedlce.pl\/wp-content\/uploads\/certificates\/9001de.pdf\">PN-ISO 9001 \u2013 Qualit\u00e4tsmanagementsysteme, PN-ISO 14001 \u2013 Umweltmanagementsysteme, ISO 45001 \u2013 Arbeitsschutzmanagementsysteme<span class=\"icon ia download\"><\/span><\/a><\/td>\r\n<\/tr>\r\n\r\n<tr>\r\n<td>\r\n                                  <a href=\"http:\/\/www.dvs-zert.de\"><img loading=\"lazy\"\r\n                                src=\"https:\/\/www.mostostal.siedlce.pl\/wp-content\/uploads\/2017\/06\/DVS.png\" alt=\"Logo DVS\"\r\n                                width=\"128\" height=\"128\" class=\"alignnone size-full \"><\/a><\/td>\r\n<td><a href=\"https:\/\/www.mostostal.siedlce.pl\/wp-content\/uploads\/certificates\/1090de.pdf\">EG-Konformit\u00e4tsbescheinigung  \u2013 EN 1090-1:2009 + A1:2011<span class=\"icon ia download\"><\/span><\/a><\/td>\r\n<\/tr>\r\n<tr>\r\n<td>\r\n          <a target=\"_blank\" href=\"http:\/\/www.itb.pl\/\" rel=\"noopener noreferrer\"><img loading=\"lazy\" src=\"https:\/\/www.mostostal.siedlce.pl\/wp-content\/uploads\/2017\/06\/itb.png\" alt=\"Logo Instytut Techniki Budowlanej\" width=\"128\" height=\"128\" class=\"alignnone size-full \"><\/a><\/td>\r\n<td><a href=\"https:\/\/www.mostostal.siedlce.pl\/wp-content\/uploads\/certificates\/KOT2028.pdf\">Technische Zulassung des Instituts f\u00fcr Bautechnik<span class=\"icon ia download\"><\/span><\/a><\/td>\r\n<\/tr>\r\n                <tr>\r\n                    <td>\r\n                        <a target=\"_blank\" href=\"https:\/\/www.ewf.be\" rel=\"noopener noreferrer\"><img loading=\"lazy\"\r\n                                src=\"https:\/\/www.mostostal.siedlce.pl\/wp-content\/uploads\/2017\/06\/DVS.png\" alt=\"Logo DVS\" width=\"128\" height=\"128\"\r\n                                class=\"alignnone size-full \"><\/a><\/td>\r\n                    <td><a href=\"https:\/\/www.mostostal.siedlce.pl\/wp-content\/uploads\/certificates\/PN-EN-ISO-3834-2-EN-MS.pdf\">Certificate of meeting the quality requirements in welding sector according to PN-EN ISO 3834-2 (2020-2025)-EN-MS<span\r\n                                class=\"icon ia download\"><\/span><\/a><\/td>\r\n                <\/tr>\r\n<!--<tr>\r\n<td>\r\n              <a target=\"_blank\" href=\"http:\/\/www.pesa.pl\/\" rel=\"noopener noreferrer\"><img loading=\"lazy\" src=\"https:\/\/www.mostostal.siedlce.pl\/wp-content\/uploads\/logo\/pesa.png\" alt=\"Lieferantenqualifikationszertifikat Pesa Bydgoszcz SA\" width=\"128\" height=\"128\" class=\"alignnone size-full \"><\/a><\/td>\r\n<td><a href=\"https:\/\/www.mostostal.siedlce.pl\/wp-content\/uploads\/certificates\/pesa.pdf\">Lieferantenqualifikationszertifikat Pesa Bydgoszcz SA<span class=\"icon ia download\"><\/span><\/a><\/td>\r\n<\/tr>-->\r\n<!--<tr>\r\n<td>\r\n          <a target=\"_blank\" href=\"http:\/\/www.gost-r.info\" rel=\"noopener noreferrer\"><img loading=\"lazy\" src=\"https:\/\/www.mostostal.siedlce.pl\/wp-content\/uploads\/2017\/06\/GOST-R.png\" alt=\"Logo GOST R\" width=\"128\" height=\"128\" class=\"alignnone size-full \"><\/a><\/td>\r\n<td><a href=\"https:\/\/www.mostostal.siedlce.pl\/wp-content\/uploads\/2017\/06\/GOSTR-.pdf\">GOST R \u2013 Konformit\u00e4tszertifikat f\u00fcr hergestellte Stahlkonstruktionen f\u00fcr den Markt der Russischen F\u00f6deration<span class=\"icon ia download\"><\/span><\/a><\/td>\r\n<\/tr> -->\r\n<\/tbody>\r\n<\/table>\r\n<\/div>\r\n<\/div>\r\n<div class=\"textwrapper\">\r\n<h3 class=\"m2\">Qualit\u00e4tskontrolle<\/h3>\r\nDie Abteilung Qualit\u00e4tskontrolle besch\u00e4ftigt hochqualifizierte Kontrolleure  mit nachgewiesenen Qualifikationen f\u00fcr zerst\u00f6rungsfreie Pr\u00fcfung (ZfP) (nach PN-EN 473\/PN-EN ISO 9712) sowie f\u00fcr Korrosionsschutzkontrolle.\r\n\r\nDie Abteilung Qualit\u00e4tskontrolle verf\u00fcgt \u00fcber die erstklassige technische Ausr\u00fcstung, davon:\r\n<ul>\r\n \t<li>Emissionsspektrometer  zur Kontrolle der chemischen Zusammensetzung von Materialien<\/li>\r\n \t<li>Station\u00e4re und mobile H\u00e4rtepr\u00fcfer<\/li>\r\n \t<li>Ausr\u00fcstung f\u00fcr die Erzeugung von Makroproben<\/li>\r\n \t<li>Pr\u00fcfeinrichtung zur Pr\u00fcfung der mechanischen Eigenschaften von Materialien<\/li>\r\n \t<li>Ultraschallfehlerpr\u00fcfer zur Pr\u00fcfung von ultraschallgeschwei\u00dften Schwei\u00dfverbindungen<\/li>\r\n \t<li>Ausr\u00fcstung f\u00fcr die mechanisierte Ultraschallpr\u00fcfung von Blechen auf Schichtspaltung<\/li>\r\n \t<li>Ultraschall-St\u00e4rkepr\u00fcfer<\/li>\r\n \t<li>Ausr\u00fcstung f\u00fcr die  VT-, MT-, und PT-Pr\u00fcfverfahren<\/li>\r\n \t<li>Vermessungsausr\u00fcstung (Nivellierger\u00e4te und Theodoliten)<\/li>\r\n \t<li>Video-Endoskope und Endoskope<\/li>\r\n \t<li>R\u00f6ntgenr\u00f6hre und Ausr\u00fcstung zur Filmverarbeitung und -auswertung<\/li>\r\n \t<li>Messger\u00e4te zur Messung von L\u00e4nge und Winkel (davon Laser)<\/li>\r\n \t<li>Profilometer zur Untersuchung der Oberfl\u00e4chenrauhigkeit<\/li>\r\n \t<li>W\u00e4rmebildkamera<\/li>\r\n<\/ul>\r\nDie Abteilung Qualit\u00e4tskontrolle \u00fcberwacht die Qualit\u00e4t von Prozessen, Produkten und Dienstleistungen, vervollst\u00e4ndigt und archiviert die Qualit\u00e4tsdokumentation und  stellt sie auf Kundenwunsch zur Verf\u00fcgung.\r\n\r\n<\/div>","protected":false},"excerpt":{"rendered":"Unsere Kompetenzen sind durch nationale und internationale Zertifikate best\u00e4tigt: PN-ISO 9001 \u2013 Qualit\u00e4tsmanagementsysteme, PN-ISO 14001 \u2013 Umweltmanagementsysteme, ISO 45001 \u2013 Arbeitsschutzmanagementsysteme EG-Konformit\u00e4tsbescheinigung \u2013 EN 1090-1:2009 + A1:2011 Technische Zulassung des Instituts f\u00fcr Bautechnik Certificate of meeting the quality requirements in welding sector according to PN-EN ISO 3834-2 (2020-2025)-EN-MS Qualit\u00e4tskontrolle Die Abteilung Qualit\u00e4tskontrolle besch\u00e4ftigt hochqualifizierte Kontrolleure [&hellip;]","protected":false},"author":1,"featured_media":0,"parent":27,"menu_order":0,"comment_status":"closed","ping_status":"closed","template":"","meta":[],"_links":{"self":[{"href":"https:\/\/www.mostostal.siedlce.pl\/de\/wp-json\/wp\/v2\/pages\/21"}],"collection":[{"href":"https:\/\/www.mostostal.siedlce.pl\/de\/wp-json\/wp\/v2\/pages"}],"about":[{"href":"https:\/\/www.mostostal.siedlce.pl\/de\/wp-json\/wp\/v2\/types\/page"}],"author":[{"embeddable":true,"href":"https:\/\/www.mostostal.siedlce.pl\/de\/wp-json\/wp\/v2\/users\/1"}],"replies":[{"embeddable":true,"href":"https:\/\/www.mostostal.siedlce.pl\/de\/wp-json\/wp\/v2\/comments?post=21"}],"version-history":[{"count":7,"href":"https:\/\/www.mostostal.siedlce.pl\/de\/wp-json\/wp\/v2\/pages\/21\/revisions"}],"predecessor-version":[{"id":3634,"href":"https:\/\/www.mostostal.siedlce.pl\/de\/wp-json\/wp\/v2\/pages\/21\/revisions\/3634"}],"up":[{"embeddable":true,"href":"https:\/\/www.mostostal.siedlce.pl\/de\/wp-json\/wp\/v2\/pages\/27"}],"wp:attachment":[{"href":"https:\/\/www.mostostal.siedlce.pl\/de\/wp-json\/wp\/v2\/media?parent=21"}],"curies":[{"name":"wp","href":"https:\/\/api.w.org\/{rel}","templated":true}]}}