{"id":211,"date":"2017-06-14T12:38:47","date_gmt":"2017-06-14T12:38:47","guid":{"rendered":"http:\/\/localhost\/mostostal_siedlce\/?page_id=211"},"modified":"2018-01-30T09:54:36","modified_gmt":"2018-01-30T09:54:36","slug":"technische-anforderungen","status":"publish","type":"page","link":"https:\/\/www.mostostal.siedlce.pl\/de\/korrosionsschutz\/fur-den-kunden\/technische-daten\/technische-anforderungen\/","title":{"rendered":"Technische Anforderungen"},"content":{"rendered":"<div class=\"textwrapper\">\r\n<p>\r\nOptimale Ergebnisse der Verzinkung von Stahlkonstruktionen h\u00e4ngen weitgehend von der Weise deren Planung und Ausf\u00fchrung ab. Die Form der zu verzinkenden Werkst\u00fccke soll so gew\u00e4hlt werden, damit jede zu verzinkende Fl\u00e4che im Zinkschmelzbad behandelt werden kann.\r\n<\/p>\r\n\r\n<strong>Bei der Planung ist auch zu ber\u00fccksichtigen:<\/strong>\r\n<ul>\r\n\r\n\t<li>Abmessungen des Verzinkungskessels,<\/li>\r\n\r\n\t<li>Alle thermischen Folgen,<\/li>\r\n\r\n\t<li>Individuelle Eigenschaften des zu bearbeitenden Werkst\u00fccks,<\/li>\r\n\r\n\t<li>Vorausgesehene Montageweise f\u00fcr die verzinkte Konstruktion,<\/li>\r\n\r\n\t<li>Oberfl\u00e4chenbeschaffenheit von Stahlteilen vor der Verzinkung.<\/li>\r\n\r\n<\/ul>\r\n\r\n\r\n\r\n<p>\r\nDie Regelungen f\u00fcr die Gestaltung von Konstruktionen richten sich nach PN- EN ISO 14713\r\n<\/p>\r\n<p><strong>Die zu verzinkenden Strukturen m\u00fcssen folgende Bedingungen erf\u00fcllen:<\/strong>\r\n<\/p>\r\n<ul>\r\n\r\n\r\n<li>Die Schwei\u00dfn\u00e4hte werden halbautomatisch schutzgasgeschwei\u00dft. Es wird nicht empfohlen mit umh\u00fcllten Elektroden zu schwei\u00dfen,  da der Zink\u00fcberzug an den  Schwei\u00dfn\u00e4hten eine schlechte Qualit\u00e4t aufweist.  \r\n<\/li>\r\n<li>Die Oberfl\u00e4chenstruktur soll frei von L\u00e4ppen, Zundern, Schwei\u00dfspritzern, scharfen Kanten, Verschmutzungen durch Lacke, \u00d6le, Emulsionen und andere Substanzen, die bei Kennzeichnung, Schwei\u00dfen, Bohren usw. verwendet werden, sein.  Bei Elektrodenschwei\u00dfen ist die Umh\u00fcllung zu entfernen, um die \u00dcberzugm\u00e4ngel zu minimieren. Nach dem Verzinken werden  die Qualit\u00e4tsm\u00e4ngel der Stahloberfl\u00e4che z.B. L\u00e4ppen, Risslinien, Poren, Schwei\u00dfspritzer, defekte Schwei\u00dfn\u00e4hte deutlich.\r\n<\/li>\r\n<li>Die Bauteile sollen technologische L\u00f6cher zur Entl\u00fcftung, Sicherung von einem  freien Zinkdurchfluss im Au\u00dfen- und Innenbereich sowie zum  Aufh\u00e4ngen (z.B. Blechb\u00fcgeln mit L\u00f6chern) haben. \r\n<\/li>\r\n<li>Geschlossene Kastenprofile und \u00fcberlappende Oberfl\u00e4chen von mehr als  400 cm2 sind zu vermeiden.  Bei dem \u00dcberlappenschwei\u00dfen, soll die Naht an allen Seiten dicht sein (Rundschwei\u00dfen). Die Auflagen haben an die Struktur dicht anliegen. Kastenprofile und \u00fcberlappende Oberfl\u00e4chen k\u00f6nnen die Struktur besch\u00e4digen  \u2013 Schwei\u00dfrisse. . \r\n<\/li>\r\n<li>Jedes Bauteil soll aus einer einzigen Stahlsorte bestehen. \r\n<\/li>\r\n<li>Strukturen d\u00fcrfen keine kleinen L\u00fccken oder Hohlr\u00e4ume aufweisen.  Schwei\u00dfn\u00e4hte sollen dicht  und um das Werkst\u00fcck geschlossen sein, sonst k\u00f6nnen nach dem Verzinken Flussmittel- und S\u00e4urer\u00fcckst\u00e4nde austreten \r\n<\/li>\r\n<li>Die Bearbeitungszugabe f\u00fcr  Schraubenl\u00f6cher sind 1 \u2013 2 mm.\r\n<\/li>\r\n<li>Die thermische Einwirkung des Zinkschmelzbades l\u00f6st Eigenspannungen in den bearbeiteten Teilen aus, wodurch Verformungen entstehen k\u00f6nnen. Dies wird insbesondere bei den  geschwei\u00dften Teilen deutlich. Dies gilt auch f\u00fcr geschwei\u00dfte I-Tr\u00e4ger, bei denen die Verformungen nach dem Verzinken die zul\u00e4ssigen Normen \u00fcbersteigen k\u00f6nnen sowie f\u00fcr versteifte Blechb\u00f6gen und offene gebogene Profilteile.\r\n<\/li>\r\n\r\n<\/ul>\r\n\r\n\r\n\r\n<p>\r\nIn Zweifells-  in Ausnahmef\u00e4llen wenden Sie sich bitte f\u00fcr eine Beratung wegen der technischen Dokumentation an unseren Technologen. \r\n<\/p>\r\n<\/div>","protected":false},"excerpt":{"rendered":"Optimale Ergebnisse der Verzinkung von Stahlkonstruktionen h\u00e4ngen weitgehend von der Weise deren Planung und Ausf\u00fchrung ab. Die Form der zu verzinkenden Werkst\u00fccke soll so gew\u00e4hlt werden, damit jede zu verzinkende Fl\u00e4che im Zinkschmelzbad behandelt werden kann. Bei der Planung ist auch zu ber\u00fccksichtigen: Abmessungen des Verzinkungskessels, Alle thermischen Folgen, Individuelle Eigenschaften des zu bearbeitenden Werkst\u00fccks, [&hellip;]","protected":false},"author":1,"featured_media":0,"parent":66,"menu_order":0,"comment_status":"closed","ping_status":"closed","template":"","meta":[],"_links":{"self":[{"href":"https:\/\/www.mostostal.siedlce.pl\/de\/wp-json\/wp\/v2\/pages\/211"}],"collection":[{"href":"https:\/\/www.mostostal.siedlce.pl\/de\/wp-json\/wp\/v2\/pages"}],"about":[{"href":"https:\/\/www.mostostal.siedlce.pl\/de\/wp-json\/wp\/v2\/types\/page"}],"author":[{"embeddable":true,"href":"https:\/\/www.mostostal.siedlce.pl\/de\/wp-json\/wp\/v2\/users\/1"}],"replies":[{"embeddable":true,"href":"https:\/\/www.mostostal.siedlce.pl\/de\/wp-json\/wp\/v2\/comments?post=211"}],"version-history":[{"count":3,"href":"https:\/\/www.mostostal.siedlce.pl\/de\/wp-json\/wp\/v2\/pages\/211\/revisions"}],"predecessor-version":[{"id":3264,"href":"https:\/\/www.mostostal.siedlce.pl\/de\/wp-json\/wp\/v2\/pages\/211\/revisions\/3264"}],"up":[{"embeddable":true,"href":"https:\/\/www.mostostal.siedlce.pl\/de\/wp-json\/wp\/v2\/pages\/66"}],"wp:attachment":[{"href":"https:\/\/www.mostostal.siedlce.pl\/de\/wp-json\/wp\/v2\/media?parent=211"}],"curies":[{"name":"wp","href":"https:\/\/api.w.org\/{rel}","templated":true}]}}