{"id":213,"date":"2017-06-14T12:39:12","date_gmt":"2017-06-14T12:39:12","guid":{"rendered":"http:\/\/localhost\/mostostal_siedlce\/?page_id=213"},"modified":"2018-02-02T09:10:59","modified_gmt":"2018-02-02T09:10:59","slug":"stahle-zum-verzinken","status":"publish","type":"page","link":"https:\/\/www.mostostal.siedlce.pl\/de\/korrosionsschutz\/fur-den-kunden\/technische-daten\/stahle-zum-verzinken\/","title":{"rendered":"St\u00e4hle zum Verzinken"},"content":{"rendered":"<div class=\"textwrapper\">\r\n<h3>F\u00fcr welche Stahlsorten eignet sich Feuerverzinken?<\/h3>\r\n\r\n<p>\r\nDas Feuerverzinken eignet sich f\u00fcr Kohlenstoffstahl (z.B. PN-EN 10025-2), Betonstahl z.B.. PN-EN 10080), niedriglegierten hochfesten Baustahl (z.B. PN-EN 10025-6), niedriglegierten Baustahl (z.B. PN-EN 10083-1), warm- und kaltgewalzten Stahl (z.B. PN-EN 10210-1, PN-EN 10219-1), mit einem Siliziumgehalt < 0,03% Si (beim Gesamtgehalt an Silizium und Phosphor von nicht mehr als 0,04%) oder der Siliziumgehalt liegt im Bereich von 0,14% bis 0,25% Si. Die Qualit\u00e4t der erhaltenen Zink\u00fcberz\u00fcge (Glanz, Gl\u00e4tte, Dicke und Haftf\u00e4higkeit usw. ) ist unterschiedlich und sie h\u00e4ngt von der chemischen Zusammensetzung, insbesondere vom Gehalt an Kohlenstoff (C), Phosphor (P) und Silizium (P) ab. \r\n\r\n<\/p>\r\n\r\n<p>\r\nDer Gehalt an Kohlenstoff und Silizium im Stahl soll insgesamt 0,5% nicht \u00fcberschreiten. Es kommt vor, dass in den siliziumhaltigen Stahlsorten die Zink-Eisen-Reaktion besonders intensiv verl\u00e4uft und dass der Anteil der Eisen\/Zink-Legierung an der Beschichtung h\u00f6her ist als normal. In extremen F\u00e4llen kann die Zinkbeschichtung vollst\u00e4ndig aus Eisen\/Zink-Legierung bestehen. Diese Erscheinung (das sog. Sandelin-Effekt) wird immer wieder bei St\u00e4hlen mit einem Siliziumgehalt von etwa 0,03% bis 0,14% sowie bei Gehalten \u00fcber 0,25% beobachtet. Der Zink\u00fcberzug ist meistens rau, uneben, zerbrechlich &#8211; empfindlich gegen Verformung und mechanische Sch\u00e4digung. Die Eigenschaften einer Zinkbeschichtung in Bezug auf die chemische Zusammensetzung des Stahls sind in der Norm PN-EN ISO 14713-2 spezifiziert. Die nachfolgende Tabelle zeigt das Aussehen eines Zink\u00fcberzugs bei verschiedenen St\u00e4hlen. \r\n<\/p>\r\n\r\n\r\n<\/div>\r\n\r\n<div class=\"textwrapper ttextwrapper\">\r\n\r\n<table class=\"mstripes shad-2 is100p\">\r\n<thead>\r\n<tr>\r\n<th>Stahlgruppen<\/th>\r\n<th>Siliziumgehalt [%]<\/th>\r\n<th colspan=\"2\">Aussehen der feuerverzinkten Oberfl\u00e4che<\/th>\r\n<\/tr>\r\n<\/thead>\r\n<tbody>\r\n<tr>\r\n<td>Siliziumarm <\/td>\r\n<td>bis 0,03<\/td>\r\n<td><img loading=\"lazy\" src=\"https:\/\/www.mostostal.siedlce.pl\/wp-content\/uploads\/2017\/06\/1-150x75.jpg\" alt=\"Stale niskokrzemowe\" width=\"150\" height=\"75\" class=\"alignnone size-thumbnail wp-image-558\" \/><\/td>\r\n<td>silbrig, gl\u00e4nzend<\/td>\r\n<\/tr>\r\n<tr>\r\n<td>Sandelin-St\u00e4hle<\/td>\r\n<td>von 0,03 bis 0,14<\/td>\r\n<td><img loading=\"lazy\" src=\"https:\/\/www.mostostal.siedlce.pl\/wp-content\/uploads\/2017\/06\/2-150x75.jpg\" alt=\"Stale Sandelinowskie\" width=\"150\" height=\"75\" class=\"alignnone size-thumbnail wp-image-557\" \/><\/td>\r\n<td>grau, matt, rau, br\u00fcchig<\/td><\/tr>\r\n<tr>\r\n<td>Sebisty<\/td>\r\n<td>von 0,14 bis 0,25<\/td>\r\n<td><img loading=\"lazy\" src=\"https:\/\/www.mostostal.siedlce.pl\/wp-content\/uploads\/2017\/06\/3-150x75.jpg\" alt=\"Stale Sebiste\" width=\"150\" height=\"75\" class=\"alignnone size-thumbnail wp-image-560\" \/><\/td>\r\n<td>silbriger Glanz bis matt-grau<\/td><\/tr>\r\n<tr>\r\n<td>Siliziumreich<\/td>\r\n<td>\u00fcber 0,25<\/td>\r\n<td><img loading=\"lazy\" src=\"https:\/\/www.mostostal.siedlce.pl\/wp-content\/uploads\/2017\/06\/4-150x75.jpg\" alt=\"Stale Wysokokrzemowe\" width=\"150\" height=\"75\" class=\"alignnone size-thumbnail wp-image-559\" \/><\/td>\r\n<td>matt, grau, br\u00fcchig<\/td><\/tr>\r\n<\/tbody>\r\n<\/table> \r\n<\/div>\r\n\r\n","protected":false},"excerpt":{"rendered":"F\u00fcr welche Stahlsorten eignet sich Feuerverzinken? Das Feuerverzinken eignet sich f\u00fcr Kohlenstoffstahl (z.B. PN-EN 10025-2), Betonstahl z.B.. PN-EN 10080), niedriglegierten hochfesten Baustahl (z.B. PN-EN 10025-6), niedriglegierten Baustahl (z.B. PN-EN 10083-1), warm- und kaltgewalzten Stahl (z.B. PN-EN 10210-1, PN-EN 10219-1), mit einem Siliziumgehalt < 0,03% Si (beim Gesamtgehalt an Silizium und Phosphor von nicht mehr als [&hellip;]","protected":false},"author":1,"featured_media":0,"parent":66,"menu_order":0,"comment_status":"closed","ping_status":"closed","template":"","meta":[],"_links":{"self":[{"href":"https:\/\/www.mostostal.siedlce.pl\/de\/wp-json\/wp\/v2\/pages\/213"}],"collection":[{"href":"https:\/\/www.mostostal.siedlce.pl\/de\/wp-json\/wp\/v2\/pages"}],"about":[{"href":"https:\/\/www.mostostal.siedlce.pl\/de\/wp-json\/wp\/v2\/types\/page"}],"author":[{"embeddable":true,"href":"https:\/\/www.mostostal.siedlce.pl\/de\/wp-json\/wp\/v2\/users\/1"}],"replies":[{"embeddable":true,"href":"https:\/\/www.mostostal.siedlce.pl\/de\/wp-json\/wp\/v2\/comments?post=213"}],"version-history":[{"count":5,"href":"https:\/\/www.mostostal.siedlce.pl\/de\/wp-json\/wp\/v2\/pages\/213\/revisions"}],"predecessor-version":[{"id":3283,"href":"https:\/\/www.mostostal.siedlce.pl\/de\/wp-json\/wp\/v2\/pages\/213\/revisions\/3283"}],"up":[{"embeddable":true,"href":"https:\/\/www.mostostal.siedlce.pl\/de\/wp-json\/wp\/v2\/pages\/66"}],"wp:attachment":[{"href":"https:\/\/www.mostostal.siedlce.pl\/de\/wp-json\/wp\/v2\/media?parent=213"}],"curies":[{"name":"wp","href":"https:\/\/api.w.org\/{rel}","templated":true}]}}