{"id":215,"date":"2017-06-14T12:39:51","date_gmt":"2017-06-14T12:39:51","guid":{"rendered":"http:\/\/localhost\/mostostal_siedlce\/?page_id=215"},"modified":"2018-01-25T06:43:52","modified_gmt":"2018-01-25T06:43:52","slug":"mechanische-reinigung","status":"publish","type":"page","link":"https:\/\/www.mostostal.siedlce.pl\/de\/korrosionsschutz\/fur-den-kunden\/technische-daten\/mechanische-reinigung\/","title":{"rendered":"Mechanische Reinigung"},"content":{"rendered":"<div class=\"textwrapper\">\r\n<p>\r\nEin Strahlverfahren  die beste Methode zur mechanischen Oberfl\u00e4chenvorbereitung. Dadurch wird der h\u00f6chste Reinigungsgrad der Oberfl\u00e4che, d.h.  Sa 3 nach  PN-ISO 8501-1: 1996, erreicht, bevor Schutz\u00fcberz\u00fcge aufgetragen werden.\r\n\r\n<\/p>\r\n\r\n<p>\r\nDie richtige Vorbereitung der Stahloberfl\u00e4che hat einen gravierenden Einfluss auf die Qualit\u00e4t und Haltbarkeit der Schutzschicht, somit auf den Korrosionsschutz der Struktur.  Ein wichtiger Vorteil des Strahlverfahrens ist die M\u00f6glichkeit, ein gew\u00fcnschtes Rauhigkeitsprofil zu gestalten.  Diese  Behandlung ist sehr leistungsf\u00e4hig.\r\n\r\n<\/p>\r\n\r\n<p>\r\nBei dem Strahlverfahren  unterscheidet man zwei Verfahren:  Drehschleif- und Putzstrahlbehandlung.  Bei der Drehschleifbehandlung werden die Schleifk\u00f6rner mit einem Laufrad mit gro\u00dfer Kraft gegen die zu bearbeitende  Oberfl\u00e4che geschleudert. Bei der Putzstrahlbehandlung wird das Schleifmittel mittels Druckluft aus einer D\u00fcse geschleudert.   Die meist verwendeten Schleifmittel sind: Schrott aus geh\u00e4rtetem Gusseisen, Drahtkorn, Stahlschrott , Stahlkies, Quarzsand, Elektrokorund, Kupferschlacke.\r\n\r\n<\/p>\r\n\r\n<p>\r\nSchleifmittel aus Metall werden nur in den Putzmaschinen mit einem geschlossenen Kreislauf verwendet. Mineralschleifmittel werden wegen ihrer geringen Best\u00e4ndigkeit  nur bei einem offenen Kreislauf eingesetzt und nach der Verwendung werden sie aus der Maschine entfernt.\r\n\r\n<\/p>\r\n\r\n<p>\r\nDie Drehschleifbearbeitung ist derzeit die effizienteste Methode zur mechanischen Oberfl\u00e4chenreinigung. Der Hauptvorteil der Putzstrahlbehandlung liegt darin, dass der  Schleifstrom  auf eine beliebig im Raum gelegene Oberfl\u00e4che zu gelenkt werden kann.\r\n<\/p>\r\n\r\n<p>\r\nDie obige Tabelle zeigt die Gr\u00f6\u00dfe und Anzahl der L\u00f6cher, die  auf den beiden Enden des Profils je nach seiner Querschnittsabmessung erforderlich sind.  Es handelt sich um Profile von nicht mehr als 2,8 m. Bei l\u00e4ngeren Profilen sind gr\u00f6\u00dfere L\u00f6cher oder mehr L\u00f6cher  vorzusehen, so  dass die Oberfl\u00e4che  der L\u00f6cher f\u00fcr den Zinkeinfluss 30% der Oberfl\u00e4che des Profil-Querschnitts  ausmacht.\r\n<\/div>","protected":false},"excerpt":{"rendered":"Ein Strahlverfahren die beste Methode zur mechanischen Oberfl\u00e4chenvorbereitung. Dadurch wird der h\u00f6chste Reinigungsgrad der Oberfl\u00e4che, d.h. Sa 3 nach PN-ISO 8501-1: 1996, erreicht, bevor Schutz\u00fcberz\u00fcge aufgetragen werden. Die richtige Vorbereitung der Stahloberfl\u00e4che hat einen gravierenden Einfluss auf die Qualit\u00e4t und Haltbarkeit der Schutzschicht, somit auf den Korrosionsschutz der Struktur. Ein wichtiger Vorteil des Strahlverfahrens ist [&hellip;]","protected":false},"author":1,"featured_media":0,"parent":66,"menu_order":0,"comment_status":"closed","ping_status":"closed","template":"","meta":[],"_links":{"self":[{"href":"https:\/\/www.mostostal.siedlce.pl\/de\/wp-json\/wp\/v2\/pages\/215"}],"collection":[{"href":"https:\/\/www.mostostal.siedlce.pl\/de\/wp-json\/wp\/v2\/pages"}],"about":[{"href":"https:\/\/www.mostostal.siedlce.pl\/de\/wp-json\/wp\/v2\/types\/page"}],"author":[{"embeddable":true,"href":"https:\/\/www.mostostal.siedlce.pl\/de\/wp-json\/wp\/v2\/users\/1"}],"replies":[{"embeddable":true,"href":"https:\/\/www.mostostal.siedlce.pl\/de\/wp-json\/wp\/v2\/comments?post=215"}],"version-history":[{"count":2,"href":"https:\/\/www.mostostal.siedlce.pl\/de\/wp-json\/wp\/v2\/pages\/215\/revisions"}],"predecessor-version":[{"id":3170,"href":"https:\/\/www.mostostal.siedlce.pl\/de\/wp-json\/wp\/v2\/pages\/215\/revisions\/3170"}],"up":[{"embeddable":true,"href":"https:\/\/www.mostostal.siedlce.pl\/de\/wp-json\/wp\/v2\/pages\/66"}],"wp:attachment":[{"href":"https:\/\/www.mostostal.siedlce.pl\/de\/wp-json\/wp\/v2\/media?parent=215"}],"curies":[{"name":"wp","href":"https:\/\/api.w.org\/{rel}","templated":true}]}}