{"id":226,"date":"2017-06-14T12:42:18","date_gmt":"2017-06-14T12:42:18","guid":{"rendered":"http:\/\/localhost\/mostostal_siedlce\/?page_id=226"},"modified":"2020-03-30T06:39:41","modified_gmt":"2020-03-30T06:39:41","slug":"lochweite","status":"publish","type":"page","link":"https:\/\/www.mostostal.siedlce.pl\/de\/korrosionsschutz\/fur-den-kunden\/technische-daten\/lochweite\/","title":{"rendered":"LOCHWEITE"},"content":{"rendered":"<div class=\"textwrapper ttextwrapper\">\r\n<table class=\"tablehack mstripes shad-2\">\r\n  <caption class=\"\">Durchmesser der technologischen L\u00f6cher je nach Form und Querschnitt des Profils.<\/caption>\r\n  <thead>\r\n    <tr>\r\n      <th colspan=\"3\">\r\n        Innenma\u00dfe  eines geschlossenen Profils  &#8211; weniger als (mm)\r\n      <\/th>\r\n      <th colspan=\"3\">\r\n        Mindestdurchmesser der L\u00f6cher (mm) an entgegengesetzten Profilenden bei  Anzahl der L\u00f6cher:\r\n      <\/th>\r\n    <\/tr>\r\n    <tr>\r\n      <th>\r\n        <img loading=\"lazy\" src=\"https:\/\/www.mostostal.siedlce.pl\/wp-content\/uploads\/2017\/06\/shapes-01.png\" alt=\"\" width=\"48\" height=\"48\" class=\"alignnone size-full wp-image-545\" \/>\r\n      <\/th>\r\n      <th>\r\n        <img loading=\"lazy\" src=\"https:\/\/www.mostostal.siedlce.pl\/wp-content\/uploads\/2017\/06\/shapes-02.png\" alt=\"\" width=\"48\" height=\"48\" class=\"alignnone size-full wp-image-546\" \/>\r\n      <\/th>\r\n      <th><img loading=\"lazy\" src=\"https:\/\/www.mostostal.siedlce.pl\/wp-content\/uploads\/2017\/06\/shapes-03.png\" alt=\"\" width=\"48\" height=\"48\" class=\"alignnone size-full wp-image-547\" \/>\r\n      <\/th>\r\n      <th>1<\/th>\r\n      <th>2<\/th>\r\n      <th>4<\/th>\r\n    <\/tr>\r\n  <\/thead>\r\n  <tbody>\r\n            <tr>\r\n                <td>15<\/td>\r\n                <td>15<\/td>\r\n                <td>20&#215;10<\/td>\r\n                <td>8<\/td>\r\n                <td>&#8211;<\/td>\r\n                <td>&#8211;<\/td>\r\n            <\/tr>\r\n            <tr>\r\n                <td>20<\/td>\r\n                <td>20<\/td>\r\n                <td>30&#215;15<\/td>\r\n                <td>10<\/td>\r\n                <td>&#8211;<\/td>\r\n                <td>&#8211;<\/td>\r\n            <\/tr>\r\n            <tr>\r\n                <td>30<\/td>\r\n                <td>30<\/td>\r\n                <td>40&#215;20<\/td>\r\n                <td>12<\/td>\r\n                <td>10<\/td>\r\n                <td>&#8211;<\/td>\r\n            <\/tr>\r\n            <tr>\r\n                <td>40<\/td>\r\n                <td>40<\/td>\r\n                <td>50&#215;30<\/td>\r\n                <td>14<\/td>\r\n                <td>12<\/td>\r\n                <td>&#8211;<\/td>\r\n            <\/tr>\r\n            <tr>\r\n                <td>50<\/td>\r\n                <td>50<\/td>\r\n                <td>60&#215;40<\/td>\r\n                <td>16<\/td>\r\n                <td>12<\/td>\r\n                <td>10<\/td>\r\n            <\/tr>\r\n            <tr>\r\n                <td>60<\/td>\r\n                <td>60<\/td>\r\n                <td>80&#215;40<\/td>\r\n                <td>20<\/td>\r\n                <td>12<\/td>\r\n                <td>10<\/td>\r\n            <\/tr>\r\n            <tr>\r\n                <td>80<\/td>\r\n                <td>80<\/td>\r\n                <td>100&#215;60<\/td>\r\n                <td>25<\/td>\r\n                <td>16<\/td>\r\n                <td>12<\/td>\r\n            <\/tr>\r\n            <tr>\r\n                <td>100<\/td>\r\n                <td>100<\/td>\r\n                <td>120&#215;80<\/td>\r\n                <td>30<\/td>\r\n                <td>25<\/td>\r\n                <td>14<\/td>\r\n            <\/tr>\r\n            <tr>\r\n                <td>120<\/td>\r\n                <td>120<\/td>\r\n                <td>160&#215;80<\/td>\r\n                <td>40<\/td>\r\n                <td>30<\/td>\r\n                <td>18<\/td>\r\n            <\/tr>\r\n            <tr>\r\n                <td>160<\/td>\r\n                <td>160<\/td>\r\n                <td>200&#215;120<\/td>\r\n                <td>60<\/td>\r\n                <td>40<\/td>\r\n                <td>25<\/td>\r\n            <\/tr>\r\n            <tr>\r\n                <td>200<\/td>\r\n                <td>200<\/td>\r\n                <td>260&#215;140<\/td>\r\n                <td>80<\/td>\r\n                <td>50<\/td>\r\n                <td>30<\/td>\r\n            <\/tr>\r\n            <tr>\r\n                <td>250<\/td>\r\n                <td>250<\/td>\r\n                <td>350&#215;150<\/td>\r\n                <td>120<\/td>\r\n                <td>80<\/td>\r\n                <td>50<\/td>\r\n            <\/tr>\r\n            <tr>\r\n                <td>300<\/td>\r\n                <td>300<\/td>\r\n                <td>400&#215;200<\/td>\r\n                <td>150<\/td>\r\n                <td>100<\/td>\r\n                <td>60<\/td>\r\n            <\/tr>\r\n            <tr>\r\n                <td>400<\/td>\r\n                <td>400<\/td>\r\n                <td>500&#215;300<\/td>\r\n                <td>200<\/td>\r\n                <td>150<\/td>\r\n                <td>100<\/td>\r\n            <\/tr>\r\n            <tr>\r\n                <td>500<\/td>\r\n                <td>500<\/td>\r\n                <td>600&#215;400<\/td>\r\n                <td>300<\/td>\r\n                <td>200<\/td>\r\n                <td>150<\/td>\r\n            <\/tr>\r\n\r\n        <\/tbody>\r\n<\/table>\r\n<\/div>\r\n\r\n<div class=\"textwrapper\">\r\n\r\n\r\n<p>\r\nDie obige Tabelle zeigt die Gr\u00f6\u00dfe und Anzahl der L\u00f6cher, die  auf den beiden Enden des Profils je nach seiner Querschnittsabmessung erforderlich sind.  Es handelt sich um Profile von nicht mehr als 2,8 m. Bei l\u00e4ngeren Profilen sind gr\u00f6\u00dfere L\u00f6cher oder mehr L\u00f6cher  vorzusehen, so  dass die Oberfl\u00e4che  der L\u00f6cher f\u00fcr den Zinkeinfluss 30% der Oberfl\u00e4che des Profil-Querschnitts  ausmacht.\r\n<\/p>\r\n<\/div>","protected":false},"excerpt":{"rendered":"Durchmesser der technologischen L\u00f6cher je nach Form und Querschnitt des Profils. Innenma\u00dfe eines geschlossenen Profils &#8211; weniger als (mm) Mindestdurchmesser der L\u00f6cher (mm) an entgegengesetzten Profilenden bei Anzahl der L\u00f6cher: 1 2 4 15 15 20&#215;10 8 &#8211; &#8211; 20 20 30&#215;15 10 &#8211; &#8211; 30 30 40&#215;20 12 10 &#8211; 40 40 50&#215;30 14 [&hellip;]","protected":false},"author":1,"featured_media":0,"parent":66,"menu_order":0,"comment_status":"closed","ping_status":"closed","template":"","meta":[],"_links":{"self":[{"href":"https:\/\/www.mostostal.siedlce.pl\/de\/wp-json\/wp\/v2\/pages\/226"}],"collection":[{"href":"https:\/\/www.mostostal.siedlce.pl\/de\/wp-json\/wp\/v2\/pages"}],"about":[{"href":"https:\/\/www.mostostal.siedlce.pl\/de\/wp-json\/wp\/v2\/types\/page"}],"author":[{"embeddable":true,"href":"https:\/\/www.mostostal.siedlce.pl\/de\/wp-json\/wp\/v2\/users\/1"}],"replies":[{"embeddable":true,"href":"https:\/\/www.mostostal.siedlce.pl\/de\/wp-json\/wp\/v2\/comments?post=226"}],"version-history":[{"count":4,"href":"https:\/\/www.mostostal.siedlce.pl\/de\/wp-json\/wp\/v2\/pages\/226\/revisions"}],"predecessor-version":[{"id":3512,"href":"https:\/\/www.mostostal.siedlce.pl\/de\/wp-json\/wp\/v2\/pages\/226\/revisions\/3512"}],"up":[{"embeddable":true,"href":"https:\/\/www.mostostal.siedlce.pl\/de\/wp-json\/wp\/v2\/pages\/66"}],"wp:attachment":[{"href":"https:\/\/www.mostostal.siedlce.pl\/de\/wp-json\/wp\/v2\/media?parent=226"}],"curies":[{"name":"wp","href":"https:\/\/api.w.org\/{rel}","templated":true}]}}