{"id":242,"date":"2017-06-16T06:20:40","date_gmt":"2017-06-16T06:20:40","guid":{"rendered":"http:\/\/localhost\/mostostal_siedlce\/?page_id=242"},"modified":"2018-02-16T05:56:56","modified_gmt":"2018-02-16T05:56:56","slug":"zaune","status":"publish","type":"page","link":"https:\/\/www.mostostal.siedlce.pl\/de\/gitterroste\/angebot\/zaune\/","title":{"rendered":"Z\u00e4une"},"content":{"rendered":"<div class=\"textwrapper\">\r\n<p>\r\nF\u00fcr die Einz\u00e4unung eines Grundst\u00fcckes, Industrie- oder Dienstleistungsbetriebes brauchen Sie ein Produkt, das eine langj\u00e4hrige Haltbarkeit, \u00c4sthetik und Funktionalit\u00e4t sowie geringe Instandhaltungskosten garantieren w\u00fcrde. Zur Erf\u00fcllung dieser Erwartungen bieten wir Ihnen die ansprechenden, dauerhaft korrosionsgesch\u00fctzten Gitterz\u00e4une im MOSTOSTAL-System zur Absicherung folgender Objekte an:<\/p>\r\n<div class=\"ulwrapper\">\r\n<img loading=\"lazy\" width=\"245\" height=\"340\" src=\"https:\/\/www.mostostal.siedlce.pl\/wp-content\/uploads\/2017\/06\/ogrodzenie3.jpg\" alt=\"\" class=\"alignnone ftr mresponsive wp-image-1122\" srcset=\"https:\/\/www.mostostal.siedlce.pl\/de\/wp-content\/uploads\/2017\/06\/ogrodzenie3.jpg 245w, https:\/\/www.mostostal.siedlce.pl\/de\/wp-content\/uploads\/2017\/06\/ogrodzenie3-216x300.jpg 216w\" sizes=\"(max-width: 245px) 100vw, 245px\" \/>\r\n<ul class=\"inul\">\r\n<li>Wohnsiedlungen<\/li>\r\n<li>Privatgrundst\u00fccke<\/li>\r\n<li>Kommunale Gel\u00e4nde<\/li>\r\n<li>Unternehmen<\/li>\r\n<li>Schulen, Kindergarten, Spielpl\u00e4tze<\/li>\r\n<li>Sportanlagen<\/li>\r\n<li>Mobilfunkmasten<\/li>\r\n<li>Erholungsfl\u00e4chen und Gr\u00fcnanlagen<\/li>\r\n<li>Balkone<\/li>\r\n<li>Boxen f\u00fcr Tiere<\/li>\r\n<li>Parkpl\u00e4tze und Tankstellen<\/li>\r\n<li>Stra\u00dfenbahn- und Bushaltestellen<\/li>\r\n<li>Stra\u00dfen und Superm\u00e4rkte<\/li>\r\n<\/ul>\r\n<\/div>\r\n<p>\r\nDas Grundelement des Systems sind Zaunfelder aus leichten Gitterrosten mit der passenden Maschenweite f\u00fcr die gute Sichtbarkeit und einwandfreie Optik der Umz\u00e4unung. Die Zaunfelder werden durch Feuerverzinkung nach DIN 50976 oder Pulverlackierung  mit einer der vielen attraktiven Farben gegen Witterung gesch\u00fctzt. F\u00fcr die Montage der Zaunfelder bieten wie eine breite Palette an Pfosten und St\u00fctzen an. Dank der Modulfertigung kommt man mit der Montage der Umz\u00e4unung schnell und problemlos zurecht.  Die Zaunfelder k\u00f6nnen an die Pfosten mit Standardschrauben f\u00fcr ein schnelles Entfernen des Zauns oder mit speziellen Abrei\u00dfschrauben zur festen Verbindung der einzelnen Teile befestigt werden. Die Arten der Befestigung wurden nachstehend dargestellt:  \r\n<\/p>\r\n \r\n<div class=\"picwrapper\">\r\n\r\n<img loading=\"lazy\" width=\"214\" height=\"231\" src=\"https:\/\/www.mostostal.siedlce.pl\/wp-content\/uploads\/2017\/06\/ogrodzenia3.jpg\" alt=\"\" class=\"pic25alt wp-image-1120\" \/>\r\n\r\n<img loading=\"lazy\" width=\"214\" height=\"231\" src=\"https:\/\/www.mostostal.siedlce.pl\/wp-content\/uploads\/2017\/06\/ogrodzenia2.jpg\" alt=\"\" class=\"pic25alt wp-image-1121\" \/>\r\n<\/div>\r\n<div class=\"picwrapper\">\r\n\r\n<img loading=\"lazy\" width=\"198\" height=\"201\" src=\"https:\/\/www.mostostal.siedlce.pl\/wp-content\/uploads\/2017\/06\/ogrodzenie4.gif\" alt=\"\" class=\"pic25alt wp-image-1119\" \/>\r\n\r\n<img loading=\"lazy\" width=\"70\" height=\"84\" src=\"https:\/\/www.mostostal.siedlce.pl\/wp-content\/uploads\/2017\/06\/zrywalna.jpg\" alt=\"\" class=\"pic25alt wp-image-1124\" \/>\r\n\r\n<img loading=\"lazy\" width=\"141\" height=\"139\" src=\"https:\/\/www.mostostal.siedlce.pl\/wp-content\/uploads\/2017\/06\/ogrodzenia_mocowanie1.jpg\" alt=\"\" class=\"pic25alt wp-image-1125\" \/>\r\n\r\n<\/div>\r\n\r\n<p>\r\nAls Zusatzprodukte bieten wir auch Pforten, Fl\u00fcgel- und Schiebetore sowie  kundenspezifische Typen von Zaunfelder, Pfosten und Toren mit diversen Abmessungen und Maschenweiten.  \r\n<\/p>\r\n<p>\r\nDie nachstehenden Tabelle und Zeichnung enthalten die Detailangaben zu den  standardm\u00e4\u00dfigen Zaunfeldern im Mostostal-System. \r\n<\/p>\r\n\r\n<\/div>\r\n<div class=\"textwrapper ttextwrapper\">\r\n\r\n\r\n<table class=\"mstripes shad-2 is100p\">\r\n<caption class=\"\">Standard-Zaunfeld 68\u00d7127\/25\u00d72 verzinkt,  Ausf\u00fchrung mit Flachstahl 25\u00d75<\/caption>\r\n<thead>\r\n  <tr>\r\n    <th>Pos.<\/th>\r\n    <th>H\u00f6he \u2013 H (mm)<\/th>\r\n    <th>Breite in der Achse der Pfosten \u2013 L (mm)<\/th>\r\n    <th>Gewicht (Kg\/Stk.)<\/th>\r\n    <th>Pfosten (mm)<\/th>\r\n    <th>Gewicht (Kg\/Stk.)<\/th>\r\n  <\/tr>\r\n<\/thead>\r\n<tbody>\r\n  <tr>\r\n    <td>1<\/td>\r\n    <td>1000<\/td>\r\n    <td>2000<\/td>\r\n    <td>18,98<\/td>\r\n    <td>60x8x1300<\/td>\r\n    <td>5,30<\/td>\r\n  <\/tr>\r\n  <tr>\r\n    <td>2<\/td>\r\n    <td>1200<\/td>\r\n    <td>2000<\/td>\r\n    <td>21,90<\/td>\r\n    <td>60x8x1500<\/td>\r\n    <td>6,12<\/td>\r\n  <\/tr>\r\n  <tr>\r\n    <td>3<\/td>\r\n    <td>1500<\/td>\r\n    <td>2000<\/td>\r\n    <td>26,25<\/td>\r\n    <td>60x8x1800<\/td>\r\n    <td>7,34<\/td>\r\n  <\/tr>\r\n  <tr>\r\n    <td>4<\/td>\r\n    <td>1800<\/td>\r\n    <td>2000<\/td>\r\n    <td>30,61<\/td>\r\n    <td>60x8x2100<\/td>\r\n    <td>8,56<\/td>\r\n  <\/tr>\r\n  <tr>\r\n    <td>5<\/td>\r\n    <td>2000<\/td>\r\n    <td>2000<\/td>\r\n    <td>33,52<\/td>\r\n    <td>60x8x2300<\/td>\r\n    <td>9,38<\/td>\r\n  <\/tr>\r\n<\/tbody>\r\n<\/table>\r\n\r\n<\/div>\r\n<div class=\"textwrapper\">\r\n\r\n<div class=\"picwrapper\">\r\n<img loading=\"lazy\" src=\"https:\/\/www.mostostal.siedlce.pl\/wp-content\/uploads\/2017\/06\/ogrodzenia1.jpg\" alt=\"\" width=\"291\" height=\"411\" class=\"alignnone iscentered size-full wp-image-1123\" srcset=\"https:\/\/www.mostostal.siedlce.pl\/de\/wp-content\/uploads\/2017\/06\/ogrodzenia1.jpg 291w, https:\/\/www.mostostal.siedlce.pl\/de\/wp-content\/uploads\/2017\/06\/ogrodzenia1-212x300.jpg 212w\" sizes=\"(max-width: 291px) 100vw, 291px\" \/>\r\n<\/div>\r\n<\/div>\r\n\r\n\r\n\r\n\t","protected":false},"excerpt":{"rendered":"F\u00fcr die Einz\u00e4unung eines Grundst\u00fcckes, Industrie- oder Dienstleistungsbetriebes brauchen Sie ein Produkt, das eine langj\u00e4hrige Haltbarkeit, \u00c4sthetik und Funktionalit\u00e4t sowie geringe Instandhaltungskosten garantieren w\u00fcrde. Zur Erf\u00fcllung dieser Erwartungen bieten wir Ihnen die ansprechenden, dauerhaft korrosionsgesch\u00fctzten Gitterz\u00e4une im MOSTOSTAL-System zur Absicherung folgender Objekte an: Wohnsiedlungen Privatgrundst\u00fccke Kommunale Gel\u00e4nde Unternehmen Schulen, Kindergarten, Spielpl\u00e4tze Sportanlagen Mobilfunkmasten Erholungsfl\u00e4chen und [&hellip;]","protected":false},"author":1,"featured_media":0,"parent":52,"menu_order":0,"comment_status":"closed","ping_status":"closed","template":"","meta":[],"_links":{"self":[{"href":"https:\/\/www.mostostal.siedlce.pl\/de\/wp-json\/wp\/v2\/pages\/242"}],"collection":[{"href":"https:\/\/www.mostostal.siedlce.pl\/de\/wp-json\/wp\/v2\/pages"}],"about":[{"href":"https:\/\/www.mostostal.siedlce.pl\/de\/wp-json\/wp\/v2\/types\/page"}],"author":[{"embeddable":true,"href":"https:\/\/www.mostostal.siedlce.pl\/de\/wp-json\/wp\/v2\/users\/1"}],"replies":[{"embeddable":true,"href":"https:\/\/www.mostostal.siedlce.pl\/de\/wp-json\/wp\/v2\/comments?post=242"}],"version-history":[{"count":5,"href":"https:\/\/www.mostostal.siedlce.pl\/de\/wp-json\/wp\/v2\/pages\/242\/revisions"}],"predecessor-version":[{"id":3333,"href":"https:\/\/www.mostostal.siedlce.pl\/de\/wp-json\/wp\/v2\/pages\/242\/revisions\/3333"}],"up":[{"embeddable":true,"href":"https:\/\/www.mostostal.siedlce.pl\/de\/wp-json\/wp\/v2\/pages\/52"}],"wp:attachment":[{"href":"https:\/\/www.mostostal.siedlce.pl\/de\/wp-json\/wp\/v2\/media?parent=242"}],"curies":[{"name":"wp","href":"https:\/\/api.w.org\/{rel}","templated":true}]}}