{"id":244,"date":"2017-06-16T06:20:53","date_gmt":"2017-06-16T06:20:53","guid":{"rendered":"http:\/\/localhost\/mostostal_siedlce\/?page_id=244"},"modified":"2018-01-24T13:45:36","modified_gmt":"2018-01-24T13:45:36","slug":"sitzbanke","status":"publish","type":"page","link":"https:\/\/www.mostostal.siedlce.pl\/de\/gitterroste\/angebot\/sitzbanke\/","title":{"rendered":"Sitzb\u00e4nke"},"content":{"rendered":"<div class=\"textwrapper\">\r\n\r\n<div class=\"halver\">\r\n\r\n  <div class=\"halver-left\">\r\nUnsere Sitzb\u00e4nke sind ein attraktives Produkt mit einzigartigem Design. Sie eignen sich f\u00fcr unterschiedliche Bodenarten. Sie zeichnen sich vor allem durch Haltbarkeit, gute Qualit\u00e4t und ansprechende Optik aus. Ein zus\u00e4tzlicher Vorteil ist eine hohe Funktionalit\u00e4t der B\u00e4nke. Die aus Stahl gefertigten feuerverzinkten B\u00e4nke sind das ideale Produkt f\u00fcr den Einsatz in der Landschaftsarchitektur von St\u00e4dten und in Parkanlagen.\r\n<\/div>\r\n  <div class=\"halver-right\"><img loading=\"lazy\" width=\"643\" height=\"407\" src=\"https:\/\/www.mostostal.siedlce.pl\/wp-content\/uploads\/2017\/06\/lawka2.jpg\" alt=\"\u0141awki\" class=\"alignnone mresponsive size-full wp-image-1054\" srcset=\"https:\/\/www.mostostal.siedlce.pl\/de\/wp-content\/uploads\/2017\/06\/lawka2.jpg 643w, https:\/\/www.mostostal.siedlce.pl\/de\/wp-content\/uploads\/2017\/06\/lawka2-300x190.jpg 300w\" sizes=\"(max-width: 643px) 100vw, 643px\" \/><\/div>\r\n<\/div>\r\n\r\n<div class=\"halver\">\r\n  <div class=\"halver-left\">\r\nUnsere robuste und bequeme B\u00e4nke werden im Au\u00dfenbereich, d.h. in Park- und Gr\u00fcnanlagen, an \u00f6ffentlichen Einrichtungen, Schulen, Gehwegen, sowie im Innenbereich, unter anderem in Ladenstra\u00dfen und Einkaufzentren sowie in vielen anderen \u00f6ffentlichen Bereichen eingesetzt. Wir hoffen, da\u00df unsere Sitzb\u00e4nke Ihr Interesse wecken und sie zum Bestandteil der Landschaftsarchitektur Ihrer Stadt bald werden.\r\n<\/div>\r\n  <div class=\"halver-right\"><img loading=\"lazy\" width=\"643\" height=\"344\" src=\"https:\/\/www.mostostal.siedlce.pl\/wp-content\/uploads\/2017\/06\/lawka1.jpg\" alt=\"\u0141awki\" class=\"alignnone mresponsive size-full wp-image-1057\" srcset=\"https:\/\/www.mostostal.siedlce.pl\/de\/wp-content\/uploads\/2017\/06\/lawka1.jpg 643w, https:\/\/www.mostostal.siedlce.pl\/de\/wp-content\/uploads\/2017\/06\/lawka1-300x160.jpg 300w\" sizes=\"(max-width: 643px) 100vw, 643px\" \/><\/div>\r\n<\/div>\r\n\r\n<div class=\"halver\">\r\n  <div class=\"halver-left\"><img loading=\"lazy\" width=\"643\" height=\"482\" src=\"https:\/\/www.mostostal.siedlce.pl\/wp-content\/uploads\/2017\/06\/lawka4.jpg\" alt=\"\u0141awki\" class=\"alignnone mresponsive size-full wp-image-1056\" srcset=\"https:\/\/www.mostostal.siedlce.pl\/de\/wp-content\/uploads\/2017\/06\/lawka4.jpg 643w, https:\/\/www.mostostal.siedlce.pl\/de\/wp-content\/uploads\/2017\/06\/lawka4-300x225.jpg 300w\" sizes=\"(max-width: 643px) 100vw, 643px\" \/><\/div>\r\n  <div class=\"halver-right\">\r\n<img loading=\"lazy\" width=\"643\" height=\"482\" src=\"https:\/\/www.mostostal.siedlce.pl\/wp-content\/uploads\/2017\/06\/lawka3.jpg\" alt=\"\u0141awki\" class=\"alignnone mresponsive size-full wp-image-1055\" srcset=\"https:\/\/www.mostostal.siedlce.pl\/de\/wp-content\/uploads\/2017\/06\/lawka3.jpg 643w, https:\/\/www.mostostal.siedlce.pl\/de\/wp-content\/uploads\/2017\/06\/lawka3-300x225.jpg 300w\" sizes=\"(max-width: 643px) 100vw, 643px\" \/><\/div>\r\n<\/div>\r\n\r\n\r\n<\/div>\r\n\r\n\r\n","protected":false},"excerpt":{"rendered":"Unsere Sitzb\u00e4nke sind ein attraktives Produkt mit einzigartigem Design. Sie eignen sich f\u00fcr unterschiedliche Bodenarten. Sie zeichnen sich vor allem durch Haltbarkeit, gute Qualit\u00e4t und ansprechende Optik aus. Ein zus\u00e4tzlicher Vorteil ist eine hohe Funktionalit\u00e4t der B\u00e4nke. Die aus Stahl gefertigten feuerverzinkten B\u00e4nke sind das ideale Produkt f\u00fcr den Einsatz in der Landschaftsarchitektur von St\u00e4dten [&hellip;]","protected":false},"author":1,"featured_media":0,"parent":52,"menu_order":0,"comment_status":"closed","ping_status":"closed","template":"","meta":[],"_links":{"self":[{"href":"https:\/\/www.mostostal.siedlce.pl\/de\/wp-json\/wp\/v2\/pages\/244"}],"collection":[{"href":"https:\/\/www.mostostal.siedlce.pl\/de\/wp-json\/wp\/v2\/pages"}],"about":[{"href":"https:\/\/www.mostostal.siedlce.pl\/de\/wp-json\/wp\/v2\/types\/page"}],"author":[{"embeddable":true,"href":"https:\/\/www.mostostal.siedlce.pl\/de\/wp-json\/wp\/v2\/users\/1"}],"replies":[{"embeddable":true,"href":"https:\/\/www.mostostal.siedlce.pl\/de\/wp-json\/wp\/v2\/comments?post=244"}],"version-history":[{"count":1,"href":"https:\/\/www.mostostal.siedlce.pl\/de\/wp-json\/wp\/v2\/pages\/244\/revisions"}],"predecessor-version":[{"id":3162,"href":"https:\/\/www.mostostal.siedlce.pl\/de\/wp-json\/wp\/v2\/pages\/244\/revisions\/3162"}],"up":[{"embeddable":true,"href":"https:\/\/www.mostostal.siedlce.pl\/de\/wp-json\/wp\/v2\/pages\/52"}],"wp:attachment":[{"href":"https:\/\/www.mostostal.siedlce.pl\/de\/wp-json\/wp\/v2\/media?parent=244"}],"curies":[{"name":"wp","href":"https:\/\/api.w.org\/{rel}","templated":true}]}}