{"id":246,"date":"2017-06-16T06:21:06","date_gmt":"2017-06-16T06:21:06","guid":{"rendered":"http:\/\/localhost\/mostostal_siedlce\/?page_id=246"},"modified":"2018-01-25T13:30:11","modified_gmt":"2018-01-25T13:30:11","slug":"befestigungsmateriale","status":"publish","type":"page","link":"https:\/\/www.mostostal.siedlce.pl\/de\/gitterroste\/angebot\/befestigungsmateriale\/","title":{"rendered":"Befestigungsmateriale"},"content":{"rendered":"<div class=\"textwrapper\">\r\n Das ganze Angebot an Befestigungsmaterial finden Sie \r\n  <a href=\"https:\/\/www.mostostal.siedlce.pl\/wp-content\/uploads\/2017\/06\/uchwyty-1.pdf\">hier.\r\n    <span class=\"icon ia download\">\r\n  <\/a>\r\n\r\n<\/div>\r\n\r\n<div class=\"textwrapper ttextwrapper\">\r\n\r\n  <table id=\"protable\" class=\"mstripes shad-2 is100p\">\r\n    <tr>\r\n      <td>\r\n        <img loading=\"lazy\" src=\"https:\/\/www.mostostal.siedlce.pl\/wp-content\/uploads\/2017\/06\/uchwyt_standard.png\" alt=\"Uchwyt standardowy\" width=\"264\"\r\n          height=\"206\" class=\"unsetwidth wp-image-1040\" \/>\r\n      <\/td>\r\n      <td>\r\n        <strong>Standardklemme:<\/strong>\r\n        <ul>\r\n          <li>Klemmoberteil<\/li>\r\n          <li>Schraube  M8x70<\/li>\r\n          <li>Unterteil  f\u00fcr Tragstababstand<\/li>\r\n          <li>Mutter  M8<\/li>\r\n          <ul>\r\n      <\/td>\r\n    <\/tr>\r\n    <tr>\r\n      <td>\r\n        <strong>Hakenklemme  f\u00fcr  C-Profil<\/strong>\r\n        <ul>\r\n          <li>Klemmoberteil<\/li>\r\n          <li>Schraube M8x70<\/li>\r\n          <li>Haken-Unterteil<\/li>\r\n          <ul>\r\n      <\/td>\r\n      <td>\r\n        <img loading=\"lazy\" src=\"https:\/\/www.mostostal.siedlce.pl\/wp-content\/uploads\/2017\/06\/hak.png\" alt=\"Uchwyt hakowy do profilu C\" width=\"227\"\r\n          height=\"206\" class=\"unsetwidth wp-image-1039\" \/>\r\n      <\/td>\r\n    <\/tr>\r\n    <tr>\r\n      <td>\r\n        <img loading=\"lazy\" src=\"https:\/\/www.mostostal.siedlce.pl\/wp-content\/uploads\/2017\/06\/lacznik.png\" alt=\"Uchwyt do \u0142\u0105czenia krat\" width=\"227\"\r\n          height=\"206\" class=\"unsetwidth wp-image-1038\" \/>\r\n      <\/td>\r\n      <td>\r\n        <strong>Halteklemme zur Verbindung von Gitterrosten:<\/strong>\r\n        <ul>\r\n          <li>Telleroberteil  2 Stk.<\/li>\r\n          <li>Schraube M8x70 szt.2<\/li>\r\n          <li>Unterteil \u2013  Verbindungsb\u00fcgel  1 Stk.<\/li>\r\n          <li>Mutter M8 2 Stk.<\/li>\r\n          <ul>\r\n      <\/td>\r\n    <\/tr>\r\n    <tr>\r\n      <td>\r\n        <strong>Halteklemme  f\u00fcr Schwerroste:<\/strong>\r\n        <ul>\r\n          <li>Klemmoberteil<\/li>\r\n          <li>Schraube M10x100<\/li>\r\n          <li>Unterteil  f\u00fcr Tragstababstand<\/li>\r\n          <li>Unterlegscheibe  d11<\/li>\r\n          <li>Mutter M10 mit Polyamideinlage<\/li>\r\n          <ul>\r\n      <\/td>\r\n      <td>\r\n        <img loading=\"lazy\" src=\"https:\/\/www.mostostal.siedlce.pl\/wp-content\/uploads\/2017\/06\/uchwyt_ciezki.png\" alt=\"Uchwyt do krat ci\u0119\u017ckich\"\r\n          width=\"227\" height=\"163\" class=\"unsetwidth wp-image-1037\" \/>\r\n      <\/td>\r\n    <\/tr>\r\n    <tr>\r\n      <td>\r\n        <img loading=\"lazy\" src=\"https:\/\/www.mostostal.siedlce.pl\/wp-content\/uploads\/2017\/06\/uchwyt_zamkowy.png\" alt=\"Uchwyt do krat o oczku 11,1\"\r\n          width=\"227\" height=\"206\" class=\"unsetwidth wp-image-1036\" \/>\r\n      <\/td>\r\n      <td>\r\n        <strong>Halteklammer f\u00fcr Gitterroste mit Maschenweite 11,1:<\/strong>\r\n        <ul>\r\n          <li>Schlossschraube  M8x60<\/li>\r\n          <li>Unterteil  f\u00fcr Tragstababstand<\/li>\r\n          <li>Mutter M8<\/li>\r\n          <ul>\r\n      <\/td>\r\n    <\/tr>\r\n    <tr>\r\n      <td>\r\n        <strong>Hakenklemme f\u00fcr L-Profil:<\/strong>\r\n        <ul>\r\n          <li>Klemmoberteil<\/li>\r\n          <li>Schraube  M8x70<\/li>\r\n          <li>Unterteil \u2013 Haken<\/li>\r\n          <ul>\r\n      <\/td>\r\n      <td>\r\n        <img loading=\"lazy\" src=\"https:\/\/www.mostostal.siedlce.pl\/wp-content\/uploads\/2017\/06\/hak2.png\" alt=\"Uchwyt hakowy do k\u0105townika\" width=\"227\"\r\n          height=\"206\" class=\"unsetwidth wp-image-1035\" \/>\r\n      <\/td>\r\n    <\/tr>\r\n  <\/table>\r\n<\/div>","protected":false},"excerpt":{"rendered":"Das ganze Angebot an Befestigungsmaterial finden Sie hier. Standardklemme: Klemmoberteil Schraube M8x70 Unterteil f\u00fcr Tragstababstand Mutter M8 Hakenklemme f\u00fcr C-Profil Klemmoberteil Schraube M8x70 Haken-Unterteil Halteklemme zur Verbindung von Gitterrosten: Telleroberteil 2 Stk. Schraube M8x70 szt.2 Unterteil \u2013 Verbindungsb\u00fcgel 1 Stk. Mutter M8 2 Stk. Halteklemme f\u00fcr Schwerroste: Klemmoberteil Schraube M10x100 Unterteil f\u00fcr Tragstababstand Unterlegscheibe d11 [&hellip;]","protected":false},"author":1,"featured_media":0,"parent":52,"menu_order":0,"comment_status":"closed","ping_status":"closed","template":"","meta":[],"_links":{"self":[{"href":"https:\/\/www.mostostal.siedlce.pl\/de\/wp-json\/wp\/v2\/pages\/246"}],"collection":[{"href":"https:\/\/www.mostostal.siedlce.pl\/de\/wp-json\/wp\/v2\/pages"}],"about":[{"href":"https:\/\/www.mostostal.siedlce.pl\/de\/wp-json\/wp\/v2\/types\/page"}],"author":[{"embeddable":true,"href":"https:\/\/www.mostostal.siedlce.pl\/de\/wp-json\/wp\/v2\/users\/1"}],"replies":[{"embeddable":true,"href":"https:\/\/www.mostostal.siedlce.pl\/de\/wp-json\/wp\/v2\/comments?post=246"}],"version-history":[{"count":5,"href":"https:\/\/www.mostostal.siedlce.pl\/de\/wp-json\/wp\/v2\/pages\/246\/revisions"}],"predecessor-version":[{"id":3218,"href":"https:\/\/www.mostostal.siedlce.pl\/de\/wp-json\/wp\/v2\/pages\/246\/revisions\/3218"}],"up":[{"embeddable":true,"href":"https:\/\/www.mostostal.siedlce.pl\/de\/wp-json\/wp\/v2\/pages\/52"}],"wp:attachment":[{"href":"https:\/\/www.mostostal.siedlce.pl\/de\/wp-json\/wp\/v2\/media?parent=246"}],"curies":[{"name":"wp","href":"https:\/\/api.w.org\/{rel}","templated":true}]}}