{"id":268,"date":"2017-06-16T06:32:54","date_gmt":"2017-06-16T06:32:54","guid":{"rendered":"http:\/\/localhost\/mostostal_siedlce\/?page_id=268"},"modified":"2018-01-26T09:11:48","modified_gmt":"2018-01-26T09:11:48","slug":"richtlinien-fur-die-verlegung-von-gitterrosten","status":"publish","type":"page","link":"https:\/\/www.mostostal.siedlce.pl\/de\/gitterroste\/fur-den-kunden\/technische-daten\/richtlinien-fur-die-verlegung-von-gitterrosten\/","title":{"rendered":"Richtlinien f\u00fcr die Verlegung von Gitterrosten"},"content":{"rendered":"<div class=\"textwrapper\">\r\n<p>\r\nDie folgenden Abbildungen zeigen die empfohlenen Abst\u00e4nde, die bei der Planung und Verlegung von Gitterrosten, von den Pfosten-Endkanten, Rohren, W\u00e4nden usw. , einzuhalten sind.\r\n<\/p>\r\n<p>\r\nSie zeigen ebenfalls Abst\u00e4nde zwischen den einzelnen Gitterrosten bei deren Verlegung. In der Planungsphase soll der Abstand zwischen den Gitterrosten gleich Null sein. Es ist auch zu beachten, dass die Gitterroste in Minustoleranzen hergestellt werden. Die Beachtung der empfohlenen Abmessungen sichert die korrekte Planung und Verlegung von Gitterrosten.\r\n<\/p>\r\n\r\n<div class=\"picwrapper\">\r\n<img loading=\"lazy\" src=\"https:\/\/www.mostostal.siedlce.pl\/wp-content\/uploads\/2017\/08\/ukladanie krat-08.png\" alt=\"Uk\u0142adanie krat pomostowych\" width=\"200\" height=\"200\" class=\"pic25 wp-image-2465\" \/>\r\n\r\n<img loading=\"lazy\" src=\"https:\/\/www.mostostal.siedlce.pl\/wp-content\/uploads\/2017\/08\/ukladanie krat-02.png\" alt=\"Uk\u0142adanie krat pomostowych\" width=\"200\" height=\"200\" class=\"pic25 wp-image-2459\" \/>\r\n\r\n<img loading=\"lazy\" src=\"https:\/\/www.mostostal.siedlce.pl\/wp-content\/uploads\/2017\/08\/ukladanie krat-03.png\" alt=\"Uk\u0142adanie krat pomostowych\" width=\"200\" height=\"200\" class=\"pic25 wp-image-2460\" \/>\r\n\r\n<img loading=\"lazy\" src=\"https:\/\/www.mostostal.siedlce.pl\/wp-content\/uploads\/2017\/08\/ukladanie krat-04.png\" alt=\"Uk\u0142adanie krat pomostowych\" width=\"200\" height=\"200\" class=\"pic25 wp-image-2461\" \/>\r\n\r\n<img loading=\"lazy\" src=\"https:\/\/www.mostostal.siedlce.pl\/wp-content\/uploads\/2017\/08\/ukladanie krat-05.png\" alt=\"Uk\u0142adanie krat pomostowych\" width=\"200\" height=\"200\" class=\"pic25 wp-image-2462\" \/>\r\n\r\n<img loading=\"lazy\" src=\"https:\/\/www.mostostal.siedlce.pl\/wp-content\/uploads\/2017\/08\/ukladanie krat-06.png\" alt=\"Uk\u0142adanie krat pomostowych\" width=\"200\" height=\"200\" class=\"pic25 wp-image-2463\" \/>\r\n\r\n<img loading=\"lazy\" src=\"https:\/\/www.mostostal.siedlce.pl\/wp-content\/uploads\/2017\/08\/ukladanie krat-07.png\" alt=\"Uk\u0142adanie krat pomostowych\" width=\"200\" height=\"200\" class=\"pic25 wp-image-2464\" \/>\r\n\r\n<img loading=\"lazy\" src=\"https:\/\/www.mostostal.siedlce.pl\/wp-content\/uploads\/2017\/08\/ukladanie krat-01.png\" alt=\"Uk\u0142adanie krat pomostowych\" width=\"200\" height=\"200\" class=\"pic25 wp-image-2458\" \/>\r\n<\/div>\r\n<\/div>","protected":false},"excerpt":{"rendered":"Die folgenden Abbildungen zeigen die empfohlenen Abst\u00e4nde, die bei der Planung und Verlegung von Gitterrosten, von den Pfosten-Endkanten, Rohren, W\u00e4nden usw. , einzuhalten sind. Sie zeigen ebenfalls Abst\u00e4nde zwischen den einzelnen Gitterrosten bei deren Verlegung. In der Planungsphase soll der Abstand zwischen den Gitterrosten gleich Null sein. Es ist auch zu beachten, dass die Gitterroste [&hellip;]","protected":false},"author":1,"featured_media":0,"parent":2175,"menu_order":0,"comment_status":"closed","ping_status":"closed","template":"","meta":[],"_links":{"self":[{"href":"https:\/\/www.mostostal.siedlce.pl\/de\/wp-json\/wp\/v2\/pages\/268"}],"collection":[{"href":"https:\/\/www.mostostal.siedlce.pl\/de\/wp-json\/wp\/v2\/pages"}],"about":[{"href":"https:\/\/www.mostostal.siedlce.pl\/de\/wp-json\/wp\/v2\/types\/page"}],"author":[{"embeddable":true,"href":"https:\/\/www.mostostal.siedlce.pl\/de\/wp-json\/wp\/v2\/users\/1"}],"replies":[{"embeddable":true,"href":"https:\/\/www.mostostal.siedlce.pl\/de\/wp-json\/wp\/v2\/comments?post=268"}],"version-history":[{"count":2,"href":"https:\/\/www.mostostal.siedlce.pl\/de\/wp-json\/wp\/v2\/pages\/268\/revisions"}],"predecessor-version":[{"id":3229,"href":"https:\/\/www.mostostal.siedlce.pl\/de\/wp-json\/wp\/v2\/pages\/268\/revisions\/3229"}],"up":[{"embeddable":true,"href":"https:\/\/www.mostostal.siedlce.pl\/de\/wp-json\/wp\/v2\/pages\/2175"}],"wp:attachment":[{"href":"https:\/\/www.mostostal.siedlce.pl\/de\/wp-json\/wp\/v2\/media?parent=268"}],"curies":[{"name":"wp","href":"https:\/\/api.w.org\/{rel}","templated":true}]}}