{"id":27,"date":"2017-06-13T05:18:20","date_gmt":"2017-06-13T05:18:20","guid":{"rendered":"http:\/\/localhost\/mostostal_siedlce\/?page_id=27"},"modified":"2018-07-09T13:02:30","modified_gmt":"2018-07-09T13:02:30","slug":"uber-das-unternehmen","status":"publish","type":"page","link":"https:\/\/www.mostostal.siedlce.pl\/de\/uber-das-unternehmen\/","title":{"rendered":"\u00dcber  das Unternehmen"},"content":{"rendered":"<div class=\"textwrapper ttextwrapper\">\r\n<div class=\"modulewrapper\">\r\n\r\n<a href=\"unternehmenstatigkeit\/\">\r\n  <div class=\"modulesw\">\r\n  <div id=\"opisdzial\" class=\"moduleitem modulewider\">\r\n    <div class=\"modulelabel modb0\">\r\n      <div class=\"moduletext\">\r\n      Unternehmens- t\u00e4tigkeit\r\n      <\/div>\r\n    <\/div>\r\n  <\/div>\r\n  <\/div>\r\n<\/a>\r\n\r\n\r\n<a href=\"qualitat-der-dienstleistungen\/\">\r\n  <div class=\"modulesw\">\r\n  <div id=\"certyfikaty\" class=\"moduleitem\">\r\n    <div class=\"modulelabel modb-2\">\r\n      <div class=\"moduletext\">\r\n      Qualit\u00e4t der Dienstleistungen\r\n      <\/div>\r\n    <\/div>\r\n  <\/div>\r\n  <\/div>\r\n<\/a>\r\n\r\n\r\n<a href=\"geschichte\/\">\r\n  <div class=\"modulesw\">\r\n  <div id=\"historia\" class=\"moduleitem\">\r\n    <div class=\"modulelabel modo\">\r\n      <div class=\"moduletext\">\r\n      Geschichte\r\n      <\/div>\r\n    <\/div>\r\n\r\n  <\/div>\r\n\r\n  <\/div>\r\n<\/a>\r\n\r\n\r\n\r\n\r\n<a href=\"geschaftsfuhrung\/\">\r\n  <div class=\"modulesw\">\r\n  <div id=\"suit\" class=\"moduleitem\">\r\n    <div class=\"modulelabel modb1\">\r\n      <div class=\"moduletext\">\r\n      Gesch\u00e4ftsf\u00fchrung\r\n      <\/div>\r\n    <\/div>\r\n  <\/div>\r\n  <\/div>\r\n\r\n<\/a>\r\n\r\n<a href=\"verantwortungsvolles-unternehmerisches-verhalten\/\">\r\n  <div class=\"modulesw\">\r\n  <div id=\"odpow\" class=\"moduleitem\">\r\n    <div class=\"modulelabel modb1\">\r\n      <div class=\"moduletext\">\r\n      Verantwortungsvolles unternehmerisches Verhalten\r\n      <\/div>\r\n    <\/div>\r\n  <\/div>\r\n  <\/div>\r\n\r\n<\/a>\r\n\r\n<a href=\"unsere-standorte\/\">\r\n  <div class=\"modulesw\">\r\n  <div id=\"lokalizacje\" class=\"moduleitem\">\r\n    <div class=\"modulelabel modb-1\">\r\n      <div class=\"moduletext\">\r\n      Unsere Standorte\r\n      <\/div>\r\n    <\/div>\r\n  <\/div>\r\n  <\/div>\r\n<\/a>\r\n\r\n\r\n<\/div>\r\n\r\n<\/div>","protected":false},"excerpt":{"rendered":"Unternehmens- t\u00e4tigkeit Qualit\u00e4t der Dienstleistungen Geschichte Gesch\u00e4ftsf\u00fchrung Verantwortungsvolles unternehmerisches Verhalten Unsere Standorte","protected":false},"author":1,"featured_media":0,"parent":0,"menu_order":0,"comment_status":"closed","ping_status":"closed","template":"","meta":[],"_links":{"self":[{"href":"https:\/\/www.mostostal.siedlce.pl\/de\/wp-json\/wp\/v2\/pages\/27"}],"collection":[{"href":"https:\/\/www.mostostal.siedlce.pl\/de\/wp-json\/wp\/v2\/pages"}],"about":[{"href":"https:\/\/www.mostostal.siedlce.pl\/de\/wp-json\/wp\/v2\/types\/page"}],"author":[{"embeddable":true,"href":"https:\/\/www.mostostal.siedlce.pl\/de\/wp-json\/wp\/v2\/users\/1"}],"replies":[{"embeddable":true,"href":"https:\/\/www.mostostal.siedlce.pl\/de\/wp-json\/wp\/v2\/comments?post=27"}],"version-history":[{"count":8,"href":"https:\/\/www.mostostal.siedlce.pl\/de\/wp-json\/wp\/v2\/pages\/27\/revisions"}],"predecessor-version":[{"id":3436,"href":"https:\/\/www.mostostal.siedlce.pl\/de\/wp-json\/wp\/v2\/pages\/27\/revisions\/3436"}],"wp:attachment":[{"href":"https:\/\/www.mostostal.siedlce.pl\/de\/wp-json\/wp\/v2\/media?parent=27"}],"curies":[{"name":"wp","href":"https:\/\/api.w.org\/{rel}","templated":true}]}}