{"id":270,"date":"2017-06-16T06:33:33","date_gmt":"2017-06-16T06:33:33","guid":{"rendered":"http:\/\/localhost\/mostostal_siedlce\/?page_id=270"},"modified":"2018-01-26T09:02:31","modified_gmt":"2018-01-26T09:02:31","slug":"belastungstabellen","status":"publish","type":"page","link":"https:\/\/www.mostostal.siedlce.pl\/de\/gitterroste\/fur-den-kunden\/technische-daten\/belastungstabellen\/","title":{"rendered":"Belastungstabellen"},"content":{"rendered":"<div class=\"textwrapper ttextwrapper\">\r\n\r\n\r\n<div class=\"row\">\r\n\r\n\r\n<div class=\"ftl shad-1 somecard mrb\">\r\n\r\n<a target=\"_blank\" href=\"https:\/\/www.mostostal.siedlce.pl\/wp-content\/uploads\/2017\/06\/obciazenia_34.pdf\">Belastungstabelle  Schwei\u00dfpressroste mit Maschenteilung  t=34,3<span class=\"icon ia download\"><\/span><\/a>\r\n\r\n<\/div>\r\n\r\n\r\n\r\n<div class=\"ftl shad-1 somecard mrb\">\r\n\r\n<a target=\"_blank\" href=\"https:\/\/www.mostostal.siedlce.pl\/wp-content\/uploads\/2017\/06\/obciazenia_25.pdf\">Belastungstabelle  Schwei\u00dfpressroste mit Maschenteilung t=25,5<span class=\"icon ia download\"><\/span><\/a>\r\n\r\n<\/div>\r\n\r\n\r\n<div class=\"ftl shad-1 somecard mrb\">\r\n\r\n<a target=\"_blank\" href=\"https:\/\/www.mostostal.siedlce.pl\/wp-content\/uploads\/2017\/06\/obciazenia_pras_33.pdf\">Belastungstabelle  Pressroste mit Maschenteilung t=33,3<span class=\"icon ia download\"><\/span><\/a>\r\n\r\n<\/div>\r\n\r\n<div class=\"ftl shad-1 somecard mrb\">\r\n\r\n<a target=\"_blank\" href=\"https:\/\/www.mostostal.siedlce.pl\/wp-content\/uploads\/2017\/06\/ciezary_zgrz.pdf\">Tabelle  f\u00fcr ungef\u00e4hre Gewichte  von Schwei\u00dfpressrosten<span class=\"icon ia download\"><\/span><\/a>\r\n\r\n<\/div>\r\n\r\n<div class=\"ftl shad-1 somecard mrb\">\r\n\r\n\r\n<a target=\"_blank\" href=\"https:\/\/www.mostostal.siedlce.pl\/wp-content\/uploads\/2017\/06\/obciazenia_ciezkie.pdf\">Tabelle f\u00fcr den Mindestquerschnitt von Flachstahl f\u00fcr den Fahrzeugverkehr<span class=\"icon ia download\"><\/span><\/a>\r\n<\/div>\r\n\r\n\r\n\r\n<\/div>\r\n<\/div>\r\n\r\n\r\n","protected":false},"excerpt":{"rendered":"Belastungstabelle Schwei\u00dfpressroste mit Maschenteilung t=34,3 Belastungstabelle Schwei\u00dfpressroste mit Maschenteilung t=25,5 Belastungstabelle Pressroste mit Maschenteilung t=33,3 Tabelle f\u00fcr ungef\u00e4hre Gewichte von Schwei\u00dfpressrosten Tabelle f\u00fcr den Mindestquerschnitt von Flachstahl f\u00fcr den Fahrzeugverkehr","protected":false},"author":1,"featured_media":0,"parent":2175,"menu_order":0,"comment_status":"closed","ping_status":"closed","template":"","meta":[],"_links":{"self":[{"href":"https:\/\/www.mostostal.siedlce.pl\/de\/wp-json\/wp\/v2\/pages\/270"}],"collection":[{"href":"https:\/\/www.mostostal.siedlce.pl\/de\/wp-json\/wp\/v2\/pages"}],"about":[{"href":"https:\/\/www.mostostal.siedlce.pl\/de\/wp-json\/wp\/v2\/types\/page"}],"author":[{"embeddable":true,"href":"https:\/\/www.mostostal.siedlce.pl\/de\/wp-json\/wp\/v2\/users\/1"}],"replies":[{"embeddable":true,"href":"https:\/\/www.mostostal.siedlce.pl\/de\/wp-json\/wp\/v2\/comments?post=270"}],"version-history":[{"count":1,"href":"https:\/\/www.mostostal.siedlce.pl\/de\/wp-json\/wp\/v2\/pages\/270\/revisions"}],"predecessor-version":[{"id":3225,"href":"https:\/\/www.mostostal.siedlce.pl\/de\/wp-json\/wp\/v2\/pages\/270\/revisions\/3225"}],"up":[{"embeddable":true,"href":"https:\/\/www.mostostal.siedlce.pl\/de\/wp-json\/wp\/v2\/pages\/2175"}],"wp:attachment":[{"href":"https:\/\/www.mostostal.siedlce.pl\/de\/wp-json\/wp\/v2\/media?parent=270"}],"curies":[{"name":"wp","href":"https:\/\/api.w.org\/{rel}","templated":true}]}}