{"id":273,"date":"2017-06-16T06:35:40","date_gmt":"2017-06-16T06:35:40","guid":{"rendered":"http:\/\/localhost\/mostostal_siedlce\/?page_id=273"},"modified":"2018-01-25T12:55:16","modified_gmt":"2018-01-25T12:55:16","slug":"spindeltreppe","status":"publish","type":"page","link":"https:\/\/www.mostostal.siedlce.pl\/de\/gitterroste\/angebot\/treppe\/spindeltreppe\/","title":{"rendered":"Spindeltreppe"},"content":{"rendered":"<div class=\"textwrapper\">\r\n<p>\r\nSpindeltreppen werden h\u00e4ufig als Zutritt zu Tankbr\u00fccken, Podesten in Industriehallen, Dachb\u00f6den, Kellern oder  als Fluchttreppen  usw. eingesetzt.\r\n<\/p>\r\n\r\n<div class=\"picwrapper\">\r\n\r\n\r\n\r\n<img loading=\"lazy\" src=\"https:\/\/www.mostostal.siedlce.pl\/wp-content\/uploads\/2017\/06\/IMG_20170718_112049.jpg\" alt=\"Schody spiralne\" width=\"400\" height=\"400\" class=\"pic50 wp-image-2083\" srcset=\"https:\/\/www.mostostal.siedlce.pl\/de\/wp-content\/uploads\/2017\/06\/IMG_20170718_112049.jpg 400w, https:\/\/www.mostostal.siedlce.pl\/de\/wp-content\/uploads\/2017\/06\/IMG_20170718_112049-150x150.jpg 150w, https:\/\/www.mostostal.siedlce.pl\/de\/wp-content\/uploads\/2017\/06\/IMG_20170718_112049-300x300.jpg 300w\" sizes=\"(max-width: 400px) 100vw, 400px\" \/>\r\n<img loading=\"lazy\" src=\"https:\/\/www.mostostal.siedlce.pl\/wp-content\/uploads\/2017\/06\/schody-spirtalne-800x1600.jpg\" alt=\"Schody spiralne\" width=\"800\" height=\"1600\" class=\"pic25x50 wp-image-2038\" srcset=\"https:\/\/www.mostostal.siedlce.pl\/de\/wp-content\/uploads\/2017\/06\/schody-spirtalne-800x1600.jpg 800w, https:\/\/www.mostostal.siedlce.pl\/de\/wp-content\/uploads\/2017\/06\/schody-spirtalne-800x1600-150x300.jpg 150w, https:\/\/www.mostostal.siedlce.pl\/de\/wp-content\/uploads\/2017\/06\/schody-spirtalne-800x1600-768x1536.jpg 768w, https:\/\/www.mostostal.siedlce.pl\/de\/wp-content\/uploads\/2017\/06\/schody-spirtalne-800x1600-512x1024.jpg 512w\" sizes=\"(max-width: 800px) 100vw, 800px\" \/>\r\n<img loading=\"lazy\" src=\"https:\/\/www.mostostal.siedlce.pl\/wp-content\/uploads\/2017\/06\/IMG_20170718_112629.jpg\" alt=\"Schody spiralne\" width=\"400\" height=\"400\" class=\"pic25 wp-image-2082\" srcset=\"https:\/\/www.mostostal.siedlce.pl\/de\/wp-content\/uploads\/2017\/06\/IMG_20170718_112629.jpg 400w, https:\/\/www.mostostal.siedlce.pl\/de\/wp-content\/uploads\/2017\/06\/IMG_20170718_112629-150x150.jpg 150w, https:\/\/www.mostostal.siedlce.pl\/de\/wp-content\/uploads\/2017\/06\/IMG_20170718_112629-300x300.jpg 300w\" sizes=\"(max-width: 400px) 100vw, 400px\" \/>\r\n<img loading=\"lazy\" src=\"https:\/\/www.mostostal.siedlce.pl\/wp-content\/uploads\/2017\/06\/spiralne-2.jpg\" alt=\"Schody spiralne\" width=\"400\" height=\"400\" class=\"pic25 wp-image-2087\" srcset=\"https:\/\/www.mostostal.siedlce.pl\/de\/wp-content\/uploads\/2017\/06\/spiralne-2.jpg 400w, https:\/\/www.mostostal.siedlce.pl\/de\/wp-content\/uploads\/2017\/06\/spiralne-2-150x150.jpg 150w, https:\/\/www.mostostal.siedlce.pl\/de\/wp-content\/uploads\/2017\/06\/spiralne-2-300x300.jpg 300w\" sizes=\"(max-width: 400px) 100vw, 400px\" \/>\r\n<\/div>\r\n\r\nVorteile:\r\n<ul>\r\n<li>Wenig Platzbedarf gegen\u00fcber den herk\u00f6mmlichen Treppen<\/li>\r\n<li>Einfache Montage<\/li>\r\n<li>M\u00f6gliche Winkelanpassung an die bestehenden Elemente (alle Stufen k\u00f6nnen um die mittlere Trags\u00e4ule gedreht werden)<\/li>\r\n<li>Geringes Gewicht gegen\u00fcber der Treppenh\u00f6he <\/li>\r\n<li>Niedriger Preis im Vergleich zu herk\u00f6mmlichen Treppen<\/li>\r\n<\/ul>\r\n\r\n<p>\r\nDie Spindeltreppe eignet sich f\u00fcr die <strong>Selbstmontage<\/strong>. Da unsere Treppen alle baurechtlichen  Anforderungen und die Norm PN-80\/M-49060 erf\u00fcllen,  sind folgende Richtlinien zu beachten:\r\n<ul> \r\n<li>Au\u00dfendurchmesser der Treppe  \r\n   \t<br>D=von 2000[mm]<\/li>\r\n<li>Tritth\u00f6he  \r\n   \t<br>h=von 175 bis 200[mm]<\/li>\r\n<li>Anzahl der Stufen f\u00fcr die volle Drehung (360\u00b0) \r\n   \t<br>n= von 16 bis 19 (je nach Durchmesser D)<\/li>\r\n<li>Das Standrohr der Treppe ist  mindestens alle 3-8  lfm der H\u00f6he zu verankern.<\/li>\r\n<\/ul>\r\n<\/p>\r\n\r\n<!--\r\n\r\n<div class=\"picwrapper\">\r\n<img loading=\"lazy\" src=\"https:\/\/www.mostostal.siedlce.pl\/wp-content\/uploads\/2017\/08\/schody spiralne.png\" alt=\"Schemat schod\u00f3w spiralnych\" width=\"400\" height=\"800\" class=\"pic50x100 pic50x100alt wp-image-2427\" \/>\r\n\r\n<img loading=\"lazy\" src=\"https:\/\/www.mostostal.siedlce.pl\/wp-content\/uploads\/2017\/08\/kierunek schodow.png\" alt=\"Kierunek schod\u00f3w spiralnych\" width=\"403\" height=\"400\" class=\"pic50 wp-image-2426\" \/>\r\n<\/div>\r\n-->\r\n\r\n\r\n<p>\r\nWir produzieren Spindeltreppen nach eigenen statistischen Berechnungen, nach  eigenen Projekten, die den jeweiligen Kundenw\u00fcnschen angepasst werden. Wir bieten sowohl Innen- als auch Au\u00dfentreppen nach unterschiedlichen Lastbedingungen.  Wir produzieren auch Treppen nach Kundenvorgaben in vorliegenden fertigen Projekten bzw. nach Projektvorgaben.  \r\n<\/p>\r\n\r\n<div class=\"picwrapper\">\r\n\r\n<img loading=\"lazy\" src=\"https:\/\/www.mostostal.siedlce.pl\/wp-content\/uploads\/2017\/06\/konstrukcje-z-kratami.jpg\" alt=\"Schody spiralne\" width=\"302\" height=\"302\" class=\"pic25 wp-image-2102\" srcset=\"https:\/\/www.mostostal.siedlce.pl\/de\/wp-content\/uploads\/2017\/06\/konstrukcje-z-kratami.jpg 302w, https:\/\/www.mostostal.siedlce.pl\/de\/wp-content\/uploads\/2017\/06\/konstrukcje-z-kratami-150x150.jpg 150w, https:\/\/www.mostostal.siedlce.pl\/de\/wp-content\/uploads\/2017\/06\/konstrukcje-z-kratami-300x300.jpg 300w\" sizes=\"(max-width: 302px) 100vw, 302px\" \/>\r\n<img loading=\"lazy\" width=\"173\" height=\"173\" src=\"https:\/\/www.mostostal.siedlce.pl\/wp-content\/uploads\/2017\/06\/spiralne3.jpg\" alt=\"Schody spiralne\" class=\"pic25 wp-image-1189\" srcset=\"https:\/\/www.mostostal.siedlce.pl\/de\/wp-content\/uploads\/2017\/06\/spiralne3.jpg 173w, https:\/\/www.mostostal.siedlce.pl\/de\/wp-content\/uploads\/2017\/06\/spiralne3-150x150.jpg 150w\" sizes=\"(max-width: 173px) 100vw, 173px\" \/>\r\n\r\n<img loading=\"lazy\" width=\"169\" height=\"173\" src=\"https:\/\/www.mostostal.siedlce.pl\/wp-content\/uploads\/2017\/06\/spiralne5.jpg\" alt=\"Schody spiralne\" class=\"pic25 wp-image-1190\" \/>\r\n\r\n<img loading=\"lazy\" width=\"173\" height=\"173\" src=\"https:\/\/www.mostostal.siedlce.pl\/wp-content\/uploads\/2017\/06\/spiralne4.jpg\" alt=\"Schody spiralne\"  class=\"pic25 wp-image-1191\" srcset=\"https:\/\/www.mostostal.siedlce.pl\/de\/wp-content\/uploads\/2017\/06\/spiralne4.jpg 173w, https:\/\/www.mostostal.siedlce.pl\/de\/wp-content\/uploads\/2017\/06\/spiralne4-150x150.jpg 150w\" sizes=\"(max-width: 173px) 100vw, 173px\" \/>\r\n\r\n<\/div>\r\n\r\n\r\n\r\n<p>\r\nAls Erg\u00e4nzung zu unserem Angebot gelten Gel\u00e4nder f\u00fcr Spindeltreppen. Neben der drei in der Zeichnung dargestellten Erzeugnissen  stellen wir auch andere Gel\u00e4nder-Typen nach  Kundenprojekten her.\r\n<\/p>\r\n\r\n<!--\r\n<div class=\"picwrapper\">\r\n  <img loading=\"lazy\" src=\"https:\/\/www.mostostal.siedlce.pl\/wp-content\/uploads\/2017\/08\/typy barierek.png\" alt=\"Typy barierek schod\u00f3w spiralnych\" width=\"400\" height=\"400\" class=\"pic100 wp-image-2429\" \/>\r\n<\/div>\r\n-->\r\n\r\n<\/div>\r\n\r\n\r\n\r\n\r\n","protected":false},"excerpt":{"rendered":"Spindeltreppen werden h\u00e4ufig als Zutritt zu Tankbr\u00fccken, Podesten in Industriehallen, Dachb\u00f6den, Kellern oder als Fluchttreppen usw. eingesetzt. Vorteile: Wenig Platzbedarf gegen\u00fcber den herk\u00f6mmlichen Treppen Einfache Montage M\u00f6gliche Winkelanpassung an die bestehenden Elemente (alle Stufen k\u00f6nnen um die mittlere Trags\u00e4ule gedreht werden) Geringes Gewicht gegen\u00fcber der Treppenh\u00f6he Niedriger Preis im Vergleich zu herk\u00f6mmlichen Treppen Die Spindeltreppe [&hellip;]","protected":false},"author":1,"featured_media":0,"parent":240,"menu_order":0,"comment_status":"closed","ping_status":"closed","template":"","meta":[],"_links":{"self":[{"href":"https:\/\/www.mostostal.siedlce.pl\/de\/wp-json\/wp\/v2\/pages\/273"}],"collection":[{"href":"https:\/\/www.mostostal.siedlce.pl\/de\/wp-json\/wp\/v2\/pages"}],"about":[{"href":"https:\/\/www.mostostal.siedlce.pl\/de\/wp-json\/wp\/v2\/types\/page"}],"author":[{"embeddable":true,"href":"https:\/\/www.mostostal.siedlce.pl\/de\/wp-json\/wp\/v2\/users\/1"}],"replies":[{"embeddable":true,"href":"https:\/\/www.mostostal.siedlce.pl\/de\/wp-json\/wp\/v2\/comments?post=273"}],"version-history":[{"count":4,"href":"https:\/\/www.mostostal.siedlce.pl\/de\/wp-json\/wp\/v2\/pages\/273\/revisions"}],"predecessor-version":[{"id":3199,"href":"https:\/\/www.mostostal.siedlce.pl\/de\/wp-json\/wp\/v2\/pages\/273\/revisions\/3199"}],"up":[{"embeddable":true,"href":"https:\/\/www.mostostal.siedlce.pl\/de\/wp-json\/wp\/v2\/pages\/240"}],"wp:attachment":[{"href":"https:\/\/www.mostostal.siedlce.pl\/de\/wp-json\/wp\/v2\/media?parent=273"}],"curies":[{"name":"wp","href":"https:\/\/api.w.org\/{rel}","templated":true}]}}