{"id":277,"date":"2017-06-16T06:36:28","date_gmt":"2017-06-16T06:36:28","guid":{"rendered":"http:\/\/localhost\/mostostal_siedlce\/?page_id=277"},"modified":"2018-02-02T09:06:43","modified_gmt":"2018-02-02T09:06:43","slug":"treppenstufen","status":"publish","type":"page","link":"https:\/\/www.mostostal.siedlce.pl\/de\/gitterroste\/angebot\/treppe\/treppenstufen\/","title":{"rendered":"Treppenstufen"},"content":{"rendered":"<div class=\"textwrapper\">\r\n<p>\r\nUnsere universalen Treppenstufen werden aus Schwei\u00dfpress- und Pressrosten gefertigt. Ihre Vorteile sind: gelungene  Kombination aus Leichtigkeit und Haltbarkeit, einfache Montage, die h\u00f6chste Best\u00e4ndigkeit gegen Witterungsverh\u00e4ltnisse durch Feuerverzinkung.\r\n<\/p>\r\n\r\n<div class=\"picwrapper\">\r\n<img loading=\"lazy\" src=\"https:\/\/www.mostostal.siedlce.pl\/wp-content\/uploads\/2017\/08\/Standardowy stopie\u0144 z kraty prasowanej ocynkowany  100x50.jpg\" alt=\" Standardowy stopie\u0144 z kraty prasowanej ocynkowanej\" width=\"800\" height=\"400\" class=\"pic50x25 wp-image-2393\" \/>\r\n\r\n<img loading=\"lazy\" src=\"https:\/\/www.mostostal.siedlce.pl\/wp-content\/uploads\/2017\/08\/Standardowy stopie\u0144 z kraty zgrzewanej ocynkowany  100x50.jpg\" alt=\"Standardowy stopie\u0144 z kraty zgrzewanej ocynkowany\" width=\"800\" height=\"400\" class=\"pic50x25 wp-image-2394\" \/>\r\n\r\n<img loading=\"lazy\" src=\"https:\/\/www.mostostal.siedlce.pl\/wp-content\/uploads\/2017\/08\/Standardowy stopie\u0144 SERRATED z kraty zgrzewanej ocynkowany 001  100x50.jpg\" alt=\"Standardowy stopie\u0144 serrated z kraty zgrzewanej ocynkowany\" width=\"800\" height=\"400\" class=\"pic50x25 wp-image-2391\" \/>\r\n\r\n<img loading=\"lazy\" src=\"https:\/\/www.mostostal.siedlce.pl\/wp-content\/uploads\/2017\/08\/Standardowy stopie\u0144 SERRATED z kraty zgrzewanej ocynkowany 002 100x50.jpg\" alt=\"Standardowy stopie\u0144 serrated z kraty zgrzewanej ocynkowany\" width=\"800\" height=\"400\" class=\"pic50x25 wp-image-2392\" \/>\r\n<\/div>\r\n\r\n\r\n<p>\r\nJede Treppenstufe ist mit einer speziellen rutschhemmenden Leiste zur Verbesserung der Trittsicherheit versehen. Eine zus\u00e4tzliche Funktion der Leiste ist es, die Treppenstufe an den am meisten beanspruchten Stellen zu versteifen.\r\n<\/p>\r\n\r\nWir bieten auch das Befestigungsmaterial f\u00fcr Treppenstufen an:\r\n<ul>\r\n<li>Schraube M12x35 nach DIN 558<\/li>\r\n<li>Mutter M12 nach DIN 555<\/li>\r\n<li>Unterlegscheibe d13 nach DIN 125<\/li>\r\n<\/ul>\r\n\r\n<\/div>\r\n<div class=\"textwrapper ttextwrapper\">\r\n\r\n<table id=\"smalltable\" class=\"mstripes shad-2 is100p\">\r\n<caption>\r\nEmpfohlene Abmessungen der Treppenstufen \r\n<\/caption>\r\n<thead>\r\n<tr>\r\n  <th>L<\/th>\r\n  <th>B<\/th>\r\n  <th>h<\/th>\r\n  <th>n<\/th>\r\n<\/tr>\r\n<\/thead>\r\n<tbody>\r\n  <tr>\r\n    <td rowspan=\"5\">600<\/td>\r\n    <td>240<\/td>\r\n    <td rowspan=\"20\">\r\nT<br>r<br>a<br>g<br>s<br>t<br>a<br>b<br>&#8211;<br>G<br>r<br>\u00f6<br>\u00df<br>e<br>n\r\n<\/td>\r\n    <td>120<\/td>\r\n  <\/tr>\r\n  <tr>\r\n\r\n    <td>260<\/td>\r\n\r\n    <td>150<\/td>\r\n  <\/tr>\r\n  <tr>\r\n\r\n    <td>270<\/td>\r\n\r\n    <td>150<\/td>\r\n  <\/tr>\r\n  <tr>\r\n\r\n    <td>295<\/td>\r\n\r\n    <td>180<\/td>\r\n  <\/tr>\r\n  <tr>\r\n\r\n    <td>305<\/td>\r\n\r\n    <td>180<\/td>\r\n  <\/tr>\r\n\r\n\r\n\r\n\r\n  <tr>\r\n    <td rowspan=\"5\">800<\/td>\r\n    <td>240<\/td>\r\n    <td>120<\/td>\r\n  <\/tr>\r\n  <tr>\r\n\r\n    <td>260<\/td>\r\n\r\n    <td>150<\/td>\r\n  <\/tr>\r\n  <tr>\r\n\r\n    <td>270<\/td>\r\n\r\n    <td>150<\/td>\r\n  <\/tr>\r\n  <tr>\r\n\r\n    <td>295<\/td>\r\n\r\n    <td>180<\/td>\r\n  <\/tr>\r\n  <tr>\r\n\r\n    <td>305<\/td>\r\n\r\n    <td>180<\/td>\r\n  <\/tr>\r\n\r\n\r\n\r\n\r\n  <tr>\r\n    <td rowspan=\"5\">1000<\/td>\r\n    <td>240<\/td>\r\n    <td>120<\/td>\r\n  <\/tr>\r\n  <tr>\r\n\r\n    <td>260<\/td>\r\n\r\n    <td>150<\/td>\r\n  <\/tr>\r\n  <tr>\r\n\r\n    <td>270<\/td>\r\n\r\n    <td>150<\/td>\r\n  <\/tr>\r\n  <tr>\r\n\r\n    <td>295<\/td>\r\n\r\n    <td>180<\/td>\r\n  <\/tr>\r\n  <tr>\r\n\r\n    <td>305<\/td>\r\n\r\n    <td>180<\/td>\r\n  <\/tr>\r\n\r\n\r\n\r\n\r\n  <tr>\r\n    <td rowspan=\"5\">1200<\/td>\r\n    <td>240<\/td>\r\n    <td>120<\/td>\r\n  <\/tr>\r\n  <tr>\r\n\r\n    <td>260<\/td>\r\n\r\n    <td>150<\/td>\r\n  <\/tr>\r\n  <tr>\r\n\r\n    <td>270<\/td>\r\n\r\n    <td>150<\/td>\r\n  <\/tr>\r\n  <tr>\r\n\r\n    <td>295<\/td>\r\n\r\n    <td>180<\/td>\r\n  <\/tr>\r\n  <tr>\r\n\r\n    <td>305<\/td>\r\n\r\n    <td>180<\/td>\r\n  <\/tr>\r\n<\/tbody>\r\n<\/table>\r\n\r\n<\/div>\r\n<div class=\"textwrapper\">\r\n\r\n<p>\r\nWir fertigen auch die Stufen mit anderen Abmessungen als Angaben in der Tabelle nach Vorliegen der Kundenzeichnung der Seitenplatte.\r\n<\/p>\r\n\r\n\r\n\r\n<div class=\"picwrapper\">\r\n\r\n<!--\r\n<img loading=\"lazy\" src=\"https:\/\/www.mostostal.siedlce.pl\/wp-content\/uploads\/2017\/08\/standardowa blacha boczna.png\" alt=\"Standardowa blacha boczna\" width=\"400\" height=\"400\" class=\"pic50 wp-image-2435\" \/>\r\n<img loading=\"lazy\" src=\"https:\/\/www.mostostal.siedlce.pl\/wp-content\/uploads\/2017\/08\/opis stopnia standardowego.png\" alt=\"Opis stopnia standardowego\" width=\"400\" height=\"400\" class=\"pic50 wp-image-2434\" \/>\r\n<img loading=\"lazy\" src=\"https:\/\/www.mostostal.siedlce.pl\/wp-content\/uploads\/2017\/08\/stopnie spiralne.png\" alt=\"Stopnie spiralne - schemat\" width=\"400\" height=\"400\" class=\"pic50 wp-image-2428\" \/>\r\n-->\r\n\r\n<img loading=\"lazy\" src=\"https:\/\/www.mostostal.siedlce.pl\/wp-content\/uploads\/2017\/06\/Stopnie-tulejowe-002.jpg\" alt=\"Stopnie tulejowe\" width=\"400\" height=\"400\" class=\"pic50 wp-image-2089\" srcset=\"https:\/\/www.mostostal.siedlce.pl\/de\/wp-content\/uploads\/2017\/06\/Stopnie-tulejowe-002.jpg 400w, https:\/\/www.mostostal.siedlce.pl\/de\/wp-content\/uploads\/2017\/06\/Stopnie-tulejowe-002-150x150.jpg 150w, https:\/\/www.mostostal.siedlce.pl\/de\/wp-content\/uploads\/2017\/06\/Stopnie-tulejowe-002-300x300.jpg 300w\" sizes=\"(max-width: 400px) 100vw, 400px\" \/>\r\n\r\n<\/div>\r\n\r\n<\/div>\r\n\r\n\r\n\t\r\n","protected":false},"excerpt":{"rendered":"Unsere universalen Treppenstufen werden aus Schwei\u00dfpress- und Pressrosten gefertigt. Ihre Vorteile sind: gelungene Kombination aus Leichtigkeit und Haltbarkeit, einfache Montage, die h\u00f6chste Best\u00e4ndigkeit gegen Witterungsverh\u00e4ltnisse durch Feuerverzinkung. Jede Treppenstufe ist mit einer speziellen rutschhemmenden Leiste zur Verbesserung der Trittsicherheit versehen. Eine zus\u00e4tzliche Funktion der Leiste ist es, die Treppenstufe an den am meisten beanspruchten Stellen [&hellip;]","protected":false},"author":1,"featured_media":0,"parent":240,"menu_order":0,"comment_status":"closed","ping_status":"closed","template":"","meta":[],"_links":{"self":[{"href":"https:\/\/www.mostostal.siedlce.pl\/de\/wp-json\/wp\/v2\/pages\/277"}],"collection":[{"href":"https:\/\/www.mostostal.siedlce.pl\/de\/wp-json\/wp\/v2\/pages"}],"about":[{"href":"https:\/\/www.mostostal.siedlce.pl\/de\/wp-json\/wp\/v2\/types\/page"}],"author":[{"embeddable":true,"href":"https:\/\/www.mostostal.siedlce.pl\/de\/wp-json\/wp\/v2\/users\/1"}],"replies":[{"embeddable":true,"href":"https:\/\/www.mostostal.siedlce.pl\/de\/wp-json\/wp\/v2\/comments?post=277"}],"version-history":[{"count":5,"href":"https:\/\/www.mostostal.siedlce.pl\/de\/wp-json\/wp\/v2\/pages\/277\/revisions"}],"predecessor-version":[{"id":3281,"href":"https:\/\/www.mostostal.siedlce.pl\/de\/wp-json\/wp\/v2\/pages\/277\/revisions\/3281"}],"up":[{"embeddable":true,"href":"https:\/\/www.mostostal.siedlce.pl\/de\/wp-json\/wp\/v2\/pages\/240"}],"wp:attachment":[{"href":"https:\/\/www.mostostal.siedlce.pl\/de\/wp-json\/wp\/v2\/media?parent=277"}],"curies":[{"name":"wp","href":"https:\/\/api.w.org\/{rel}","templated":true}]}}