{"id":285,"date":"2017-06-16T07:23:20","date_gmt":"2017-06-16T07:23:20","guid":{"rendered":"http:\/\/localhost\/mostostal_siedlce\/?page_id=285"},"modified":"2019-05-24T06:44:05","modified_gmt":"2019-05-24T06:44:05","slug":"verwendete-techniken","status":"publish","type":"page","link":"https:\/\/www.mostostal.siedlce.pl\/de\/stahlkonstruktionen\/verwendete-techniken\/","title":{"rendered":"Verwendete Techniken"},"content":{"rendered":"<div class=\"textwrapper\">\r\n<h4 class=\"mt0\">Folgende Techniken werden von Mostostal Siedlce bei Stahlbau verwendet: <\/h4>\r\n<div class=\"mfloatcontainer\">\r\n  <div class=\"hider\">\r\n    <img loading=\"lazy\" width=\"600\" height=\"900\" src=\"https:\/\/www.mostostal.siedlce.pl\/wp-content\/uploads\/2017\/06\/PG_151126_248.jpg\" alt=\"ci\u0119cie termiczne\" class=\"mfloatingtoright mresponsive shad-1 wp-image-455\" srcset=\"https:\/\/www.mostostal.siedlce.pl\/de\/wp-content\/uploads\/2017\/06\/PG_151126_248.jpg 600w, https:\/\/www.mostostal.siedlce.pl\/de\/wp-content\/uploads\/2017\/06\/PG_151126_248-200x300.jpg 200w\" sizes=\"(max-width: 600px) 100vw, 600px\" \/>\r\n  <\/div>\r\n<div class=\"floatingtonone\">\r\n\r\n<ul>\r\n\t\r\n<li>Strahlreinigung von Materialien und Produkten in Reinigungs- und Durchlaufkammern\r\n<\/li>\r\n<li>Thermisches Schneiden von Blechen mit Laser, Sauerstoff und Plasma \r\n<\/li>\r\n<li>Thermisches Schneiden von Formen in Stahlprofilen unter Einsatz von Industrierobotern \r\n<\/li>\r\n<li>Mechanisches Schneiden von Profilen mit Band- und Kreiss\u00e4gen\r\n<\/li>\r\n<li>Mechanisches Schneiden von Blechen und Profilen mit Guillotine \r\n<\/li>\r\n<li>Bohren von L\u00f6chern in Profilen, Blechen und B\u00e4ndern\r\n<\/li>\r\n<li>Stanzen von L\u00f6chern in Profilen, Blechen und B\u00e4ndern\r\n<\/li>\r\n<li>Biegen und Richten auf hydraulischen vertikalen  und auf horizontalen Abkantpressen\r\n<\/li>\r\n<li>Blechspannen (bis 32 mm)\r\n<\/li>\r\n<li>Bearbeitung mit mechanischen Pressen\r\n<\/li>\r\n<li>Bearbeitung von Blechkanten und Profilen mit beschichteten Schleifb\u00e4ndern f\u00fcr eine sehr gute Vorbereitung der Kanten zum Schwei\u00dfprozess\r\n<\/li>\r\n<li>Spanendes Formen von Gegenst\u00e4nden mit einer gro\u00dfen, modernen Fr\u00e4sanlage: Tischverschiebung X-13000, Y-4000, Z-1700, Tischbelastung bis  20 Tonnen\r\n<\/li>\r\n<li>Fertigung von Schwei\u00dfpressrosten auf  automatisierten Fertigungsstra\u00dfen  (EVG I \u2013 ca. 1000 Tonnen\/monatlich, EVG II \u2013 ca. 1300 Tonnen\/monatlich., EVG III \u2013ca.  1300 Tonnen\/monatlich., EVG IV &#8211; ca. 1500 Tonnen\/monatlich.) und Pressrosten  \u2013  Form nach Kundenbestellung \r\n<\/li>\r\n<li>Manuelles, mechanisiertes, halbautomatisches, automatisches Schwei\u00dfen von Blechtr\u00e4gern in folgenden Verfahren:  MAG (135), MAG (136), SAW (121), ASW (783), E (111), davon 121 i 135 (136) auf den automatisierten Hochleistungsfertigungsstra\u00dfen;  verarbeitete  Materialien sind St\u00e4hle von S235 bis S690, Ausf\u00fchrung:+AR, +N, +M, N, NL, M, ML, Q, QL nach EN 10025.<\/li>\r\n\r\n\r\n<\/ul>\r\n\r\n<\/div>\r\n\r\n<\/div>\r\n\r\n<div class=\"picwrapper\">\r\n\r\n<img loading=\"lazy\" src=\"https:\/\/www.mostostal.siedlce.pl\/wp-content\/uploads\/2017\/06\/IMG_5689-1.jpg\" alt=\"spawanie\" width=\"800\" height=\"400\" class=\"pic50x25 wp-image-2066\" srcset=\"https:\/\/www.mostostal.siedlce.pl\/de\/wp-content\/uploads\/2017\/06\/IMG_5689-1.jpg 800w, https:\/\/www.mostostal.siedlce.pl\/de\/wp-content\/uploads\/2017\/06\/IMG_5689-1-300x150.jpg 300w, https:\/\/www.mostostal.siedlce.pl\/de\/wp-content\/uploads\/2017\/06\/IMG_5689-1-768x384.jpg 768w\" sizes=\"(max-width: 800px) 100vw, 800px\" \/>\r\n\r\n<img loading=\"lazy\" src=\"https:\/\/www.mostostal.siedlce.pl\/wp-content\/uploads\/2017\/06\/IMG_20170718_110644.jpg\" alt=\"konstrukcje\" width=\"800\" height=\"400\" class=\"pic50x25 wp-image-2067\" srcset=\"https:\/\/www.mostostal.siedlce.pl\/de\/wp-content\/uploads\/2017\/06\/IMG_20170718_110644.jpg 800w, https:\/\/www.mostostal.siedlce.pl\/de\/wp-content\/uploads\/2017\/06\/IMG_20170718_110644-300x150.jpg 300w, https:\/\/www.mostostal.siedlce.pl\/de\/wp-content\/uploads\/2017\/06\/IMG_20170718_110644-768x384.jpg 768w\" sizes=\"(max-width: 800px) 100vw, 800px\" \/>\r\n<\/div>\r\n\r\n\r\n<\/div>","protected":false},"excerpt":{"rendered":"Folgende Techniken werden von Mostostal Siedlce bei Stahlbau verwendet: Strahlreinigung von Materialien und Produkten in Reinigungs- und Durchlaufkammern Thermisches Schneiden von Blechen mit Laser, Sauerstoff und Plasma Thermisches Schneiden von Formen in Stahlprofilen unter Einsatz von Industrierobotern Mechanisches Schneiden von Profilen mit Band- und Kreiss\u00e4gen Mechanisches Schneiden von Blechen und Profilen mit Guillotine Bohren von [&hellip;]","protected":false},"author":1,"featured_media":0,"parent":30,"menu_order":0,"comment_status":"closed","ping_status":"closed","template":"","meta":[],"_links":{"self":[{"href":"https:\/\/www.mostostal.siedlce.pl\/de\/wp-json\/wp\/v2\/pages\/285"}],"collection":[{"href":"https:\/\/www.mostostal.siedlce.pl\/de\/wp-json\/wp\/v2\/pages"}],"about":[{"href":"https:\/\/www.mostostal.siedlce.pl\/de\/wp-json\/wp\/v2\/types\/page"}],"author":[{"embeddable":true,"href":"https:\/\/www.mostostal.siedlce.pl\/de\/wp-json\/wp\/v2\/users\/1"}],"replies":[{"embeddable":true,"href":"https:\/\/www.mostostal.siedlce.pl\/de\/wp-json\/wp\/v2\/comments?post=285"}],"version-history":[{"count":4,"href":"https:\/\/www.mostostal.siedlce.pl\/de\/wp-json\/wp\/v2\/pages\/285\/revisions"}],"predecessor-version":[{"id":3475,"href":"https:\/\/www.mostostal.siedlce.pl\/de\/wp-json\/wp\/v2\/pages\/285\/revisions\/3475"}],"up":[{"embeddable":true,"href":"https:\/\/www.mostostal.siedlce.pl\/de\/wp-json\/wp\/v2\/pages\/30"}],"wp:attachment":[{"href":"https:\/\/www.mostostal.siedlce.pl\/de\/wp-json\/wp\/v2\/media?parent=285"}],"curies":[{"name":"wp","href":"https:\/\/api.w.org\/{rel}","templated":true}]}}