{"id":3433,"date":"2018-07-09T12:59:52","date_gmt":"2018-07-09T12:59:52","guid":{"rendered":"https:\/\/www.mostostal.siedlce.pl\/de\/?page_id=3433"},"modified":"2018-07-10T08:17:06","modified_gmt":"2018-07-10T08:17:06","slug":"verantwortungsvolles-unternehmerisches-verhalten","status":"publish","type":"page","link":"https:\/\/www.mostostal.siedlce.pl\/de\/uber-das-unternehmen\/verantwortungsvolles-unternehmerisches-verhalten\/","title":{"rendered":"Verantwortungsvolles unternehmerisches Verhalten"},"content":{"rendered":"<div class=\"textwrapper\">\r\n  <h2>Soziale Verantwortung der Unternehmer<\/h2>\r\n  <p class=\"mb0\">\r\n    In unserer t\u00e4glichen Gesch\u00e4ftst\u00e4tigkeit verfolgen wir die Prinzipien der nachhaltigen Entwicklung  und wir erkl\u00e4ren, dass wir die Grunds\u00e4tze der sozialen Verantwortung beachten, wobei wir den Schwerpunkt insbesondere auf folgende Fragen legen:\r\n  <\/p>\r\n  <ul>\r\n    <li>Gesundheitsschutz und Arbeitssicherheit der Mitarbeiter (Arbeitshygiene, Schulungen, Mitarbeiterbildung, Einf\u00fchrung der Produktionsverfahren zur Erh\u00f6hung der Sicherheit);<\/li>\r\n    <li>Arbeitsverh\u00e4ltnisse,  d.h.  Mitwirkung der Mitarbeiter sowohl innerhalb des Unternehmens (Besch\u00e4ftigungsverfahren und  menschenw\u00fcrdige Arbeitsbedingungen, Chancenvielfalt und Chancengleichheit, Achtung der Menschenrechte, d.h. ohne Diskriminierung, Zwangsarbeit, Kinderarbeit) als auch zwischen unserem Unternehmen und  unseren Lieferanten, Subunternehmern und den Wettbewerbern;<\/li>\r\n    <li>Respekt f\u00fcr die Umwelt und nachhaltige Nutzung der nat\u00fcrlichen Ressourcen, Verringerung der Emissionen von Schadstoffen und  feste Investitionsausgaben f\u00fcr den Umweltschutz;<\/li>\r\n    <li>Faire, gerechte und ethische Gesch\u00e4ftspraktiken,  Beachtung von Corporate Governance, d.h. Beachtung der Normen und Grunds\u00e4tze der Gesch\u00e4ftsf\u00fchrung und kontinuierliche Verbesserung der Effizienz der Gesch\u00e4ftsf\u00fchrung im Konzern  Polimex Mostostal S.A.;<\/li>\r\n    <li>Produktverantwortung, d.h. Sorge f\u00fcr h\u00f6chste Qualit\u00e4t der angebotenen  Produkte und Dienstleistungen, Gesundheit und Sicherheit der Verbraucher,  Kennzeichnung von Produkten und Dienstleistungen,<\/li>\r\n<li>Beteiligung an den Aktivit\u00e4ten lokaler Gemeinschaften<\/li>\r\n  <\/ul>\r\n  <div class=\"picwrapper\">\r\n    <img loading=\"lazy\" src=\"https:\/\/www.mostostal.siedlce.pl\/wp-content\/uploads\/2018\/07\/cup.jpg\" alt=\"\" width=\"400\" height=\"200\" class=\"pic50x25\"\r\n    \/>\r\n    <img loading=\"lazy\" src=\"https:\/\/www.mostostal.siedlce.pl\/wp-content\/uploads\/2018\/07\/build.jpg\" alt=\"\" width=\"400\" height=\"200\" class=\"pic50x25\"\r\n    \/>\r\n  <\/div>\r\n  <p class=\"mb0\">\r\n    Durch Integration der sozialen und wirtschaftlichen Ziele erf\u00fcllen wir folgende Aufgaben:\r\n  <\/p>\r\n  <ul>\r\n    <li>Kooperation und Entwicklung dauerhafter Beziehungen zu diversen Unternehmen, Ankn\u00fcpfen von Partnerschaften, Entwicklung neuer Beziehungen, die f\u00fcr jeden Teilnehmer und seine Umgebung vorteilhaft sind;<\/li>\r\n    <li>Entwicklung sozialer Innovationen durch Synergien mit Unternehmen, die Aktivit\u00e4ten einer anderen Art verfolgen;\r\n    <\/li>\r\n    <li>Entwicklung gemeinsamer Werte f\u00fcr die Gesch\u00e4ftspartner und lokale Gemeinschaften;<\/li>\r\n    <li>Erkennen, Gegenwirken und Verringern m\u00f6glicher negativer Auswirkungen der Gesch\u00e4ftst\u00e4tigkeit unseres Unternehmens und Sensibilisierung unserer Mitarbeiter und Interessierter f\u00fcr \u00f6kologische Fragen.<\/li>\r\n  <\/ul>\r\n\r\n  <p class=\"mb0\">\r\nDie Prinzipien  der sozial verantwortlichen Gesch\u00e4ftspolitik wird von uns wie folgt verfolgt:\r\n  <\/p>\r\n  <ul>\r\n    <li>Zusammenarbeit durch Dialog in den Beziehungen mir den Kunden, Lieferanten und Gesch\u00e4ftspartnern \u2013 wir konzentrieren  uns auf die Entwicklung der langfristigen Beziehungen, basierend auf Fairness, Partnerschaft und Ehrlichkeit. Wir wollen die Erwartungen und Anforderungen der Kunden nach der von unserem Unternehmen verfolgten Mission und Vision erf\u00fcllen. Wir verbessern st\u00e4ndig den Gesundheitsschutz und die Sicherheit am Arbeitsplatz.<\/li>\r\n    <li>Sicherung der  menschenw\u00fcrdigen Arbeitsbedingungen  \u2013 wir folgen dem Prinzip, dass die Mitarbeiter der gr\u00f6\u00dfte Wert des Unternehmens  und die Basis f\u00fcr den Unternehmenserfolg sind. Deswegen sorgen wir f\u00fcr unsere Mitarbeiter, deren Sicherheit und Gesundheit. Wir investieren in ihre Weiterbildung und wir f\u00f6rdern sie bei Verbesserung ihrer Qualifikationen.  Wir aktivieren unsere Mitarbeiter durch Teilnahme an den Wettbewerbern im Bereich von Gesundheitsschutz und Arbeitssicherheit.<\/li>\r\n    <li>F\u00f6rderung der familienfreundlichen Werte  \u2013 wir halten das Familienleben f\u00fcr h\u00f6chsten Wert und wir unterst\u00fctzen die Familien-Initiativen, basierend auf dem Prinzip von Harmonie und Gleichgewicht zwischen der Familie, dem Privatleben und der Arbeit. Wir unterst\u00fctzen finanziell unsere Mitarbeite in schwieriger Lebenslage.<\/li>\r\n    <li>Wir unterst\u00fctzen lokale Gemeinschaften  \u2013 wir versuchen vor allem, ein guter Nachbar zu sein. Deswegen  legen wir gro\u00dfen Wert auf den Dialog mit der lokalen Gemeinschaft durch aktive Teilnahme an den sozialen und kulturellen Initiativen. Wir f\u00f6rdern finanziell, materiell und organisatorisch  diverse Vorhaben: Bildungs-, patriotische, karitative, soziale und Sportaktivit\u00e4ten (z.B. Vertr\u00e4ge \u00fcber die Zusammenarbeit mit den Lehranstalten, aktive Teilnahme an den  Veranstaltungen zur Erinnerung an wichtige Jubil\u00e4en, Schenkungen f\u00fcr bed\u00fcrftige, kranke, behinderte Personen, F\u00f6rderung der Entwicklung von K\u00f6rperkultur und Sport, Eingliederung in den Arbeitsprozess).<\/li>\r\n    <li>Sorge f\u00fcr Umwelt \u2013 wir legen gro\u00dfen Wert auf  Umweltschutzanforderungen. Wir \u00fcberwachen unsere Einflussnahme auf die Umwelt und reagieren auf jegliche Hinweise auf Gefahren. Im Rahmen des  Integrierten Managementsystems betreiben wir ein Umweltmanagementmodell nach ISO 14001. Durch regelm\u00e4\u00dfige Pr\u00fcfung des Systems verbessern wir st\u00e4ndig unsere operativen T\u00e4tigkeiten, wobei die negative Einflussnahme auf die Umwelt durch Reduzierung von Emissionen und Rationalisierung von Energieverbrauch vermindert wird.<\/li>\r\n  <\/ul>\r\n  <div class=\"picwrapper\">\r\n    <img loading=\"lazy\" src=\"https:\/\/www.mostostal.siedlce.pl\/wp-content\/uploads\/2018\/07\/env.jpg\" alt=\"\" width=\"400\" height=\"200\" class=\"pic50x25\"\r\n    \/>\r\n    <img loading=\"lazy\" src=\"https:\/\/www.mostostal.siedlce.pl\/wp-content\/uploads\/2018\/07\/bhp.jpg\" alt=\"\" width=\"400\" height=\"200\" class=\"pic50x25\"\r\n    \/>\r\n  <\/div>\r\n<\/div>\r\n<div class=\"textwrapper\">\r\n  <h2>Verhaltensstandards f\u00fcr soziale Verantwortung f\u00fcr Lieferanten der Mostostal Siedlce<\/h2>\r\n  <p class=\"mb0\">In unserer t\u00e4glichen Gesch\u00e4ftst\u00e4tigkeit verfolgen wir die Prinzipien der nachhaltigen Entwicklung und der sozialen Verantwortung der Unternehmer  (eng. CSR \u2013 Corporate Sustainability and Responsibility). Wir streben danach, dass die Prinzipien der Politik der sozialen Verantwortung der Unternehmer  nach der angenommenen Unternehmensstrategie mit den Interessen unserer Umgebung \u00fcbereinstimmen und auf der verantwortungsvoller Ressourcennutzung basieren.<\/p>\r\n  <div class=\"picwrapper\">\r\n    <img loading=\"lazy\" src=\"https:\/\/www.mostostal.siedlce.pl\/wp-content\/uploads\/2018\/07\/calc.jpg\" alt=\"\" width=\"400\" height=\"200\" class=\"pic50x25\"\r\n    \/>\r\n    <img loading=\"lazy\" src=\"https:\/\/www.mostostal.siedlce.pl\/wp-content\/uploads\/2018\/07\/sun.jpg\" alt=\"\" width=\"400\" height=\"200\" class=\"pic50x25\"\r\n    \/>\r\n  <\/div>\r\n  <p class=\"mb0\">Wir sorgen daf\u00fcr, dass unsere Gesch\u00e4ftsbeziehungen auf  der Mitverantwortung   in allen Phasen unserer Aktivit\u00e4ten basieren, davon auch im Prozess der Kooperation mit den Lieferanten. Wir unterst\u00fctzen unsere Lieferanten bei Erweiterung ihrer Kenntnisse, Entwicklung der Praktiken und Streben nach Verbesserung ihrer sozialen Verantwortung und nachhaltigen Entwicklung. Wir erwarten, dass unsere Lieferanten  die kontinuierliche Verbesserung in folgenden Bereichen anstreben werden:<\/p>\r\n  <ul>\r\n    <li>\r\n      <strong>Sozialstandards<\/strong>\r\n      <br> &#8211; Beachtung aller Rechtsvorschriften zu Arbeitssicherheit und Gesundheitsschutz (Sorge um Sicherheit am Arbeitsplatz und Gesundheit der Mitarbeiter, Sicherung der menschenw\u00fcrdigen Arbeitsbedingungen)\r\n      <br> &#8211; Beachtung der Menschenrechte (der Grundsatz der arbeitsrechtlichen Gleichbehandlung) ohne jegliche Diskriminierung der Mitarbeiter und lokalen Gemeinschaft),  \r\n    <\/li>\r\n    <li>\r\n      <strong>Umweltstandards<\/strong>\r\n      <br> &#8211; Beachtung aller Rechtsvorschriften und Regelungen in Bezug auf die Abfallwirtschaft (Sorge f\u00fcr die Umwelt durch kontinuierliche Verbesserung des Umweltmanagements,  rationale Gewinnung und Ausnutzung der Rohstoffe und nat\u00fcrlichen Ressourcen, verantwortliche und ordnungsm\u00e4\u00dfige Abfallwirtschaft) \r\n    <\/li>\r\n    <li>\r\n      <strong>Ethische Standards<\/strong>\r\n      <br> &#8211; Einhaltung der Regeln der Ethik im Gesch\u00e4ftsleben (Entgegenwirken und Verhindern jeglicher Formen von Korruption und Interessenkonflikt, die ein Hindernis bei der ordnungsm\u00e4\u00dfigen  Erf\u00fcllung des Vertrages darstellen k\u00f6nnten).\r\n    <\/li>\r\n  <\/ul>\r\n\r\n\r\n  <p>\r\n    Maj\u0105c na uwadze pog\u0142\u0119bianie wsp\u00f3\u0142pracy opartej na partnerstwie, wzajemnym zrozumieniu, ukierunkowanym na to\u017csame podej\u015bcie\r\n    do prowadzenia odpowiedzialnego biznesu opartego o zasady zr\u00f3wnowa\u017conego rozwoju liczymy na potwierdzenie stosowania\r\n    tych standard\u00f3w.\r\n  <\/p>\r\n  <a style=\"color:orangered\" target=\"_blank\" href=\"https:\/\/www.mostostal.siedlce.pl\/wp-content\/uploads\/2018\/07\/CSR_DE.pdf\"><strong>Verhaltensstandards f\u00fcr soziale Verantwortung f\u00fcr Lieferanten<\/strong>\r\n    <span class=\"icon ia download\"><\/span>\r\n  <\/a>\r\n\r\n<\/div>","protected":false},"excerpt":{"rendered":"Soziale Verantwortung der Unternehmer In unserer t\u00e4glichen Gesch\u00e4ftst\u00e4tigkeit verfolgen wir die Prinzipien der nachhaltigen Entwicklung und wir erkl\u00e4ren, dass wir die Grunds\u00e4tze der sozialen Verantwortung beachten, wobei wir den Schwerpunkt insbesondere auf folgende Fragen legen: Gesundheitsschutz und Arbeitssicherheit der Mitarbeiter (Arbeitshygiene, Schulungen, Mitarbeiterbildung, Einf\u00fchrung der Produktionsverfahren zur Erh\u00f6hung der Sicherheit); Arbeitsverh\u00e4ltnisse, d.h. Mitwirkung der Mitarbeiter [&hellip;]","protected":false},"author":1,"featured_media":0,"parent":27,"menu_order":0,"comment_status":"closed","ping_status":"closed","template":"","meta":[],"_links":{"self":[{"href":"https:\/\/www.mostostal.siedlce.pl\/de\/wp-json\/wp\/v2\/pages\/3433"}],"collection":[{"href":"https:\/\/www.mostostal.siedlce.pl\/de\/wp-json\/wp\/v2\/pages"}],"about":[{"href":"https:\/\/www.mostostal.siedlce.pl\/de\/wp-json\/wp\/v2\/types\/page"}],"author":[{"embeddable":true,"href":"https:\/\/www.mostostal.siedlce.pl\/de\/wp-json\/wp\/v2\/users\/1"}],"replies":[{"embeddable":true,"href":"https:\/\/www.mostostal.siedlce.pl\/de\/wp-json\/wp\/v2\/comments?post=3433"}],"version-history":[{"count":2,"href":"https:\/\/www.mostostal.siedlce.pl\/de\/wp-json\/wp\/v2\/pages\/3433\/revisions"}],"predecessor-version":[{"id":3438,"href":"https:\/\/www.mostostal.siedlce.pl\/de\/wp-json\/wp\/v2\/pages\/3433\/revisions\/3438"}],"up":[{"embeddable":true,"href":"https:\/\/www.mostostal.siedlce.pl\/de\/wp-json\/wp\/v2\/pages\/27"}],"wp:attachment":[{"href":"https:\/\/www.mostostal.siedlce.pl\/de\/wp-json\/wp\/v2\/media?parent=3433"}],"curies":[{"name":"wp","href":"https:\/\/api.w.org\/{rel}","templated":true}]}}