{"id":39,"date":"2017-06-13T05:19:13","date_gmt":"2017-06-13T05:19:13","guid":{"rendered":"http:\/\/localhost\/mostostal_siedlce\/?page_id=39"},"modified":"2018-01-24T09:16:14","modified_gmt":"2018-01-24T09:16:14","slug":"maschinelle-ausstattung","status":"publish","type":"page","link":"https:\/\/www.mostostal.siedlce.pl\/de\/stahlkonstruktionen\/maschinelle-ausstattung\/","title":{"rendered":"Maschinelle Ausstattung"},"content":{"rendered":"<div class=\"textwrapper\">\r\n\r\n<p>\r\nBei der Umsetzung von Projekten verwendet Mostostal Siedlce die modernen Maschinen und Ger\u00e4te, u.a. UNION, FICEP, DEUMA, CULMAYER, ESAB.\r\n<\/p>\r\n\r\n<div class=\"picwrapper\">\r\n<img loading=\"lazy\" width=\"800\" height=\"533\" src=\"https:\/\/www.mostostal.siedlce.pl\/wp-content\/uploads\/2017\/06\/ficep.jpg\" alt=\"maszyna FICEP\" class=\"pic25 wp-image-1916\" srcset=\"https:\/\/www.mostostal.siedlce.pl\/de\/wp-content\/uploads\/2017\/06\/ficep.jpg 800w, https:\/\/www.mostostal.siedlce.pl\/de\/wp-content\/uploads\/2017\/06\/ficep-300x200.jpg 300w, https:\/\/www.mostostal.siedlce.pl\/de\/wp-content\/uploads\/2017\/06\/ficep-768x512.jpg 768w\" sizes=\"(max-width: 800px) 100vw, 800px\" \/>\r\n\r\n<img loading=\"lazy\" width=\"800\" height=\"533\" src=\"https:\/\/www.mostostal.siedlce.pl\/wp-content\/uploads\/2017\/06\/union.jpg\" alt=\"maszyna UNION\" class=\"pic25 wp-image-1917\" srcset=\"https:\/\/www.mostostal.siedlce.pl\/de\/wp-content\/uploads\/2017\/06\/union.jpg 800w, https:\/\/www.mostostal.siedlce.pl\/de\/wp-content\/uploads\/2017\/06\/union-300x200.jpg 300w, https:\/\/www.mostostal.siedlce.pl\/de\/wp-content\/uploads\/2017\/06\/union-768x512.jpg 768w\" sizes=\"(max-width: 800px) 100vw, 800px\" \/>\r\n\r\n<img loading=\"lazy\" width=\"800\" height=\"533\" src=\"https:\/\/www.mostostal.siedlce.pl\/wp-content\/uploads\/2017\/06\/deuma.jpg\" alt=\"maszyna DEUMA\" class=\"pic25 wp-image-1918\" srcset=\"https:\/\/www.mostostal.siedlce.pl\/de\/wp-content\/uploads\/2017\/06\/deuma.jpg 800w, https:\/\/www.mostostal.siedlce.pl\/de\/wp-content\/uploads\/2017\/06\/deuma-300x200.jpg 300w, https:\/\/www.mostostal.siedlce.pl\/de\/wp-content\/uploads\/2017\/06\/deuma-768x512.jpg 768w\" sizes=\"(max-width: 800px) 100vw, 800px\" \/>\r\n\r\n <img loading=\"lazy\" width=\"800\" height=\"600\" src=\"https:\/\/www.mostostal.siedlce.pl\/wp-content\/uploads\/2017\/06\/wiertarkamaa1-1.jpg\" alt=\"wiertarka FICEP\" class=\"pic25 wp-image-348\" srcset=\"https:\/\/www.mostostal.siedlce.pl\/de\/wp-content\/uploads\/2017\/06\/wiertarkamaa1-1.jpg 800w, https:\/\/www.mostostal.siedlce.pl\/de\/wp-content\/uploads\/2017\/06\/wiertarkamaa1-1-300x225.jpg 300w, https:\/\/www.mostostal.siedlce.pl\/de\/wp-content\/uploads\/2017\/06\/wiertarkamaa1-1-768x576.jpg 768w\" sizes=\"(max-width: 800px) 100vw, 800px\" \/>\r\n\r\n<\/div>\r\n<p>\r\nDie meisten Maschinen sind mit der CNC-Steuerung ausger\u00fcstet und an ein Computernetzwerk angeschlossen. Zusammen mit dem Prozessb\u00fcro bilden sie das CAD\/CAM-System. Ein Teil der Maschinen bildet eine flexible CAD\/CAM- Fertigungsstra\u00dfe f\u00fcr eine umfassende Bearbeitung von Stahlprofilen. \r\n<\/p>\r\n\r\n<div class=\"picwrapper\">\r\n<img loading=\"lazy\" src=\"https:\/\/www.mostostal.siedlce.pl\/wp-content\/uploads\/2017\/06\/IMG_5695-800x400.jpg\" alt=\"pracownicy i kontrukcje stalowe\" width=\"800\" height=\"400\" class=\"pic100x25 wp-image-2006\" srcset=\"https:\/\/www.mostostal.siedlce.pl\/de\/wp-content\/uploads\/2017\/06\/IMG_5695-800x400.jpg 800w, https:\/\/www.mostostal.siedlce.pl\/de\/wp-content\/uploads\/2017\/06\/IMG_5695-800x400-300x150.jpg 300w, https:\/\/www.mostostal.siedlce.pl\/de\/wp-content\/uploads\/2017\/06\/IMG_5695-800x400-768x384.jpg 768w\" sizes=\"(max-width: 800px) 100vw, 800px\" \/>\r\n\r\n<img loading=\"lazy\" src=\"https:\/\/www.mostostal.siedlce.pl\/wp-content\/uploads\/2017\/06\/DSC04026-800x400.jpg\" alt=\"zak\u0142ad\" width=\"800\" height=\"400\" class=\"pic100x25 wp-image-2007\" srcset=\"https:\/\/www.mostostal.siedlce.pl\/de\/wp-content\/uploads\/2017\/06\/DSC04026-800x400.jpg 800w, https:\/\/www.mostostal.siedlce.pl\/de\/wp-content\/uploads\/2017\/06\/DSC04026-800x400-300x150.jpg 300w, https:\/\/www.mostostal.siedlce.pl\/de\/wp-content\/uploads\/2017\/06\/DSC04026-800x400-768x384.jpg 768w\" sizes=\"(max-width: 800px) 100vw, 800px\" \/>\r\n<\/div>\r\n\r\n<p>\r\nBei der Steuerung der CNC-Maschinen und CNC-Fertigungsstra\u00dfen werden CAM-Daten verwendet, die aus den firmeneigenen CAD-Systemen oder von den Kunden \u00fcbermittelt werden. Nach etwaiger Korrektur und Optimierung des Materialzuschnitts sendet der Prozesstechniker die CAM-Daten durch das Computernetz an eine CNC-Prozessmaschine oder CNC-Fertigungsstra\u00dfe. Das Prozessb\u00fcro verf\u00fcgt auch \u00fcber die IT-Arbeitspl\u00e4tze f\u00fcr die automatisierte Planung der Anordnung der Gitterroste. \r\n<\/p>\r\n\r\n\r\n\r\n<\/div>","protected":false},"excerpt":{"rendered":"Bei der Umsetzung von Projekten verwendet Mostostal Siedlce die modernen Maschinen und Ger\u00e4te, u.a. UNION, FICEP, DEUMA, CULMAYER, ESAB. Die meisten Maschinen sind mit der CNC-Steuerung ausger\u00fcstet und an ein Computernetzwerk angeschlossen. Zusammen mit dem Prozessb\u00fcro bilden sie das CAD\/CAM-System. Ein Teil der Maschinen bildet eine flexible CAD\/CAM- Fertigungsstra\u00dfe f\u00fcr eine umfassende Bearbeitung von Stahlprofilen. [&hellip;]","protected":false},"author":1,"featured_media":0,"parent":30,"menu_order":0,"comment_status":"closed","ping_status":"closed","template":"","meta":[],"_links":{"self":[{"href":"https:\/\/www.mostostal.siedlce.pl\/de\/wp-json\/wp\/v2\/pages\/39"}],"collection":[{"href":"https:\/\/www.mostostal.siedlce.pl\/de\/wp-json\/wp\/v2\/pages"}],"about":[{"href":"https:\/\/www.mostostal.siedlce.pl\/de\/wp-json\/wp\/v2\/types\/page"}],"author":[{"embeddable":true,"href":"https:\/\/www.mostostal.siedlce.pl\/de\/wp-json\/wp\/v2\/users\/1"}],"replies":[{"embeddable":true,"href":"https:\/\/www.mostostal.siedlce.pl\/de\/wp-json\/wp\/v2\/comments?post=39"}],"version-history":[{"count":2,"href":"https:\/\/www.mostostal.siedlce.pl\/de\/wp-json\/wp\/v2\/pages\/39\/revisions"}],"predecessor-version":[{"id":3136,"href":"https:\/\/www.mostostal.siedlce.pl\/de\/wp-json\/wp\/v2\/pages\/39\/revisions\/3136"}],"up":[{"embeddable":true,"href":"https:\/\/www.mostostal.siedlce.pl\/de\/wp-json\/wp\/v2\/pages\/30"}],"wp:attachment":[{"href":"https:\/\/www.mostostal.siedlce.pl\/de\/wp-json\/wp\/v2\/media?parent=39"}],"curies":[{"name":"wp","href":"https:\/\/api.w.org\/{rel}","templated":true}]}}