{"id":42,"date":"2017-06-13T05:19:26","date_gmt":"2017-06-13T05:19:26","guid":{"rendered":"http:\/\/localhost\/mostostal_siedlce\/?page_id=42"},"modified":"2018-07-05T11:54:22","modified_gmt":"2018-07-05T11:54:22","slug":"geschichte","status":"publish","type":"page","link":"https:\/\/www.mostostal.siedlce.pl\/de\/uber-das-unternehmen\/geschichte\/","title":{"rendered":"Geschichte"},"content":{"rendered":"<div class=\"textwrapper\">\r\n<p><strong>Mostostal Siedlce<\/strong> geh\u00f6rt dem Konzern Polimex-Mostostal S.A. an. Die aktuelle Form der Gesellschaft entstand im Jahre 2016, als Werk Siedlce zu einer separaten Gesellschaft wurde.<\/p>\r\n\r\n<div class=\"picwrapper\">\r\n\r\n<img loading=\"lazy\" src=\"https:\/\/www.mostostal.siedlce.pl\/wp-content\/uploads\/2017\/06\/bloto1_400x400.jpg\" alt=\"Wytw\u00f3rnia Lekkich Konstrukcji Stalowych\" width=\"400\" height=\"400\" class=\"pic50 pic50alt wp-image-1980\" srcset=\"https:\/\/www.mostostal.siedlce.pl\/de\/wp-content\/uploads\/2017\/06\/bloto1_400x400.jpg 400w, https:\/\/www.mostostal.siedlce.pl\/de\/wp-content\/uploads\/2017\/06\/bloto1_400x400-150x150.jpg 150w, https:\/\/www.mostostal.siedlce.pl\/de\/wp-content\/uploads\/2017\/06\/bloto1_400x400-300x300.jpg 300w\" sizes=\"(max-width: 400px) 100vw, 400px\" \/>\r\n\r\n<img loading=\"lazy\" src=\"https:\/\/www.mostostal.siedlce.pl\/wp-content\/uploads\/2017\/06\/bloto2_400x400.jpg\" alt=\"hale Wytw\u00f3rni Lekkich Konstrukcji Stalowych\" width=\"400\" height=\"400\" class=\"pic50 pic50alt wp-image-1981\" srcset=\"https:\/\/www.mostostal.siedlce.pl\/de\/wp-content\/uploads\/2017\/06\/bloto2_400x400.jpg 400w, https:\/\/www.mostostal.siedlce.pl\/de\/wp-content\/uploads\/2017\/06\/bloto2_400x400-150x150.jpg 150w, https:\/\/www.mostostal.siedlce.pl\/de\/wp-content\/uploads\/2017\/06\/bloto2_400x400-300x300.jpg 300w\" sizes=\"(max-width: 400px) 100vw, 400px\" \/>\r\n\r\n<\/div>\r\n\r\n<p>Das Unternehmen Mostostal Siedlce wurde 1973 als Produktionsbetrieb f\u00fcr leichten Stahlbau gegr\u00fcndet. Ende der 70er Jahre wurde mit der Produktion von Stahlkonstruktionen (1975) und Gitterrosten (1977) begonnen. 1978 wurde die Feuerverzinkungsanlage Siedlce in Betrieb genommen.<\/p>\r\n\r\n<div class=\"picwrapper\">\r\n<img loading=\"lazy\" src=\"https:\/\/www.mostostal.siedlce.pl\/wp-content\/uploads\/2017\/06\/125035_800x400.jpg\" alt=\"Pomiar element\u00f3w rega\u0142\u00f3w wysokiego sk\u0142adowania\" width=\"800\" height=\"400\" class=\"pic100x50 wp-image-1978\" srcset=\"https:\/\/www.mostostal.siedlce.pl\/de\/wp-content\/uploads\/2017\/06\/125035_800x400.jpg 800w, https:\/\/www.mostostal.siedlce.pl\/de\/wp-content\/uploads\/2017\/06\/125035_800x400-300x150.jpg 300w, https:\/\/www.mostostal.siedlce.pl\/de\/wp-content\/uploads\/2017\/06\/125035_800x400-768x384.jpg 768w\" sizes=\"(max-width: 800px) 100vw, 800px\" \/>\r\n\r\n<\/div>\r\n\r\nDie Jahrhundertwende ist f\u00fcr Mostostal Siedlce eine Zeit von Ver\u00e4nderungen und Fortschritt:\r\n<ul class=\"noulstyle\">\r\n<li><strong>1993<\/strong> &#8211; Das Unternehmen wird privatisiert, es wurde die Mostostal Siedlce S.A. gegr\u00fcndet<\/li>\r\n<li><strong>1997<\/strong> &#8211; Mostostal Siedlce wurde erstmals an der Warschauer Wertpapierb\u00f6rse gelistet<\/li>\r\n<li><strong>1999<\/strong> &#8211; Die Mehrheit der Aktien von Mostostal Siedlce wird von Polimex-Cekop, einem im Jahre 1949 gegr\u00fcndeten Unternehmen \u00fcbernommen<\/li>\r\n<li><strong>2004<\/strong> &#8211; Zusammenschluss von Polimex-Cekop und Mostostal Siedlce, danach entsteht die Polimex-Mostostal Siedlce S.A.<\/li>\r\n<li><strong>2006<\/strong> &#8211; Umfirmierung der Gesellschaft f\u00fcr Polimex-Mostostal S.A.<\/li>\r\n<li><strong>2016<\/strong> &#8211; Ausgliederung aus der Polimex-Mostostal S.A. des Werks Siedlce und Gr\u00fcndung der Mostostal Siedlce Gesellschaft mit beschr\u00e4nkter Haftung Kommanditgesellschaft<\/li>\r\n<\/ul>\r\n\r\n\r\n<div class=\"picwrapper\">\r\n<img loading=\"lazy\" src=\"https:\/\/www.mostostal.siedlce.pl\/wp-content\/uploads\/2017\/06\/125049_800x400.jpg\" alt=\"Hale zak\u0142adowe Z1, Z2 i Z3\" width=\"800\" height=\"400\" class=\"pic100x50 wp-image-1979\" srcset=\"https:\/\/www.mostostal.siedlce.pl\/de\/wp-content\/uploads\/2017\/06\/125049_800x400.jpg 800w, https:\/\/www.mostostal.siedlce.pl\/de\/wp-content\/uploads\/2017\/06\/125049_800x400-300x150.jpg 300w, https:\/\/www.mostostal.siedlce.pl\/de\/wp-content\/uploads\/2017\/06\/125049_800x400-768x384.jpg 768w\" sizes=\"(max-width: 800px) 100vw, 800px\" \/>\r\n<\/div>\r\n\r\n<p>\r\nMit der Einf\u00fchrung der neuen computergesteuerten Fertigungsstra\u00dfen f\u00fcr die Produktion von Gitterrosten wurde Mostostal Siedlce zu einem der gr\u00f6\u00dften Hersteller in Polen und einem der f\u00fchrenden Unternehmen in Europa. Auf der langen Liste unserer Kunden sind die gr\u00f6\u00dften polnischen Bauunternehmen. Die von uns produzierten Gitterroste wurden bei den so bekannten Bauvorhaben, wie das neue Flughafenterminal in Pozna\u0144 oder das Geb\u00e4ude der Polens gr\u00f6\u00dften und modernsten Jagiellonen-Bibliothek in Krak\u00f3w eingesetzt.\r\n<\/p>\r\n\r\n<div class=\"picwrapper\">\r\n\r\n<img loading=\"lazy\" src=\"https:\/\/www.mostostal.siedlce.pl\/wp-content\/uploads\/2017\/06\/1908_001_800x400.jpg\" alt=\"Suwnice\" width=\"800\" height=\"400\" class=\"pic100x50 wp-image-1982\" srcset=\"https:\/\/www.mostostal.siedlce.pl\/de\/wp-content\/uploads\/2017\/06\/1908_001_800x400.jpg 800w, https:\/\/www.mostostal.siedlce.pl\/de\/wp-content\/uploads\/2017\/06\/1908_001_800x400-300x150.jpg 300w, https:\/\/www.mostostal.siedlce.pl\/de\/wp-content\/uploads\/2017\/06\/1908_001_800x400-768x384.jpg 768w\" sizes=\"(max-width: 800px) 100vw, 800px\" \/>\r\n\r\n<\/div>\r\n\r\n<p>\r\nDie h\u00f6chste Qualit\u00e4t unserer Produkte und Dienstleistungen wird durch unsere Zertifikate f\u00fcr Integriertes System f\u00fcr die Normen: ISO 9001, ISO 14001, PN-N-18001, OHSAS 18001, PN-EN ISO 3834, EN 1090 best\u00e4tigt. Der Produktionsbetrieb f\u00fcr Gitterroste besitzt die Technische Zulassung ITB und das \u201cB\u201d-Zeichen f\u00fcr Gitterroste und Treppenstufen. Unser Unternehmen erhielt bereits das sechste Mal die renommierte Europ\u00e4ische Medaille f\u00fcr Produkte und Dienstleistungen, die vom Ausschuss f\u00fcr Europ\u00e4ische Integration und Bussiness Center Club gemeinsam vergeben wird. 2000 wurde der Produktionsbetrieb f\u00fcr Gitterroste mit der Europ\u00e4ischen Medaille ausgezeichnet.\r\n<\/p>\r\n\r\n<div class=\"picwrapper\">\r\n<img loading=\"lazy\" src=\"https:\/\/www.mostostal.siedlce.pl\/wp-content\/uploads\/2017\/06\/125014_800x600.jpg\" alt=\"stary Biurowiec Mostostal Siedlce\" width=\"800\" height=\"592\" class=\"pic100x75 wp-image-1984\" srcset=\"https:\/\/www.mostostal.siedlce.pl\/de\/wp-content\/uploads\/2017\/06\/125014_800x600.jpg 800w, https:\/\/www.mostostal.siedlce.pl\/de\/wp-content\/uploads\/2017\/06\/125014_800x600-300x222.jpg 300w, https:\/\/www.mostostal.siedlce.pl\/de\/wp-content\/uploads\/2017\/06\/125014_800x600-768x568.jpg 768w\" sizes=\"(max-width: 800px) 100vw, 800px\" \/>\r\n\r\n<\/div>\r\n\r\n\r\n<p>\r\nAll dies summiert sich zu einem Bild einer dynamischen Gesellschaft, die von langj\u00e4hrigen Erfahrungen profitiert, um den wachsenden Bed\u00fcrfnissen und Anforderungen der Kunden gerecht zu werden. Das Konzernpotential erm\u00f6glicht die Realisierung sogar der gr\u00f6\u00dften Investitionsprojekte.\r\n<\/p>\r\n\r\n<div class=\"picwrapper\">\r\n\r\n<img loading=\"lazy\" src=\"https:\/\/www.mostostal.siedlce.pl\/wp-content\/uploads\/2017\/06\/IMG_20170714_075307.jpg\" alt=\"Biurowiec Mostostal Siedlce\" width=\"800\" height=\"400\" class=\"pic100x50 wp-image-2300\" srcset=\"https:\/\/www.mostostal.siedlce.pl\/de\/wp-content\/uploads\/2017\/06\/IMG_20170714_075307.jpg 800w, https:\/\/www.mostostal.siedlce.pl\/de\/wp-content\/uploads\/2017\/06\/IMG_20170714_075307-300x150.jpg 300w, https:\/\/www.mostostal.siedlce.pl\/de\/wp-content\/uploads\/2017\/06\/IMG_20170714_075307-768x384.jpg 768w\" sizes=\"(max-width: 800px) 100vw, 800px\" \/>\r\n\r\n<\/div>\r\n\r\n<\/div>\r\n\r\n\r\n\r\n\r\n\r\n\r\n\r\n\r\n\r\n\r\n\r\n\r\n\r\n\r\n","protected":false},"excerpt":{"rendered":"Mostostal Siedlce geh\u00f6rt dem Konzern Polimex-Mostostal S.A. an. Die aktuelle Form der Gesellschaft entstand im Jahre 2016, als Werk Siedlce zu einer separaten Gesellschaft wurde. Das Unternehmen Mostostal Siedlce wurde 1973 als Produktionsbetrieb f\u00fcr leichten Stahlbau gegr\u00fcndet. Ende der 70er Jahre wurde mit der Produktion von Stahlkonstruktionen (1975) und Gitterrosten (1977) begonnen. 1978 wurde die [&hellip;]","protected":false},"author":1,"featured_media":0,"parent":27,"menu_order":0,"comment_status":"closed","ping_status":"closed","template":"","meta":[],"_links":{"self":[{"href":"https:\/\/www.mostostal.siedlce.pl\/de\/wp-json\/wp\/v2\/pages\/42"}],"collection":[{"href":"https:\/\/www.mostostal.siedlce.pl\/de\/wp-json\/wp\/v2\/pages"}],"about":[{"href":"https:\/\/www.mostostal.siedlce.pl\/de\/wp-json\/wp\/v2\/types\/page"}],"author":[{"embeddable":true,"href":"https:\/\/www.mostostal.siedlce.pl\/de\/wp-json\/wp\/v2\/users\/1"}],"replies":[{"embeddable":true,"href":"https:\/\/www.mostostal.siedlce.pl\/de\/wp-json\/wp\/v2\/comments?post=42"}],"version-history":[{"count":3,"href":"https:\/\/www.mostostal.siedlce.pl\/de\/wp-json\/wp\/v2\/pages\/42\/revisions"}],"predecessor-version":[{"id":3431,"href":"https:\/\/www.mostostal.siedlce.pl\/de\/wp-json\/wp\/v2\/pages\/42\/revisions\/3431"}],"up":[{"embeddable":true,"href":"https:\/\/www.mostostal.siedlce.pl\/de\/wp-json\/wp\/v2\/pages\/27"}],"wp:attachment":[{"href":"https:\/\/www.mostostal.siedlce.pl\/de\/wp-json\/wp\/v2\/media?parent=42"}],"curies":[{"name":"wp","href":"https:\/\/api.w.org\/{rel}","templated":true}]}}