{"id":46,"date":"2017-06-13T05:24:32","date_gmt":"2017-06-13T05:24:32","guid":{"rendered":"http:\/\/localhost\/mostostal_siedlce\/?page_id=46"},"modified":"2018-07-03T07:33:35","modified_gmt":"2018-07-03T07:33:35","slug":"angebot","status":"publish","type":"page","link":"https:\/\/www.mostostal.siedlce.pl\/de\/stahlkonstruktionen\/angebot\/","title":{"rendered":"Angebot"},"content":{"rendered":"<div class=\"textwrapper ttextwrapper\">\r\n<div class=\"modulewrapper\">\r\n<a href=\"#konstr\">\r\n  <div class=\"modulesw\">\r\n  <div id=\"konsoferta\" class=\"moduleitem modulebigger\">\r\n    <div class=\"modulelabel modb-2\">\r\n      <div class=\"moduletext\">\r\n      Stahl- konstruk- tionen\r\n      <\/div>\r\n    <\/div>\r\n  <\/div>\r\n  <\/div>\r\n<\/a>\r\n<a href=\"#pale\">\r\n  <div class=\"modulesw\">\r\n  <div id=\"palety\" class=\"moduleitem modulebigger\">\r\n    <div class=\"modulelabel modb1\">\r\n      <div class=\"moduletext\">\r\n      Paletten\r\n      <\/div>\r\n    <\/div>\r\n  <\/div>\r\n  <\/div>\r\n<\/a>\r\n<\/div>\r\n<\/div>\r\n\r\n\r\n<div id=\"konstr\" class=\"textwrapper\">\r\n<h2>Stahlkonstruktionen<\/h2>\r\n<p>\r\nMostostal Siedlce ist einer der gr\u00f6\u00dften Hersteller und Exporteure von Stahlkonstruktionen in Polen. Die Produktionskapazit\u00e4t betr\u00e4gt 3000 Tonnen pro Monat. Die Exporte machen \u00fcber 50% des Umsatzes aus. Mostostal Siedlce liefert die Stahlkonstruktionen an Kunden in mehr als vierzig L\u00e4ndern in aller Welt. Die Stahlkonstruktionen werden in einem der modernsten Produktionsbetriebe in Polen, der \u00fcber einen technisch hoch entwickelten Maschinenpark und ein modernes Schwei\u00dfsystem verf\u00fcgt, hergestellt.\r\n<\/p>\r\n\r\n \r\n<div class=\"mfloatcontainer\">\r\n\r\n<img loading=\"lazy\" src=\"https:\/\/www.mostostal.siedlce.pl\/wp-content\/uploads\/2017\/06\/BibliotekaUW15.jpg\" alt=\"Biblioteka Uniwersytetu Warszawskiego\" width=\"600\" height=\"802\" class=\"size-full mresponsive mfloatingtoright shad-1 wp-image-464\" srcset=\"https:\/\/www.mostostal.siedlce.pl\/de\/wp-content\/uploads\/2017\/06\/BibliotekaUW15.jpg 600w, https:\/\/www.mostostal.siedlce.pl\/de\/wp-content\/uploads\/2017\/06\/BibliotekaUW15-224x300.jpg 224w\" sizes=\"(max-width: 600px) 100vw, 600px\" \/>\r\n\r\n<div class=\"mfloatingtonone\">\r\n\r\n\r\n\r\n\r\n<h4 class=\"mt3\">Mostostal Siedlce bietet Stahlkonstruktionen f\u00fcr:<\/h4><ul>\r\n\r\n\t<li>Energieindustrie, Metallurgie<\/li>\r\n\r\n\r\n\t<li>Petrochemie, Chemie<\/li>\r\n\r\n\r\n\t<li>Abgasbehandlungsanlagen, M\u00fcllverbrennungsanlagen<\/li>\r\n\r\n\r\n\t<li>Bergbau<\/li>\r\n\r\n\r\n\t<li>Telekommunikation<\/li>\r\n\r\n\r\n\t<li>Stra\u00dfenbau (Br\u00fccken, Laufstege, Fu\u00dfg\u00e4nger\u00fcberf\u00fchrungen, L\u00e4rmschutzw\u00e4nde, Stra\u00dfensperren<\/li>\r\n\r\n\r\n\t<li>Automobilindustrie (Autoh\u00e4user, Parkpl\u00e4tze)<\/li>\r\n\r\n\r\n\t<li>\u00d6ffentliche Einrichtungen (Einkaufszentren, Superm\u00e4rkte, Sportanlagen, Aussichtst\u00fcrme)<\/li>\r\n\r\n\r\n\t<li>Produktions- und Lagerhallen<\/li>\r\n\r\n<\/ul>\r\n\r\n\r\n\r\n\r\n<h4 class=\"mt3\">Das Angebot beinhaltet auch:<\/h4><div class=\"\"><ul>\r\n\t<li>Konstruktionen der Anlagen nebst zugeh\u00f6rigen Einrichtungen:  Kan\u00e4le, Kamine, Gewebefilter, Elektrofilter, W\u00e4rmetauscher (Heater),  L\u00fcfter-, F\u00f6rderergeh\u00e4use,<\/li>\r\n\t<li>Speichersolos, Speichertrichter, Beh\u00e4lter<\/li>\r\n\t<li>Hebekonstruktionen &#8211; Kr\u00e4ne (davon Hafenkr\u00e4ne)<\/li>\r\n\t<li>Regale<\/li>\r\n\t<li>Tragstrukturen f\u00fcr Verfahrensstr\u00e4nge, Rohrleitungen<\/li>\r\n\t<li>Offshore-Anlagen<\/li>\r\n\t<li>Paletten, Beh\u00e4lter, Gestelle<\/li>\r\n<\/ul>\r\nBei Bestellung von Stahlkonstruktionen erhalten die Kunden Produkte von h\u00f6chster Qualit\u00e4t und eine technische Unterst\u00fctzung. Mostostal Siedlce produziert Stahlkonstruktionen auf Basis der ternichten Dokumentation der Kunden und der eigenen Dokumentation, die von den eigenen Konstrukteuren erstellt wird.  Die Dokumentation wird nach  den Normen: PN, DIN, EN, EUROKODY, GOST in polnischer, russischer, deutscher und englischer Sprache erstellt.  Dabei werden folgende  IT-Tools eingesetzt:  Robot, Staad-Pro, Microstation\u2013 Structural, Rm-win, ABCp\u0142yta, MathCad, Tekla, Bocad, RCad, Autocad. Die maximalen Abmessungen f\u00fcr unteilbare Produktkomponenten sind:  L = 30 m, B = 6,3 m, H = 4,2 m und sie entsprechen der Masse bis 64 Tonnen. Die Stahlkonstruktionen werden nach: EN 1090-1-2,NS 3464, BSK 07, PN-B 06200, DIN 18800-7, DIN 15018, DS 804, DIN 19704, AWS D1.1 gefertigt.  \r\n<\/div>\r\n<\/div>\r\n\r\n\r\n<\/div>\r\n\r\n\r\n<div class=\"picwrapper\">\r\n<img loading=\"lazy\" src=\"https:\/\/www.mostostal.siedlce.pl\/wp-content\/uploads\/2017\/06\/A12.jpg\" alt=\"Hangar testowy dla Airbusa A380\" width=\"400\" height=\"200\" class=\"pic50x25 wp-image-2076\" srcset=\"https:\/\/www.mostostal.siedlce.pl\/de\/wp-content\/uploads\/2017\/06\/A12.jpg 400w, https:\/\/www.mostostal.siedlce.pl\/de\/wp-content\/uploads\/2017\/06\/A12-300x150.jpg 300w\" sizes=\"(max-width: 400px) 100vw, 400px\" \/>\r\n\r\n<img loading=\"lazy\" src=\"https:\/\/www.mostostal.siedlce.pl\/wp-content\/uploads\/2017\/06\/IMG_3185.jpg\" alt=\"Rondo Katowice\" width=\"800\" height=\"400\" class=\"pic50x25 wp-image-2077\" srcset=\"https:\/\/www.mostostal.siedlce.pl\/de\/wp-content\/uploads\/2017\/06\/IMG_3185.jpg 800w, https:\/\/www.mostostal.siedlce.pl\/de\/wp-content\/uploads\/2017\/06\/IMG_3185-300x150.jpg 300w, https:\/\/www.mostostal.siedlce.pl\/de\/wp-content\/uploads\/2017\/06\/IMG_3185-768x384.jpg 768w\" sizes=\"(max-width: 800px) 100vw, 800px\" \/>\r\n<img loading=\"lazy\" src=\"https:\/\/www.mostostal.siedlce.pl\/wp-content\/uploads\/2017\/06\/IMG_5655-800x400.jpg\" alt=\"Pomalowane elementy konstrukcji stalowych\" width=\"800\" height=\"400\" class=\"pic50x25 wp-image-2003\" srcset=\"https:\/\/www.mostostal.siedlce.pl\/de\/wp-content\/uploads\/2017\/06\/IMG_5655-800x400.jpg 800w, https:\/\/www.mostostal.siedlce.pl\/de\/wp-content\/uploads\/2017\/06\/IMG_5655-800x400-300x150.jpg 300w, https:\/\/www.mostostal.siedlce.pl\/de\/wp-content\/uploads\/2017\/06\/IMG_5655-800x400-768x384.jpg 768w\" sizes=\"(max-width: 800px) 100vw, 800px\" \/>\r\n\r\n<img loading=\"lazy\" src=\"https:\/\/www.mostostal.siedlce.pl\/wp-content\/uploads\/2017\/06\/IMG_20170718_112439.jpg\" alt=\"Magazyn\" width=\"800\" height=\"400\" class=\"pic50x25 wp-image-2068\" srcset=\"https:\/\/www.mostostal.siedlce.pl\/de\/wp-content\/uploads\/2017\/06\/IMG_20170718_112439.jpg 800w, https:\/\/www.mostostal.siedlce.pl\/de\/wp-content\/uploads\/2017\/06\/IMG_20170718_112439-300x150.jpg 300w, https:\/\/www.mostostal.siedlce.pl\/de\/wp-content\/uploads\/2017\/06\/IMG_20170718_112439-768x384.jpg 768w\" sizes=\"(max-width: 800px) 100vw, 800px\" \/>\r\n\r\n<\/div>\r\n\r\n\r\n<\/div>\r\n\r\n\r\n\r\n\r\n\r\n\r\n\r\n\r\n<div id=\"pale\" class=\"textwrapper\">\r\n<h2>Paletten<\/h2>\r\n<p>\r\nMostostal Siedlce ist ein Hersteller von leichten Stahlprodukten wie Paletten, Beh\u00e4lter, Container, Gestelle.\r\n<\/p>\r\n\r\n<div class=\"picwrapper\">\r\n\r\n<img loading=\"lazy\" src=\"https:\/\/www.mostostal.siedlce.pl\/wp-content\/uploads\/2017\/06\/pojemnik.jpg\" alt=\"Palety pojemnik\" width=\"400\" height=\"400\" class=\"pic25 wp-image-1867\" srcset=\"https:\/\/www.mostostal.siedlce.pl\/de\/wp-content\/uploads\/2017\/06\/pojemnik.jpg 400w, https:\/\/www.mostostal.siedlce.pl\/de\/wp-content\/uploads\/2017\/06\/pojemnik-150x150.jpg 150w, https:\/\/www.mostostal.siedlce.pl\/de\/wp-content\/uploads\/2017\/06\/pojemnik-300x300.jpg 300w\" sizes=\"(max-width: 400px) 100vw, 400px\" \/>\r\n<img loading=\"lazy\" src=\"https:\/\/www.mostostal.siedlce.pl\/wp-content\/uploads\/2017\/06\/Pallet-Am-storage.jpg\" alt=\"Palety Am Storage\" width=\"800\" height=\"600\" class=\"pic25 wp-image-1866\" srcset=\"https:\/\/www.mostostal.siedlce.pl\/de\/wp-content\/uploads\/2017\/06\/Pallet-Am-storage.jpg 800w, https:\/\/www.mostostal.siedlce.pl\/de\/wp-content\/uploads\/2017\/06\/Pallet-Am-storage-300x225.jpg 300w, https:\/\/www.mostostal.siedlce.pl\/de\/wp-content\/uploads\/2017\/06\/Pallet-Am-storage-768x576.jpg 768w\" sizes=\"(max-width: 800px) 100vw, 800px\" \/>\r\n<img loading=\"lazy\" src=\"https:\/\/www.mostostal.siedlce.pl\/wp-content\/uploads\/2017\/09\/Palety 7.jpg\" alt=\"Palety\" width=\"400\" height=\"400\" class=\"pic25 wp-image-2522\" \/>\r\n<img loading=\"lazy\" src=\"https:\/\/www.mostostal.siedlce.pl\/wp-content\/uploads\/2017\/09\/Palety 5.jpg\" alt=\"inne Palety\" width=\"400\" height=\"400\" class=\"pic25 wp-image-2520\" \/>\r\n\r\n<\/div>\r\n\r\n<p>\r\nStahlpaletten sind stabil, stark und sicher. Sie sind gegen Korrosion durch Feuerverzinkung oder Farbanstrich gesch\u00fctzt. An den Paletten k\u00f6nnen zus\u00e4tzliche Sicherheiten wie Schutzleisten, Spanngurte usw. angewandt werden. Unser Produktsortiment bietet sichere und preisg\u00fcnstige Transport- und Lagerungsm\u00f6glichkeiten. Paletten k\u00f6nnen mit Gabelstaplern oder Kr\u00e4nen bef\u00f6rdert werden.\r\n<\/p>\r\n\r\nWir produzieren folgende Stahlpaletten:\r\n<ul>\r\n<li>Stahlpaletten f\u00fcr den Transport und die Bef\u00f6rderung von Gasflaschen<\/li>\r\n<li>Stahlrahmen f\u00fcr Flaschenb\u00fcndel<\/li>\r\n<li>Paletten zur Anwendung im Baugewerbe f\u00fcr den Transport und die Lagerung von St\u00fctzen, Ger\u00fcstteilen und Schalungen<\/li>\r\n<li>Rungenpaletten aus Metall (mit festen und auswechselbaren Rungen)<\/li>\r\n<li>Transportpaletten f\u00fcr Automobilindustrie<\/li>\r\n<li>Flachpaletten aus Metall<\/li>\r\n<li>Transportpaletten f\u00fcr Sch\u00fcttg\u00fcter<\/li>\r\n<li>Beh\u00e4lter f\u00fcr Farbstoffe<\/li>\r\n<li>Gestelle und Paletten f\u00fcr Glas<\/li>\r\n<li>Wagen und K\u00f6rbe aus Edelstahl f\u00fcr die Lebensmittelindustrie<\/li>\r\n<\/ul>\r\n\r\n<div class=\"picwrapper\">\r\n\r\n<img loading=\"lazy\" src=\"https:\/\/www.mostostal.siedlce.pl\/wp-content\/uploads\/2017\/06\/Cryo-pallet.jpg\" alt=\"Palety cryo\" width=\"800\" height=\"800\" class=\"pic25 wp-image-1865\" srcset=\"https:\/\/www.mostostal.siedlce.pl\/de\/wp-content\/uploads\/2017\/06\/Cryo-pallet.jpg 800w, https:\/\/www.mostostal.siedlce.pl\/de\/wp-content\/uploads\/2017\/06\/Cryo-pallet-150x150.jpg 150w, https:\/\/www.mostostal.siedlce.pl\/de\/wp-content\/uploads\/2017\/06\/Cryo-pallet-300x300.jpg 300w, https:\/\/www.mostostal.siedlce.pl\/de\/wp-content\/uploads\/2017\/06\/Cryo-pallet-768x768.jpg 768w\" sizes=\"(max-width: 800px) 100vw, 800px\" \/>\r\n\r\n<img loading=\"lazy\" src=\"https:\/\/www.mostostal.siedlce.pl\/wp-content\/uploads\/2017\/06\/P5240083.jpg\" alt=\"Palety\" width=\"800\" height=\"800\" class=\"pic25 wp-image-1864\" srcset=\"https:\/\/www.mostostal.siedlce.pl\/de\/wp-content\/uploads\/2017\/06\/P5240083.jpg 800w, https:\/\/www.mostostal.siedlce.pl\/de\/wp-content\/uploads\/2017\/06\/P5240083-150x150.jpg 150w, https:\/\/www.mostostal.siedlce.pl\/de\/wp-content\/uploads\/2017\/06\/P5240083-300x300.jpg 300w, https:\/\/www.mostostal.siedlce.pl\/de\/wp-content\/uploads\/2017\/06\/P5240083-768x768.jpg 768w\" sizes=\"(max-width: 800px) 100vw, 800px\" \/>\r\n<img loading=\"lazy\" src=\"https:\/\/www.mostostal.siedlce.pl\/wp-content\/uploads\/2017\/09\/Palety 6.jpg\" alt=\"Oferta Palet\" width=\"800\" height=\"400\" class=\"pic50x25 wp-image-2521\" \/>\r\n<\/div>\r\n\r\n\r\nBei Bestellung von Paletten und Beh\u00e4ltern aus Stahl in unserem Unternehmen haben Sie folgende Vorteile:\r\n<ul>\r\n<li>Ein hochwertiges Produkt<\/li>\r\n<li>Technische Unterst\u00fctzung und professionelle Hilfe<\/li>\r\n<li>Kurze Lieferzeiten, kundenspezifische Anpassung<\/li>\r\n<li>Hohe Verarbeitungskapazit\u00e4ten \u2013 ca. 1500 Tonnen\/Monat<\/li>\r\n<li>Konkurrenzf\u00e4higer Preis<\/li>\r\n<\/ul>\r\n<\/div>","protected":false},"excerpt":{"rendered":"Stahl- konstruk- tionen Paletten Stahlkonstruktionen Mostostal Siedlce ist einer der gr\u00f6\u00dften Hersteller und Exporteure von Stahlkonstruktionen in Polen. Die Produktionskapazit\u00e4t betr\u00e4gt 3000 Tonnen pro Monat. Die Exporte machen \u00fcber 50% des Umsatzes aus. Mostostal Siedlce liefert die Stahlkonstruktionen an Kunden in mehr als vierzig L\u00e4ndern in aller Welt. Die Stahlkonstruktionen werden in einem der modernsten [&hellip;]","protected":false},"author":1,"featured_media":0,"parent":30,"menu_order":0,"comment_status":"closed","ping_status":"closed","template":"","meta":[],"_links":{"self":[{"href":"https:\/\/www.mostostal.siedlce.pl\/de\/wp-json\/wp\/v2\/pages\/46"}],"collection":[{"href":"https:\/\/www.mostostal.siedlce.pl\/de\/wp-json\/wp\/v2\/pages"}],"about":[{"href":"https:\/\/www.mostostal.siedlce.pl\/de\/wp-json\/wp\/v2\/types\/page"}],"author":[{"embeddable":true,"href":"https:\/\/www.mostostal.siedlce.pl\/de\/wp-json\/wp\/v2\/users\/1"}],"replies":[{"embeddable":true,"href":"https:\/\/www.mostostal.siedlce.pl\/de\/wp-json\/wp\/v2\/comments?post=46"}],"version-history":[{"count":7,"href":"https:\/\/www.mostostal.siedlce.pl\/de\/wp-json\/wp\/v2\/pages\/46\/revisions"}],"predecessor-version":[{"id":3418,"href":"https:\/\/www.mostostal.siedlce.pl\/de\/wp-json\/wp\/v2\/pages\/46\/revisions\/3418"}],"up":[{"embeddable":true,"href":"https:\/\/www.mostostal.siedlce.pl\/de\/wp-json\/wp\/v2\/pages\/30"}],"wp:attachment":[{"href":"https:\/\/www.mostostal.siedlce.pl\/de\/wp-json\/wp\/v2\/media?parent=46"}],"curies":[{"name":"wp","href":"https:\/\/api.w.org\/{rel}","templated":true}]}}