{"id":48,"date":"2017-06-13T05:24:43","date_gmt":"2017-06-13T05:24:43","guid":{"rendered":"http:\/\/localhost\/mostostal_siedlce\/?page_id=48"},"modified":"2025-12-22T09:40:17","modified_gmt":"2025-12-22T09:40:17","slug":"zertifikate","status":"publish","type":"page","link":"https:\/\/www.mostostal.siedlce.pl\/de\/stahlkonstruktionen\/zertifikate\/","title":{"rendered":"Zertifikate"},"content":{"rendered":"<div class=\"textwrapper\">\r\n    <div class=\"genericwrapper\">\r\n        <table id=\"smalltable\" class=\"certy\">\r\n            <tbody>\r\n<tr>\r\n<td>\r\n          <a target=\"_blank\" href=\"https:\/\/www.udt.gov.pl\" rel=\"noopener noreferrer\"><img loading=\"lazy\" src=\"https:\/\/www.mostostal.siedlce.pl\/wp-content\/uploads\/logo\/udt.png\" alt=\"Logo UDT\" width=\"128\" height=\"128\" class=\"alignnone size-full \"><\/a><\/td>\r\n<td><a href=\"https:\/\/www.mostostal.siedlce.pl\/wp-content\/uploads\/certificates\/9001de.pdf\">PN-ISO 9001 \u2013 Qualit\u00e4tsmanagementsysteme, PN-ISO 14001 \u2013 Umweltmanagementsysteme, ISO 45001 \u2013 Arbeitsschutzmanagementsysteme<span class=\"icon ia download\"><\/span><\/a><\/td>\r\n<\/tr>\r\n                <tr>\r\n                    <td>\r\n                        <a href=\"http:\/\/www.dvs-zert.de\"><img loading=\"lazy\"\r\n                                src=\"https:\/\/www.mostostal.siedlce.pl\/wp-content\/uploads\/2017\/06\/DVS.png\" alt=\"Logo DVS\"\r\n                                width=\"128\" height=\"128\" class=\"alignnone size-full wp-image-619\"><\/a>\r\n                    <\/td>\r\n                    <td><a href=\"https:\/\/www.mostostal.siedlce.pl\/wp-content\/uploads\/certificates\/1090de.pdf\">EG-Konformit\u00e4tsbescheinigung\r\n                            \u2013 EN 1090-1:2009 + A1:2011<span class=\"icon ia download\"><\/span><\/a><\/td>\r\n                <\/tr>\r\n                <tr>\r\n                    <td>\r\n                        <a target=\"_blank\" href=\"https:\/\/ibdim.edu.pl\/\" rel=\"noopener noreferrer\"><img loading=\"lazy\"\r\n                                src=\"https:\/\/www.mostostal.siedlce.pl\/wp-content\/uploads\/logo\/ibdim.png\"\r\n                                alt=\"Logo ibdim\" width=\"128\" height=\"128\" class=\"alignnone size-full \"><\/a>\r\n                    <\/td>\r\n                    <td><a href=\"https:\/\/www.mostostal.siedlce.pl\/wp-content\/uploads\/certificates\/ibdim.pdf\">Qualifikationszertifikat\r\n                            der Qualifikationskommission f\u00fcr Stahlkonstruktionen<span\r\n                                class=\"icon ia download\"><\/span><\/a><\/td>\r\n                <\/tr>\r\n                <tr>\r\n                    <td>\r\n                        <a target=\"_blank\" href=\"https:\/\/ibdim.edu.pl\/\" rel=\"noopener noreferrer\"><img loading=\"lazy\"\r\n                                src=\"https:\/\/www.mostostal.siedlce.pl\/wp-content\/uploads\/logo\/ibdim.png\"\r\n                                alt=\"Logo ibdim\" width=\"128\" height=\"128\" class=\"alignnone size-full \"><\/a>\r\n                    <\/td>\r\n                    <td><a href=\"https:\/\/www.mostostal.siedlce.pl\/wp-content\/uploads\/certificates\/ibdim2.pdf\">Bef\u00e4higungsnachweis f\u00fcr die Instandsetzung und Montage von Stahlbr\u00fcckenbauwerken<span\r\n                                class=\"icon ia download\"><\/span><\/a><\/td>\r\n                <\/tr>\r\n                <tr>\r\n                    <td>\r\n                        <a target=\"_blank\" href=\"https:\/\/www.cwbgroup.org\/\" rel=\"noopener noreferrer\"><img loading=\"lazy\"\r\n                                src=\"https:\/\/www.mostostal.siedlce.pl\/wp-content\/uploads\/2017\/12\/cwb-logo.png\"\r\n                                alt=\"Logo Canadian Welding Bureau\" width=\"128\" height=\"128\"\r\n                                class=\"alignnone size-full \"><\/a>\r\n                    <\/td>\r\n                    <td><a href=\"https:\/\/www.mostostal.siedlce.pl\/wp-content\/uploads\/certificates\/CWBS.pdf\">Zertifizierung\r\n                            von Unternehmen f\u00fcr das Schmelzschwei\u00dfen von Stahl (CSA-Standard W47.1) f\u00fcr Mostostal\r\n                            Siedlce Sp. z o.o. sp. k.<span class=\"icon ia download\"><\/span><\/a><\/td>\r\n                <\/tr>\r\n\r\n                <tr>\r\n                    <td>\r\n                        <a target=\"_blank\" href=\"http:\/\/is.gliwice.pl\" rel=\"noopener noreferrer\"><img loading=\"lazy\"\r\n                                src=\"https:\/\/www.mostostal.siedlce.pl\/wp-content\/uploads\/2017\/06\/DVS.png\" alt=\"Logo DVS\" width=\"128\" height=\"128\"\r\n                                class=\"alignnone size-full \"><\/a>\r\n                    <\/td>\r\n                    <td><a href=\"https:\/\/www.mostostal.siedlce.pl\/wp-content\/uploads\/certificates\/PN-EN-ISO-3834-2-EN-MS.pdf\">Zertifikat\r\n                            \u00fcber die Erf\u00fcllung der Qualit\u00e4tsanforderungen im Schwei\u00dfsektor gem\u00e4\u00df PN-EN ISO 3834-2\r\n                            (2020-2025)-EN-MS und RUD<span class=\"icon ia download\"><\/span><\/a><\/td>\r\n                <\/tr>\r\n\r\n\r\n\r\n                <tr>\r\n                    <td>\r\n                        <a href=\"http:\/\/www.dvs-zert.de\"><img loading=\"lazy\"\r\n                                src=\"https:\/\/www.mostostal.siedlce.pl\/wp-content\/uploads\/2017\/06\/DVS.png\" alt=\"Logo DVS\"\r\n                                width=\"128\" height=\"128\" class=\"alignnone size-full \"><\/a>\r\n                    <\/td>\r\n                    <td><a href=\"https:\/\/www.mostostal.siedlce.pl\/wp-content\/uploads\/certificates\/15085-2-DE.pdf\">Zertifikat\r\n                            der Konformit\u00e4t mit der Norm EN 15085-2 (Schwei\u00dfen von Fahrzeugen und\r\n                            Eisenbahnkomponenten)<span class=\"icon ia download\"><\/span><\/a><\/td>\r\n                <\/tr>\r\n                <!--<tr>\r\n                    <td>\r\n                        <a target=\"_blank\" href=\"http:\/\/www.piks.com.pl\/\" rel=\"noopener noreferrer\"><img loading=\"lazy\"\r\n                                src=\"https:\/\/www.mostostal.siedlce.pl\/wp-content\/uploads\/2017\/06\/PIKS.png\"\r\n                                alt=\"Polska Izba Konstrukcji Stalowych\" width=\"128\" height=\"128\"\r\n                                class=\"alignnone size-full \"><\/a>\r\n                    <\/td>\r\n                    <td><a href=\"https:\/\/www.mostostal.siedlce.pl\/wp-content\/uploads\/certificates\/CPKS.pdf\">Zertifizierter\r\n                            Hersteller von Stahlkonstruktionen<span class=\"icon ia download\"><\/span><\/a><\/td>\r\n                <\/tr>-->\r\n                <!--<tr>\r\n                    <td>\r\n                        <a target=\"_blank\" href=\"http:\/\/www.pesa.pl\/\" rel=\"noopener noreferrer\"><img loading=\"lazy\"\r\n                                src=\"https:\/\/www.mostostal.siedlce.pl\/wp-content\/uploads\/logo\/pesa.png\"\r\n                                alt=\"Lieferantenqualifikationszertifikat Pesa Bydgoszcz SA\" width=\"128\" height=\"128\"\r\n                                class=\"alignnone size-full \"><\/a>\r\n                    <\/td>\r\n                    <td><a href=\"https:\/\/www.mostostal.siedlce.pl\/wp-content\/uploads\/certificates\/pesa.pdf\">Lieferantenqualifikationszertifikat\r\n                            Pesa Bydgoszcz SA<span class=\"icon ia download\"><\/span><\/a><\/td>\r\n                <\/tr>-->\r\n                <!--<tr>\r\n                    <td>\r\n                        <a target=\"_blank\" href=\"http:\/\/is.gliwice.pl\" rel=\"noopener noreferrer\"><img loading=\"lazy\"\r\n                                src=\"https:\/\/www.mostostal.siedlce.pl\/wp-content\/uploads\/2017\/06\/Instytut_Spawalnictwa_logo.png\"\r\n                                alt=\"Logo Instytut Spawalnictwa\" width=\"128\" height=\"128\"\r\n                                class=\"alignnone size-full \"><\/a>\r\n                    <\/td>\r\n                    <td><a\r\n                            href=\"https:\/\/www.mostostal.siedlce.pl\/wp-content\/uploads\/certificates\/PN-M-69008-PN-B-06200.pdf\">Qualifizierungszertifikat\r\n                            f\u00fcr I. Gruppe der Gro\u00dfbetriebe f\u00fcr die Konformit\u00e4t mit PN-M-69009<span\r\n                                class=\"icon ia download\"><\/span><\/a><\/td>\r\n                <\/tr>-->\r\n                <!--<tr>\r\n                    <td>\r\n                        <a target=\"_blank\" href=\"http:\/\/is.gliwice.pl\" rel=\"noopener noreferrer\"><img loading=\"lazy\"\r\n                                src=\"https:\/\/www.mostostal.siedlce.pl\/wp-content\/uploads\/2017\/06\/Instytut_Spawalnictwa_logo.png\"\r\n                                alt=\"Logo Instytut Spawalnictwa\" width=\"128\" height=\"128\"\r\n                                class=\"alignnone size-full \"><\/a>\r\n                    <\/td>\r\n                    <td><a href=\"https:\/\/www.mostostal.siedlce.pl\/wp-content\/uploads\/certificates\/szkol_IS.pdf\">Zertifikat\r\n                            f\u00fcr die Ausbildung und Pr\u00fcfung von Schwei\u00dfern nach Vorgaben Nr. W-14\/IS-17<span\r\n                                class=\"icon ia download\"><\/span><\/a><\/td>\r\n                <\/tr>-->\r\n            <\/tbody>\r\n        <\/table>\r\n    <\/div>\r\n<\/div>","protected":false},"excerpt":{"rendered":"PN-ISO 9001 \u2013 Qualit\u00e4tsmanagementsysteme, PN-ISO 14001 \u2013 Umweltmanagementsysteme, ISO 45001 \u2013 Arbeitsschutzmanagementsysteme EG-Konformit\u00e4tsbescheinigung \u2013 EN 1090-1:2009 + A1:2011 Qualifikationszertifikat der Qualifikationskommission f\u00fcr Stahlkonstruktionen Bef\u00e4higungsnachweis f\u00fcr die Instandsetzung und Montage von Stahlbr\u00fcckenbauwerken Zertifizierung von Unternehmen f\u00fcr das Schmelzschwei\u00dfen von Stahl (CSA-Standard W47.1) f\u00fcr Mostostal Siedlce Sp. z o.o. sp. k. Zertifikat \u00fcber die Erf\u00fcllung der Qualit\u00e4tsanforderungen [&hellip;]","protected":false},"author":1,"featured_media":0,"parent":30,"menu_order":0,"comment_status":"closed","ping_status":"closed","template":"","meta":[],"_links":{"self":[{"href":"https:\/\/www.mostostal.siedlce.pl\/de\/wp-json\/wp\/v2\/pages\/48"}],"collection":[{"href":"https:\/\/www.mostostal.siedlce.pl\/de\/wp-json\/wp\/v2\/pages"}],"about":[{"href":"https:\/\/www.mostostal.siedlce.pl\/de\/wp-json\/wp\/v2\/types\/page"}],"author":[{"embeddable":true,"href":"https:\/\/www.mostostal.siedlce.pl\/de\/wp-json\/wp\/v2\/users\/1"}],"replies":[{"embeddable":true,"href":"https:\/\/www.mostostal.siedlce.pl\/de\/wp-json\/wp\/v2\/comments?post=48"}],"version-history":[{"count":7,"href":"https:\/\/www.mostostal.siedlce.pl\/de\/wp-json\/wp\/v2\/pages\/48\/revisions"}],"predecessor-version":[{"id":3635,"href":"https:\/\/www.mostostal.siedlce.pl\/de\/wp-json\/wp\/v2\/pages\/48\/revisions\/3635"}],"up":[{"embeddable":true,"href":"https:\/\/www.mostostal.siedlce.pl\/de\/wp-json\/wp\/v2\/pages\/30"}],"wp:attachment":[{"href":"https:\/\/www.mostostal.siedlce.pl\/de\/wp-json\/wp\/v2\/media?parent=48"}],"curies":[{"name":"wp","href":"https:\/\/api.w.org\/{rel}","templated":true}]}}