{"id":52,"date":"2017-06-13T05:25:54","date_gmt":"2017-06-13T05:25:54","guid":{"rendered":"http:\/\/localhost\/mostostal_siedlce\/?page_id=52"},"modified":"2018-07-03T07:34:21","modified_gmt":"2018-07-03T07:34:21","slug":"angebot","status":"publish","type":"page","link":"https:\/\/www.mostostal.siedlce.pl\/de\/gitterroste\/angebot\/","title":{"rendered":"Angebot"},"content":{"rendered":"<div class=\"textwrapper ttextwrapper\">\r\n\r\n<div class=\"modulewrapper\">\r\n<a href=\"gitterroste\/\">\r\n  <div class=\"modulesw\">\r\n  <div id=\"kratki\" class=\"moduleitem modulebigger\">\r\n    <div class=\"modulelabel modo\">\r\n      <div class=\"moduletext\">\r\n      Gitterroste\r\n      <\/div>\r\n    <\/div>\r\n  <\/div>\r\n  <\/div>\r\n<\/a>\r\n<a href=\"treppe\/\">\r\n  <div class=\"modulesw\">\r\n  <div id=\"kratyoferta\" class=\"moduleitem\">\r\n    <div class=\"modulelabel modb-2\">\r\n      <div class=\"moduletext\">\r\n      Treppe\r\n      <\/div>\r\n    <\/div>\r\n  <\/div>\r\n  <\/div>\r\n<\/a>\r\n<a href=\"sitzbanke \/\">\r\n  <div class=\"modulesw\">\r\n  <div id=\"lawki\" class=\"moduleitem\">\r\n    <div class=\"modulelabel modb0\">\r\n      <div class=\"moduletext\">\r\n      Sitzb\u00e4nke \r\n      <\/div>\r\n    <\/div>\r\n  <\/div>\r\n  <\/div>\r\n<\/a>\r\n<a href=\"zaune\/\">\r\n  <div class=\"modulesw\">\r\n  <div id=\"ogrodzenie\" class=\"moduleitem\">\r\n    <div class=\"modulelabel modb-1\">\r\n      <div class=\"moduletext\">\r\n      Z\u00e4une\r\n      <\/div>\r\n    <\/div>\r\n  <\/div>\r\n  <\/div>\r\n<\/a>\r\n\r\n<a href=\"befestigungsmateriale\/\">\r\n  <div class=\"modulesw\">\r\n  <div id=\"uchwyty\" class=\"moduleitem\">\r\n    <div class=\"modulelabel modb1\">\r\n      <div class=\"moduletext\">\r\n      Befestigungs- materiale\r\n      <\/div>\r\n    <\/div>\r\n  <\/div>\r\n  <\/div>\r\n<\/a>\r\n<\/div>\r\n\r\n<\/div>\r\n<div class=\"textwrapper\">\r\n\r\n<div class=\"halver\">\r\n  <div class=\"seventyfiver-left\">\r\n<h2 class=\"mb2\">Gitterroste<\/h2>\r\nDas Hauptprodukt in unserem Angebot sind Gitterroste.  Sie werden im Schwei\u00dfpress- und Pressverfahren  auf den modernen voll computerisierten Fertigungsstra\u00dfen hergestellt.  Wir garantieren die h\u00f6chste Qualit\u00e4t unserer Produkte nach  DIN 24537. Wegen des hervorragenden Festigkeit zu Gewicht-Verh\u00e4ltnisses,  der einfachen Montage und Benutzerfreundlichkeit   werden unsere Gitterroste als Podeste  f\u00fcr Verkehrswege in  Industrieanlagen, Laufstege, Absicherung f\u00fcr Sch\u00e4chte und Kan\u00e4le  weitgehend angewandt.  \r\n  <\/div>\r\n  <div class=\"twentyfiver-right\">\r\n<img loading=\"lazy\" width=\"600\" height=\"600\" src=\"https:\/\/www.mostostal.siedlce.pl\/wp-content\/uploads\/2017\/06\/kraty.jpg\" alt=\"\" class=\"modulequickbox ftr wp-image-1568\" srcset=\"https:\/\/www.mostostal.siedlce.pl\/de\/wp-content\/uploads\/2017\/06\/kraty.jpg 600w, https:\/\/www.mostostal.siedlce.pl\/de\/wp-content\/uploads\/2017\/06\/kraty-150x150.jpg 150w, https:\/\/www.mostostal.siedlce.pl\/de\/wp-content\/uploads\/2017\/06\/kraty-300x300.jpg 300w\" sizes=\"(max-width: 600px) 100vw, 600px\" \/>\r\n  <\/div>\r\n\r\n<\/div>\r\n\r\n<\/div>\r\n<div class=\"textwrapper\">\r\n\r\n<div class=\"halver\">\r\n  <div class=\"seventyfiver-left\">\r\n<h2 class=\"mb2\">SERRATED-Gitterroste<\/h2>\r\nAn den Stellen, wo eine besondere Sicherheit  aufgrund von Eis, Schnee, Feuchte  oder Schmierstoffen  zu gew\u00e4hrleisten ist, empfehlen wir Ihnen, spezielle rutschfeste SERRATED -Gitterroste  zu verwenden.  Sie werden in beiden Verfahren in mehreren Varianten der Kantenabschl\u00fcsse hergestellt.  Die optischen Vorteile unserer Gitterroste fanden bei  Architekten und Fachleuten f\u00fcr Kultur- und Kunstveranstaltungen  Anerkennung  als  dekoratives Element f\u00fcr den Bau moderner Geb\u00e4ude,  B\u00fchnen  und Laufstegen.\r\n  <\/div>\r\n  <div class=\"twentyfiver-right\">\r\n<img loading=\"lazy\" width=\"600\" height=\"600\" src=\"https:\/\/www.mostostal.siedlce.pl\/wp-content\/uploads\/2017\/06\/serr.jpg\" alt=\"\" class=\"modulequickbox ftr wp-image-1573\" srcset=\"https:\/\/www.mostostal.siedlce.pl\/de\/wp-content\/uploads\/2017\/06\/serr.jpg 600w, https:\/\/www.mostostal.siedlce.pl\/de\/wp-content\/uploads\/2017\/06\/serr-150x150.jpg 150w, https:\/\/www.mostostal.siedlce.pl\/de\/wp-content\/uploads\/2017\/06\/serr-300x300.jpg 300w\" sizes=\"(max-width: 600px) 100vw, 600px\" \/>\r\n  <\/div>\r\n\r\n<\/div>\r\n\r\n<\/div>\r\n<div class=\"textwrapper\">\r\n\r\n<div class=\"halver\">\r\n  <div class=\"seventyfiver-left\">\r\n<h2 class=\"mb2\">Treppen<\/h2>\r\nEine besondere Gruppe der Produkte aus Gitterosten ist eine breite Palette von Treppensystemen: herk\u00f6mmliche Treppe,  Treppe mit verstellbarer H\u00f6he, Spindeltreppe. Die Treppenstufen erf\u00fcllen die strengen  Anforderungen der Norm  DIN 24531 sowie die Anforderungen des Ministers f\u00fcr Raumwirtschaft und Bauwesen. Die Treppen erf\u00fcllen auch die Norm  PN-EN ISO 14122-3:2005.\r\n  <\/div>\r\n  <div class=\"twentyfiver-right\">\r\n<img loading=\"lazy\" width=\"600\" height=\"600\" src=\"https:\/\/www.mostostal.siedlce.pl\/wp-content\/uploads\/2017\/06\/kratyoferta.jpg\" alt=\"\" class=\"modulequickbox ftr wp-image-1569\" srcset=\"https:\/\/www.mostostal.siedlce.pl\/de\/wp-content\/uploads\/2017\/06\/kratyoferta.jpg 600w, https:\/\/www.mostostal.siedlce.pl\/de\/wp-content\/uploads\/2017\/06\/kratyoferta-150x150.jpg 150w, https:\/\/www.mostostal.siedlce.pl\/de\/wp-content\/uploads\/2017\/06\/kratyoferta-300x300.jpg 300w\" sizes=\"(max-width: 600px) 100vw, 600px\" \/>\r\n  <\/div>\r\n\r\n<\/div>\r\n\r\n<\/div>\r\n<div class=\"textwrapper\">\r\n\r\n<div class=\"halver\">\r\n  <div class=\"seventyfiver-left\">\r\n<h2 class=\"mb2\">Z\u00e4une<\/h2>\r\nWir empfehlen Ihnen auch, sich mit unseren Zaunsystemen vertraut zu machen. Sie enthalten  Zaunfelder aus leichten Gitterrosten, viele Arten von  Toren und Pforten sowie eine vollst\u00e4ndige Palette von zus\u00e4tzlichen Zubeh\u00f6rteilen, die f\u00fcr die Montage erforderlich sind. Unsere Priorit\u00e4t bei der Herstellung der Z\u00e4une sind  vor allem die Haltbarkeit, Funktionalit\u00e4t und  geringe Instandhaltungskosten.  Da eine Umz\u00e4unung die erste Visitenkarte f\u00fcr jeden Ort  ist,  haben wir daf\u00fcr gesorgt, dass das System selbst sehr anspruchsvollen \u00e4sthetischen Anforderungen \u00fcber sehr lange Zeit und  unabh\u00e4ngig von Wetterbedingungen gerecht wird.\r\n  <\/div>\r\n  <div class=\"twentyfiver-right\">\r\n<img loading=\"lazy\" src=\"https:\/\/www.mostostal.siedlce.pl\/wp-content\/uploads\/2017\/08\/ogrodzenie5.jpg\" alt=\"\" width=\"200\" height=\"200\" class=\"modulequickbox ftr wp-image-2402\" \/>\r\n  <\/div>\r\n\r\n<\/div>\r\n\r\n<\/div>\r\n<div class=\"textwrapper\">\r\n\r\n<div class=\"halver\">\r\n  <div class=\"seventyfiver-left\">\r\n<h2 class=\"mb2\">Korrosionsschutz<\/h2>\r\nAn dieser Stelle kommen wir auf die Frage von Korrosionsschutz.  Die durch unser Unternehmen am h\u00e4ufigsten eingesetzte L\u00f6sung ist die Feuerverzinkung nach  DIN 50976, was einen dauerhaften Schutz  der Produkte gegen aggressive Umgebung  sichert.  Die Feuerverzinkung findet in unserer  eigenen  und Polens gr\u00f6\u00dfter Verzinkerei  statt.  Auf Kundenwunsch k\u00f6nnen sowohl feuerverzinkte als auch nicht abgesicherte Oberfl\u00e4chen mit einer der vielen attraktiven Farben angestrichen werden.  Wir bieten  auch einen dauerhaften und wirkungsvollen Oberfl\u00e4chenschutz durch Pulverlackierung  in verschiedenen Farbvarianten.\r\n  <\/div>\r\n  <div class=\"twentyfiver-right\">\r\n\r\n  <\/div>\r\n\r\n<\/div>\r\n\r\n<\/div>\r\n\r\n","protected":false},"excerpt":{"rendered":"Gitterroste Treppe Sitzb\u00e4nke Z\u00e4une Befestigungs- materiale Gitterroste Das Hauptprodukt in unserem Angebot sind Gitterroste. Sie werden im Schwei\u00dfpress- und Pressverfahren auf den modernen voll computerisierten Fertigungsstra\u00dfen hergestellt. Wir garantieren die h\u00f6chste Qualit\u00e4t unserer Produkte nach DIN 24537. Wegen des hervorragenden Festigkeit zu Gewicht-Verh\u00e4ltnisses, der einfachen Montage und Benutzerfreundlichkeit werden unsere Gitterroste als Podeste f\u00fcr Verkehrswege [&hellip;]","protected":false},"author":1,"featured_media":0,"parent":33,"menu_order":0,"comment_status":"closed","ping_status":"closed","template":"","meta":[],"_links":{"self":[{"href":"https:\/\/www.mostostal.siedlce.pl\/de\/wp-json\/wp\/v2\/pages\/52"}],"collection":[{"href":"https:\/\/www.mostostal.siedlce.pl\/de\/wp-json\/wp\/v2\/pages"}],"about":[{"href":"https:\/\/www.mostostal.siedlce.pl\/de\/wp-json\/wp\/v2\/types\/page"}],"author":[{"embeddable":true,"href":"https:\/\/www.mostostal.siedlce.pl\/de\/wp-json\/wp\/v2\/users\/1"}],"replies":[{"embeddable":true,"href":"https:\/\/www.mostostal.siedlce.pl\/de\/wp-json\/wp\/v2\/comments?post=52"}],"version-history":[{"count":7,"href":"https:\/\/www.mostostal.siedlce.pl\/de\/wp-json\/wp\/v2\/pages\/52\/revisions"}],"predecessor-version":[{"id":3420,"href":"https:\/\/www.mostostal.siedlce.pl\/de\/wp-json\/wp\/v2\/pages\/52\/revisions\/3420"}],"up":[{"embeddable":true,"href":"https:\/\/www.mostostal.siedlce.pl\/de\/wp-json\/wp\/v2\/pages\/33"}],"wp:attachment":[{"href":"https:\/\/www.mostostal.siedlce.pl\/de\/wp-json\/wp\/v2\/media?parent=52"}],"curies":[{"name":"wp","href":"https:\/\/api.w.org\/{rel}","templated":true}]}}