{"id":56,"date":"2017-06-13T05:26:48","date_gmt":"2017-06-13T05:26:48","guid":{"rendered":"http:\/\/localhost\/mostostal_siedlce\/?page_id=56"},"modified":"2018-01-30T09:47:04","modified_gmt":"2018-01-30T09:47:04","slug":"angebotsanforderung","status":"publish","type":"page","link":"https:\/\/www.mostostal.siedlce.pl\/de\/gitterroste\/fur-den-kunden\/kommerzielle-daten\/angebotsanforderung\/","title":{"rendered":"Angebotsanforderung"},"content":{"rendered":"<div class=\"textwrapper\">\r\n<h3>F\u00fcr die richtige Bestellung von Gitterrosten verwenden Sie bitte die unten angegebenen Bezeichnungen!<\/h3>\r\n<p>\r\n<strong>KOZ<\/strong> &#8211; Schwei\u00dfpressrost mit Randeinfassung<br>\r\n<strong>KNZ<\/strong> &#8211; Schwei\u00dfpressrost ohne Randeinfassung<br>\r\n<strong>KOP<\/strong> &#8211; Pressrost mit Randeinfassung<br>\r\n<strong>KNP<\/strong> &#8211; Pressrost ohne Randeinfassung<br>\r\n<strong>KPK<\/strong> &#8211; Kartonrost<br>\r\n<strong>SOZ<\/strong> &#8211; Gitterroststufe schwei\u00dfgepresst<br>\r\n<strong>SOP<\/strong> &#8211; Gitterroststufe gepresst<br>\r\n<strong>X <\/strong> &#8211; SERRATED-Roste, z.B. X4KOZ \u2013 SERRATED-Schwei\u00dfpressrost mit Randeinfassung<br>\r\n<strong>OC<\/strong> &#8211; Korrosionsschutz durch Feuerverzinkung<br>\r\n<strong>CZ<\/strong> &#8211; Ohne Korrosionsschutz<br>\r\n<\/p>\r\n\r\nDas Bestellungsmuster ist wie folgt:\r\n<p>\r\nBezeichnung f\u00fcr Gitterrost \/ Tragstabmodul  x Querstabmodul  \/ Tragstabh\u00f6he x Tragstabdicke \/ L = Gitterrostl\u00e4nge B = Gitterrostbreite \/ St\u00fcckzahl \/ Art der Sicherheit\r\n<\/p>\r\n\r\n<p>\r\nBestellbeispiel nach dem Muster: KOZ \/ 34 x 38 \/ 30 x 2 \/ L=1000 B=1000 \/ 50 Stk. \/ OC \r\n<\/p>\r\n\r\n<p>\r\nDies ist eine Bestellung f\u00fcr 50 St\u00fcck der Schwei\u00dfpressroste mit Randeinfassung, bei denen Tragst\u00e4be alle 34 mm und Querst\u00e4be alle 38 mm angeordnet werden.  Die H\u00f6he des Tragstabs, d.h. des gesamten Gitterrostes, betr\u00e4gt 30 mm, seine Dicke betr\u00e4gt 2 mm. Jeder Gitterrost ist  1000 mm lang und  1000 mm breit und ist durch Feuerverzinkung korrosionsgesch\u00fctzt  (OC).  \u201cL\u201d bedeutet die L\u00e4nge des Tragstabs. Diese Gr\u00f6\u00dfe zeigt \u00fcblicherweise den Abstand zwischen den Abst\u00fctzungen (Breite einer Br\u00fccke, eines Kanals usw.)\r\n<\/p>\r\n\r\n<p>\r\nHinweis! In der Bestellung machen Sie bitte deutlich, welche  Abmessung f\u00fcr den Tragstab gilt. Das verhindert die Zerst\u00f6rung des Gitterrostes bei der Nutzung.  \r\n<\/p>\r\n\r\n<p>\r\nBei der Bestellung der Gitterroste sind auch die St\u00fcckzahl und Sicherheitsart (Feuerverzinkung \u2013 OC) oder ohne Sicherheit (schwarz \u2013 CZ) anzugeben. \r\n<\/p>\r\n\r\n<p>\r\nNeben der rechteckigen Gitterroste bieten wir auch Produkte praktisch von jeder Form. Diese Gitterroste fertigen wir als Sonderanfertigung nach Vorliegen einer Zeichnung. Alle Angaben zu den Modulen und Abmessungen von Flachstahl finden Sie bei Informationen zu den bestimmten Produkten. Zur Erleichterung der genauen Festlegung der notwendigen Anzahl der Gitterroste, machen Sie sich mit den empfohlenen Weisen der Verlegung von Gitterrosten bekannt. \r\n<\/p>\r\n\r\n<hr class=\"mb2 mt2\">\r\n\r\n<h3>Fachbegriffe<\/h3>\r\n\r\n<p>\r\n<strong>Tragst\u00e4be<\/strong> \u2013  belastungsaufnehmende, senkrecht stehende Flacheisen, welche in parallelem Abstand zueinander von Auflage zu Auflage verlaufen.   \r\n<\/p>\r\n\r\n<p>\r\n<strong>Querst\u00e4be<\/strong> \u2013 bei den Pressrosten sind dies Flacheisen, die quer zu den Tragst\u00e4ben verlaufen Die Einschnitte sind eingepresst; bei den Schwei\u00dfpressrosten verlaufen die Querst\u00e4be quer zu den Tragst\u00e4ben, wobei  sie an den Kreuzungspunkten verschwei\u00dft werden.  \r\n<\/p>\r\n\r\n<p>\r\n<strong>Die Maschenweite<\/strong> wird durch den Achsabstand, d.h. den  Abstand zwischen den angrenzenden Tragst\u00e4ben und den angrenzenden Querst\u00e4ben bestimmt. \r\n\r\n<\/p>\r\n<\/div>","protected":false},"excerpt":{"rendered":"F\u00fcr die richtige Bestellung von Gitterrosten verwenden Sie bitte die unten angegebenen Bezeichnungen! KOZ &#8211; Schwei\u00dfpressrost mit Randeinfassung KNZ &#8211; Schwei\u00dfpressrost ohne Randeinfassung KOP &#8211; Pressrost mit Randeinfassung KNP &#8211; Pressrost ohne Randeinfassung KPK &#8211; Kartonrost SOZ &#8211; Gitterroststufe schwei\u00dfgepresst SOP &#8211; Gitterroststufe gepresst X &#8211; SERRATED-Roste, z.B. X4KOZ \u2013 SERRATED-Schwei\u00dfpressrost mit Randeinfassung OC &#8211; [&hellip;]","protected":false},"author":1,"featured_media":0,"parent":2177,"menu_order":0,"comment_status":"closed","ping_status":"closed","template":"","meta":[],"_links":{"self":[{"href":"https:\/\/www.mostostal.siedlce.pl\/de\/wp-json\/wp\/v2\/pages\/56"}],"collection":[{"href":"https:\/\/www.mostostal.siedlce.pl\/de\/wp-json\/wp\/v2\/pages"}],"about":[{"href":"https:\/\/www.mostostal.siedlce.pl\/de\/wp-json\/wp\/v2\/types\/page"}],"author":[{"embeddable":true,"href":"https:\/\/www.mostostal.siedlce.pl\/de\/wp-json\/wp\/v2\/users\/1"}],"replies":[{"embeddable":true,"href":"https:\/\/www.mostostal.siedlce.pl\/de\/wp-json\/wp\/v2\/comments?post=56"}],"version-history":[{"count":3,"href":"https:\/\/www.mostostal.siedlce.pl\/de\/wp-json\/wp\/v2\/pages\/56\/revisions"}],"predecessor-version":[{"id":3260,"href":"https:\/\/www.mostostal.siedlce.pl\/de\/wp-json\/wp\/v2\/pages\/56\/revisions\/3260"}],"up":[{"embeddable":true,"href":"https:\/\/www.mostostal.siedlce.pl\/de\/wp-json\/wp\/v2\/pages\/2177"}],"wp:attachment":[{"href":"https:\/\/www.mostostal.siedlce.pl\/de\/wp-json\/wp\/v2\/media?parent=56"}],"curies":[{"name":"wp","href":"https:\/\/api.w.org\/{rel}","templated":true}]}}