{"id":64,"date":"2017-06-13T05:29:38","date_gmt":"2017-06-13T05:29:38","guid":{"rendered":"http:\/\/localhost\/mostostal_siedlce\/?page_id=64"},"modified":"2019-12-09T12:14:25","modified_gmt":"2019-12-09T12:14:25","slug":"verzinkerei","status":"publish","type":"page","link":"https:\/\/www.mostostal.siedlce.pl\/de\/korrosionsschutz\/verzinkerei\/","title":{"rendered":"Verzinkerei"},"content":{"rendered":"<div class=\"textwrapper\">\r\n\r\n\r\n        Die Verzinkerei   Siedlce wurde  1978 in Betrieb genommen und sie ist eine der Europas gr\u00f6\u00dften Betriebe.\r\n\r\n\r\n<div class=\"picwrapper\">\r\n<img loading=\"lazy\" src=\"https:\/\/www.mostostal.siedlce.pl\/wp-content\/uploads\/2017\/08\/cynkowanie%20ogniowe%20ramy%20wsporczej%20turbiny%20wiatrowej.jpg\" alt=\"cynkowanie ogniowe ramy wposczej turbiny wiatrowej\" width=\"800\" height=\"400\" class=\"pic50x25 wp-image-2044\" \/>\r\n<img loading=\"lazy\" src=\"https:\/\/www.mostostal.siedlce.pl\/wp-content\/uploads\/2017\/06\/IMG_5547.jpg\" alt=\"Zabezpieczone konstrukcje\" width=\"800\" height=\"400\" class=\"pic50x25 wp-image-2296\" srcset=\"https:\/\/www.mostostal.siedlce.pl\/de\/wp-content\/uploads\/2017\/06\/IMG_5547.jpg 800w, https:\/\/www.mostostal.siedlce.pl\/de\/wp-content\/uploads\/2017\/06\/IMG_5547-300x150.jpg 300w, https:\/\/www.mostostal.siedlce.pl\/de\/wp-content\/uploads\/2017\/06\/IMG_5547-768x384.jpg 768w\" sizes=\"(max-width: 800px) 100vw, 800px\" \/>\r\n<\/div>\r\n\r\n  <div class=\"mfloatingcontainer\">\r\n    <img loading=\"lazy\" src=\"https:\/\/www.mostostal.siedlce.pl\/wp-content\/uploads\/2017\/06\/siedlce.jpg\" alt=\"Ocynkownia\" width=\"640\" height=\"480\" class=\"mfloatingtoright mresponsive shad-1 size-full wp-image-419\" srcset=\"https:\/\/www.mostostal.siedlce.pl\/de\/wp-content\/uploads\/2017\/06\/siedlce.jpg 640w, https:\/\/www.mostostal.siedlce.pl\/de\/wp-content\/uploads\/2017\/06\/siedlce-300x225.jpg 300w\" sizes=\"(max-width: 640px) 100vw, 640px\" \/>\r\n    <div class=\"mfloatingtonone\">\r\n\r\n      <p>\r\n        <strong>Drei Feuerverzinkungsanlagen werden mit den Verzinkungskesseln mit folgenden Abmessungen ausger\u00fcstet:\r\n(L\u00e4nge x Breite x Tiefe):<\/strong>\r\n        <ul>\r\n          <li>13000 x 1800 x 3300 mm<\/li>\r\n          <li>9000 x 1800 x 3300 mm<\/li>\r\n          <li>7000 x 1800 x 3300 mm<\/li>\r\n        <\/ul>\r\n      <\/p>\r\n      <p>\r\n        <strong>Die maximalen Abmessungen der zu verzinkenden Werkst\u00fccke:<\/strong>\r\n\r\n        <ul>\r\n          <li>12500 x 1700 x 2900 mm, Einheitsgewicht bis zu 4 Tonnen<\/li>\r\n          <li>8500 x 1700 X 2900 mm, Einheitsgewicht bis zu 6 Tonnen<\/li>\r\n          <li>6500 x 1700 x 2900 mm, Einheitsgewicht bis zu 4 Tonnen<\/li>\r\n        <\/ul>\r\n      <\/p>\r\n\r\n<em>\r\nHINWEIS: Wenn sich die Abmessungen des Elements mindestens zwei Randabmessungen n\u00e4hern, m\u00fcssen Sie sich von dem Technologen \u00fcber den Vertrieb beraten lassen.\r\n<\/em>\r\n\r\n\r\n<p>\r\n      <strong>Produktionskapazit\u00e4ten: 400 Tonnen \/24 Stunden.<\/strong>\r\n<\/p><p>\r\n      <strong>Annahme der Stahlkonstruktionen zur Feuerverzinkung: Montag &#8211; Freitag,  24 Stunden am Tag.<\/strong><br>\r\n\r\n      <strong>Arbeitszeiten der Abteilung Akquisition von Verzinkungsleistungen : Montag \u2013 Freitag,  7:00 \u2013 15:00 Uhr<\/strong>\r\n<\/p>\r\n\r\n<div class=\"picwrapper\">\r\n\r\n<img loading=\"lazy\" src=\"https:\/\/www.mostostal.siedlce.pl\/wp-content\/uploads\/2018\/04\/L9-1.jpg\" alt=\"\" width=\"400\" height=\"400\" class=\"pic25\" \/>\r\n<img loading=\"lazy\" src=\"https:\/\/www.mostostal.siedlce.pl\/wp-content\/uploads\/2018\/04\/L9-2.jpg\" alt=\"\" width=\"400\" height=\"400\" class=\"pic25\" \/>\r\n<img loading=\"lazy\" src=\"https:\/\/www.mostostal.siedlce.pl\/wp-content\/uploads\/2018\/04\/L9-3.jpg\" alt=\"\" width=\"800\" height=\"400\" class=\"pic50x25\" \/>\r\n<\/div>\r\n\r\n\r\n      <p>\r\nUnsere Zinkschichten erf\u00fcllen die Norm  PN-EN ISO 1461. Sie sind ein v\u00f6llig umweltfreundliches Produkt, was das Hygienezeugnis des polnischen Nationalen Instituts f\u00fcr Hygiene best\u00e4tigt. Sie sind als Schutzbeschichtung f\u00fcr Trinkwasserrohre zugelassen. Das Verzinkungsverfahren erfolgt unter st\u00e4ndiger \u00dcberwachung durch Techniker und Laboranten, die die  Zusammensetzung des Verzinkungsbades t\u00e4glich \u00fcberpr\u00fcfen. Wir arbeiten mit den Wissenschaftlern von der Technischen Universit\u00e4t Warschau zusammen, was unsere Innovationsf\u00e4higkeit f\u00f6rdert und den Korrosionsschutz von h\u00f6chster Qualit\u00e4t erzielen l\u00e4sst. F\u00fcr die Feuerverzinkungsleistungen und f\u00fcr das  Duplex-System wurden wir mit den Europ\u00e4ischen Medaillen ausgezeichnet. Diese Auszeichnungen f\u00f6rdern Produkte und Dienstleistungen, deren Qualit\u00e4t von dem europ\u00e4ischen Niveau nicht abweicht. Im Wettbewerb der Monatsschrift  \u201eRynek Chemiczny\u201d (\u201eDer Chemiemarkt\u201d) wurden wir f\u00fcr das bleifreie Verzinkungsverfahren f\u00fcr den sicheren Kontakt der Zinkschichten mit Trinkwasser ausgezeichnet. \r\n\r\n      <\/p>\r\n    <\/div>\r\n  <\/div>\r\n\r\n<div class=\"picwrapper\">\r\n<img loading=\"lazy\" src=\"https:\/\/www.mostostal.siedlce.pl\/wp-content\/uploads\/2017\/06\/IMG_5781-800x400-1.jpg\" alt=\"Hala i ocynkowane kraty\" width=\"800\" height=\"400\" class=\"pic100x50 wp-image-2060\" srcset=\"https:\/\/www.mostostal.siedlce.pl\/de\/wp-content\/uploads\/2017\/06\/IMG_5781-800x400-1.jpg 800w, https:\/\/www.mostostal.siedlce.pl\/de\/wp-content\/uploads\/2017\/06\/IMG_5781-800x400-1-300x150.jpg 300w, https:\/\/www.mostostal.siedlce.pl\/de\/wp-content\/uploads\/2017\/06\/IMG_5781-800x400-1-768x384.jpg 768w\" sizes=\"(max-width: 800px) 100vw, 800px\" \/>\r\n<\/div>\r\n\r\n  <p>\r\nDie Palette der verzinkten Produkte ist sehr diversifiziert . Sie umfasst  Baustrukturen aus Stahl, Stra\u00dfensperren, Tanks, Zubeh\u00f6r f\u00fcr das Baugewerbe,  Gitterroste, Z\u00e4une, Licht- und Strommasten. Unsere Dienstleistungen nehmen die nationalen Hersteller der Stahlkonstruktionen,  ausl\u00e4ndische Unternehmen aus ganz Westeuropa sowie  immer mehr Unternehmen  aus dem Osten in Anspruch.    Ein richtig ausgew\u00e4hlter  Korrosionsschutz sichert eine mehrj\u00e4hrige Haltbarkeit einer  Stahlkonstruktion. Das umfassende Angebot von  Mostostal  Siedlce  beinhaltet auch  den Korrosionsschutz f\u00fcr Stahlprodukte. Nutzen Sie unsere Dienstleistungen, dann l\u00f6sen Sie dieses Problem f\u00fcr Jahrzehnte.\r\n  <\/p>\r\n\r\n\r\n<\/div>","protected":false},"excerpt":{"rendered":"Die Verzinkerei Siedlce wurde 1978 in Betrieb genommen und sie ist eine der Europas gr\u00f6\u00dften Betriebe. Drei Feuerverzinkungsanlagen werden mit den Verzinkungskesseln mit folgenden Abmessungen ausger\u00fcstet: (L\u00e4nge x Breite x Tiefe): 13000 x 1800 x 3300 mm 9000 x 1800 x 3300 mm 7000 x 1800 x 3300 mm Die maximalen Abmessungen der zu verzinkenden [&hellip;]","protected":false},"author":1,"featured_media":0,"parent":36,"menu_order":0,"comment_status":"closed","ping_status":"closed","template":"","meta":[],"_links":{"self":[{"href":"https:\/\/www.mostostal.siedlce.pl\/de\/wp-json\/wp\/v2\/pages\/64"}],"collection":[{"href":"https:\/\/www.mostostal.siedlce.pl\/de\/wp-json\/wp\/v2\/pages"}],"about":[{"href":"https:\/\/www.mostostal.siedlce.pl\/de\/wp-json\/wp\/v2\/types\/page"}],"author":[{"embeddable":true,"href":"https:\/\/www.mostostal.siedlce.pl\/de\/wp-json\/wp\/v2\/users\/1"}],"replies":[{"embeddable":true,"href":"https:\/\/www.mostostal.siedlce.pl\/de\/wp-json\/wp\/v2\/comments?post=64"}],"version-history":[{"count":7,"href":"https:\/\/www.mostostal.siedlce.pl\/de\/wp-json\/wp\/v2\/pages\/64\/revisions"}],"predecessor-version":[{"id":3497,"href":"https:\/\/www.mostostal.siedlce.pl\/de\/wp-json\/wp\/v2\/pages\/64\/revisions\/3497"}],"up":[{"embeddable":true,"href":"https:\/\/www.mostostal.siedlce.pl\/de\/wp-json\/wp\/v2\/pages\/36"}],"wp:attachment":[{"href":"https:\/\/www.mostostal.siedlce.pl\/de\/wp-json\/wp\/v2\/media?parent=64"}],"curies":[{"name":"wp","href":"https:\/\/api.w.org\/{rel}","templated":true}]}}