{"id":66,"date":"2017-06-13T05:29:58","date_gmt":"2017-06-13T05:29:58","guid":{"rendered":"http:\/\/localhost\/mostostal_siedlce\/?page_id=66"},"modified":"2018-07-03T07:37:48","modified_gmt":"2018-07-03T07:37:48","slug":"technische-daten","status":"publish","type":"page","link":"https:\/\/www.mostostal.siedlce.pl\/de\/korrosionsschutz\/fur-den-kunden\/technische-daten\/","title":{"rendered":"Technische Daten"},"content":{"rendered":"<div class=\"textwrapper ttextwrapper\">\r\n<div class=\"modulewrapper\">\r\n<a href=\"technische-anforderungen\/\">\r\n  <div class=\"modulesw\">\r\n  <div class=\"moduleitem\">\r\n    <div class=\"modulelabel modo\">\r\n      <div class=\"moduletext\">\r\n      Technische Anforderungen\r\n      <\/div>\r\n    <\/div>\r\n  <\/div>\r\n  <\/div>\r\n<\/a>\r\n<a href=\"stahle-zum-verzinken\/\">\r\n  <div class=\"modulesw\">\r\n  <div class=\"moduleitem\">\r\n    <div class=\"modulelabel modb-2\">\r\n      <div class=\"moduletext\">\r\n      St\u00e4hle zum Verzinken\r\n      <\/div>\r\n    <\/div>\r\n  <\/div>\r\n  <\/div>\r\n<\/a>\r\n<a href=\"mechanische-reinigung\/\">\r\n  <div class=\"modulesw\">\r\n  <div class=\"moduleitem\">\r\n    <div class=\"modulelabel modb-1\">\r\n      <div class=\"moduletext\">\r\n      Mechanische Reinigung\r\n      <\/div>\r\n    <\/div>\r\n  <\/div>\r\n  <\/div>\r\n<\/a>\r\n<a href=\"locher-rohrkonstruktionen\/\">\r\n  <div class=\"modulesw\">\r\n  <div class=\"moduleitem\">\r\n    <div class=\"modulelabel modb0\">\r\n      <div class=\"moduletext\">\r\n      L\u00d6CHER: Rohr- konstruktionen\r\n      <\/div>\r\n    <\/div>\r\n  <\/div>\r\n  <\/div>\r\n<\/a>\r\n<a href=\"locher-profilkonstruktionen\/\">\r\n  <div class=\"modulesw\">\r\n  <div class=\"moduleitem\">\r\n    <div class=\"modulelabel modb1\">\r\n      <div class=\"moduletext\">\r\n      L\u00d6CHER: Profil- konstruktionen\r\n      <\/div>\r\n    <\/div>\r\n  <\/div>\r\n  <\/div>\r\n<\/a>\r\n<a href=\"locher-tanks\/\">\r\n  <div class=\"modulesw\">\r\n  <div class=\"moduleitem\">\r\n    <div class=\"modulelabel modo\">\r\n      <div class=\"moduletext\">\r\n      L\u00d6CHER: TANKS\r\n      <\/div>\r\n    <\/div>\r\n  <\/div>\r\n  <\/div>\r\n<\/a>\r\n<a href=\"locher-zaune\/\">\r\n  <div class=\"modulesw\">\r\n  <div class=\"moduleitem\">\r\n    <div class=\"modulelabel modb-2\">\r\n      <div class=\"moduletext\">\r\n      L\u00d6CHER: Z\u00c4UNE\r\n      <\/div>\r\n    <\/div>\r\n  <\/div>\r\n  <\/div>\r\n<\/a>\r\n\r\n<a href=\"lochweite\/\">\r\n  <div class=\"modulesw\">\r\n  <div class=\"moduleitem\">\r\n    <div class=\"modulelabel modb0\">\r\n      <div class=\"moduletext\">\r\n      LOCHWEITE\r\n      <\/div>\r\n    <\/div>\r\n  <\/div>\r\n  <\/div>\r\n<\/a>\r\n<\/div>\r\n\r\n<\/div>","protected":false},"excerpt":{"rendered":"Technische Anforderungen St\u00e4hle zum Verzinken Mechanische Reinigung L\u00d6CHER: Rohr- konstruktionen L\u00d6CHER: Profil- konstruktionen L\u00d6CHER: TANKS L\u00d6CHER: Z\u00c4UNE LOCHWEITE","protected":false},"author":1,"featured_media":0,"parent":2149,"menu_order":0,"comment_status":"closed","ping_status":"closed","template":"","meta":[],"_links":{"self":[{"href":"https:\/\/www.mostostal.siedlce.pl\/de\/wp-json\/wp\/v2\/pages\/66"}],"collection":[{"href":"https:\/\/www.mostostal.siedlce.pl\/de\/wp-json\/wp\/v2\/pages"}],"about":[{"href":"https:\/\/www.mostostal.siedlce.pl\/de\/wp-json\/wp\/v2\/types\/page"}],"author":[{"embeddable":true,"href":"https:\/\/www.mostostal.siedlce.pl\/de\/wp-json\/wp\/v2\/users\/1"}],"replies":[{"embeddable":true,"href":"https:\/\/www.mostostal.siedlce.pl\/de\/wp-json\/wp\/v2\/comments?post=66"}],"version-history":[{"count":7,"href":"https:\/\/www.mostostal.siedlce.pl\/de\/wp-json\/wp\/v2\/pages\/66\/revisions"}],"predecessor-version":[{"id":3429,"href":"https:\/\/www.mostostal.siedlce.pl\/de\/wp-json\/wp\/v2\/pages\/66\/revisions\/3429"}],"up":[{"embeddable":true,"href":"https:\/\/www.mostostal.siedlce.pl\/de\/wp-json\/wp\/v2\/pages\/2149"}],"wp:attachment":[{"href":"https:\/\/www.mostostal.siedlce.pl\/de\/wp-json\/wp\/v2\/media?parent=66"}],"curies":[{"name":"wp","href":"https:\/\/api.w.org\/{rel}","templated":true}]}}