{"id":68,"date":"2017-06-13T05:31:24","date_gmt":"2017-06-13T05:31:24","guid":{"rendered":"http:\/\/localhost\/mostostal_siedlce\/?page_id=68"},"modified":"2024-01-29T08:50:32","modified_gmt":"2024-01-29T08:50:32","slug":"zertifikate","status":"publish","type":"page","link":"https:\/\/www.mostostal.siedlce.pl\/de\/korrosionsschutz\/zertifikate\/","title":{"rendered":"Zertifikate"},"content":{"rendered":"<div class=\"textwrapper\">\r\n    <table class=\"certy\" id=\"smalltable\">\r\n        <tbody>\r\n            <tr>\r\n<td>\r\n          <a target=\"_blank\" href=\"https:\/\/www.udt.gov.pl\" rel=\"noopener noreferrer\"><img loading=\"lazy\" src=\"https:\/\/www.mostostal.siedlce.pl\/wp-content\/uploads\/logo\/udt.png\" alt=\"Logo UDT\" width=\"128\" height=\"128\" class=\"alignnone size-full \"><\/a><\/td>\r\n<td><a href=\"https:\/\/www.mostostal.siedlce.pl\/wp-content\/uploads\/certificates\/9001de.pdf\">PN-ISO 9001 \u2013 Qualit\u00e4tsmanagementsysteme, PN-ISO 14001 \u2013 Umweltmanagementsysteme, ISO 45001 \u2013 Arbeitsschutzmanagementsysteme<span class=\"icon ia download\"><\/span><\/a><\/td>\r\n<\/tr>\r\n            <tr>\r\n                <td>\r\n                    <a href=\"http:\/\/www.dvs-zert.de\"><img loading=\"lazy\"\r\n                            src=\"https:\/\/www.mostostal.siedlce.pl\/wp-content\/uploads\/2017\/06\/DVS.png\" alt=\"Logo DVS\"\r\n                            width=\"128\" height=\"128\" class=\"alignnone size-full wp-image-619\"><\/a>\r\n                <\/td>\r\n                <td><a href=\"https:\/\/www.mostostal.siedlce.pl\/wp-content\/uploads\/certificates\/1090de.pdf\">\r\n                        EG-Konformit\u00e4tsbescheinigung \u2013 EN 1090-1:2009 + A1:2011\r\n                        <span class=\"icon ia download\"><\/span><\/a><\/td>\r\n            <\/tr>\r\n            <tr>\r\n                <td>\r\n                    <a id=\"smalltable\" target=\"_blank\" href=\"http:\/\/www.ifo-gmbh.de\" rel=\"noopener noreferrer\"><img loading=\"lazy\"\r\n                            src=\"https:\/\/www.mostostal.siedlce.pl\/wp-content\/uploads\/2017\/06\/ifo.png\"\r\n                            alt=\"Logo Institut f\u00fcr Oberfl\u00e4chentechnik\" width=\"128\" height=\"128\"\r\n                            class=\"alignnone size-full wp-image-616\"><\/a>\r\n                <\/td>\r\n                <td><a href=\"https:\/\/www.mostostal.siedlce.pl\/wp-content\/uploads\/certificates\/dast022.pdf\">DAST-Zertifikat\r\n                        \u2013 Richtlinie 022 \u2013 Verzinken von Tragkonstruktionen<span class=\"icon ia download\"><\/span><\/a>\r\n                <\/td>\r\n            <\/tr>\r\n            <!--<tr>\r\n                <td>\r\n                    <a target=\"_blank\" href=\"http:\/\/www.pesa.pl\/\" rel=\"noopener noreferrer\"><img loading=\"lazy\"\r\n                            src=\"https:\/\/www.mostostal.siedlce.pl\/wp-content\/uploads\/logo\/pesa.png\"\r\n                            alt=\"Lieferantenqualifikationszertifikat Pesa Bydgoszcz SA\" width=\"128\" height=\"128\"\r\n                            class=\"alignnone size-full wp-image-614\"><\/a>\r\n                <\/td>\r\n                <td><a href=\"https:\/\/www.mostostal.siedlce.pl\/wp-content\/uploads\/certificates\/pesa.pdf\">Lieferantenqualifikationszertifikat\r\n                        Pesa Bydgoszcz SA<span class=\"icon ia download\"><\/span><\/a><\/td>\r\n            <\/tr>-->\r\n            <tr>\r\n                <td>\r\n                    <a target=\"_blank\" href=\"http:\/\/www.pzh.gov.pl\/\" rel=\"noopener noreferrer\"><img loading=\"lazy\"\r\n                            src=\"https:\/\/www.mostostal.siedlce.pl\/wp-content\/uploads\/logo\/pzh.png\"\r\n                            alt=\"Logo Narodowym Instytucie Zdrowia Publicznego\" width=\"128\" height=\"128\"\r\n                            class=\"alignnone size-full wp-image-618\"><\/a>\r\n                <\/td>\r\n                <td><a href=\"https:\/\/www.mostostal.siedlce.pl\/wp-content\/uploads\/certificates\/ahc.pdf\">Hygienezeugnis f\u00fcr\r\n                        eine Zinkschicht B.BK.60110.1094.2023<span class=\"icon ia download\"><\/span><\/a><\/td>\r\n            <\/tr>\r\n            <tr>\r\n                <td>\r\n                    <a target=\"_blank\" href=\"http:\/\/www.bcc.org.pl\/\" rel=\"noopener noreferrer\"><img loading=\"lazy\"\r\n                            src=\"https:\/\/www.mostostal.siedlce.pl\/wp-content\/uploads\/2017\/06\/medal.png\"\r\n                            alt=\"Medal Europejski\" width=\"128\" height=\"128\"\r\n                            class=\"alignnone size-full wp-image-617\"><\/a>\r\n                <\/td>\r\n                <td><a href=\"https:\/\/www.mostostal.siedlce.pl\/wp-content\/uploads\/2017\/06\/MEDAL.gif\">Europ\u00e4ische Medaille\r\n                        f\u00fcr Feuerverzinkung<span class=\"icon ia download\"><\/span><\/a><\/td>\r\n            <\/tr>\r\n            <tr>\r\n                <td>\r\n                    <a target=\"_blank\" href=\"http:\/\/www.bcc.org.pl\/\" rel=\"noopener noreferrer\"><img loading=\"lazy\"\r\n                            src=\"https:\/\/www.mostostal.siedlce.pl\/wp-content\/uploads\/2017\/06\/medal.png\"\r\n                            alt=\"Medal Europejski\" width=\"128\" height=\"128\"\r\n                            class=\"alignnone size-full wp-image-617\"><\/a>\r\n                <\/td>\r\n                <td><a href=\"https:\/\/www.mostostal.siedlce.pl\/wp-content\/uploads\/2017\/06\/MEDALDUPLEX-1.gif\">Europ\u00e4ische\r\n                        Medaille f\u00fcr das Duplex-System.<span class=\"icon ia download\"><\/span><\/a><\/td>\r\n            <\/tr>\r\n            <tr>\r\n                <td>\r\n                    <a href=\"http:\/\/portal-cynkowniczy.pl\"><img loading=\"lazy\"\r\n                            src=\"https:\/\/www.mostostal.siedlce.pl\/wp-content\/uploads\/2017\/06\/ptc.png\"\r\n                            alt=\"Logo  Polskie Towarzystwo Cynkownicze\" width=\"128\" height=\"128\"\r\n                            class=\"alignnone size-full wp-image-619\"><\/a>\r\n                <\/td>\r\n                <td><a href=\"https:\/\/www.mostostal.siedlce.pl\/wp-content\/uploads\/certificates\/PTC.pdf\">Zertifikat der\r\n                        Polnischen Verzinkungsgesellschaft<span class=\"icon ia download\"><\/span><\/a><\/td>\r\n            <\/tr>\r\n        <\/tbody>\r\n    <\/table>\r\n<\/div>","protected":false},"excerpt":{"rendered":"PN-ISO 9001 \u2013 Qualit\u00e4tsmanagementsysteme, PN-ISO 14001 \u2013 Umweltmanagementsysteme, ISO 45001 \u2013 Arbeitsschutzmanagementsysteme EG-Konformit\u00e4tsbescheinigung \u2013 EN 1090-1:2009 + A1:2011 DAST-Zertifikat \u2013 Richtlinie 022 \u2013 Verzinken von Tragkonstruktionen Hygienezeugnis f\u00fcr eine Zinkschicht B.BK.60110.1094.2023 Europ\u00e4ische Medaille f\u00fcr Feuerverzinkung Europ\u00e4ische Medaille f\u00fcr das Duplex-System. Zertifikat der Polnischen Verzinkungsgesellschaft","protected":false},"author":1,"featured_media":0,"parent":36,"menu_order":0,"comment_status":"closed","ping_status":"closed","template":"","meta":[],"_links":{"self":[{"href":"https:\/\/www.mostostal.siedlce.pl\/de\/wp-json\/wp\/v2\/pages\/68"}],"collection":[{"href":"https:\/\/www.mostostal.siedlce.pl\/de\/wp-json\/wp\/v2\/pages"}],"about":[{"href":"https:\/\/www.mostostal.siedlce.pl\/de\/wp-json\/wp\/v2\/types\/page"}],"author":[{"embeddable":true,"href":"https:\/\/www.mostostal.siedlce.pl\/de\/wp-json\/wp\/v2\/users\/1"}],"replies":[{"embeddable":true,"href":"https:\/\/www.mostostal.siedlce.pl\/de\/wp-json\/wp\/v2\/comments?post=68"}],"version-history":[{"count":7,"href":"https:\/\/www.mostostal.siedlce.pl\/de\/wp-json\/wp\/v2\/pages\/68\/revisions"}],"predecessor-version":[{"id":3611,"href":"https:\/\/www.mostostal.siedlce.pl\/de\/wp-json\/wp\/v2\/pages\/68\/revisions\/3611"}],"up":[{"embeddable":true,"href":"https:\/\/www.mostostal.siedlce.pl\/de\/wp-json\/wp\/v2\/pages\/36"}],"wp:attachment":[{"href":"https:\/\/www.mostostal.siedlce.pl\/de\/wp-json\/wp\/v2\/media?parent=68"}],"curies":[{"name":"wp","href":"https:\/\/api.w.org\/{rel}","templated":true}]}}