{"id":998,"date":"2017-07-04T08:42:38","date_gmt":"2017-07-04T08:42:38","guid":{"rendered":"http:\/\/localhost\/mostostal_siedlce\/?page_id=998"},"modified":"2026-03-05T18:31:10","modified_gmt":"2026-03-05T18:31:10","slug":"geschaftsfuhrung","status":"publish","type":"page","link":"https:\/\/www.mostostal.siedlce.pl\/de\/uber-das-unternehmen\/geschaftsfuhrung\/","title":{"rendered":"Gesch\u00e4ftsf\u00fchrung"},"content":{"rendered":"<div class=\"textwrapper ttextwrapper\">\r\n    <div class=\"bcardwrapper\">\r\n        <div class=\"shad-1 lift ftl nucard\">\r\n            <img loading=\"lazy\" src=\"https:\/\/www.mostostal.siedlce.pl\/wp-content\/uploads\/2018\/01\/bc.jpg\" width=\"408\" height=\"246\"\r\n                alt=\"wizyt\u00f3wka Robert Zakrzewski\" class=\"\" \/>\r\n            <div class=\"nucard-content unselectable\">\r\n                <h2>\r\n                    <span class=\"fit\">Tomasz <\/span>\r\n                    <span class=\"fat\">Borz\u0119cki<\/span>\r\n                <\/h2>\r\n                <hr class=\"hr-darker mb1 mt1\">\r\n                <h5 class=\"fyt\">Gesch\u00e4ftsf\u00fchrer bei Mostostal Siedlce Sp. z o.o.<\/h5>\r\n            <\/div>\r\n        <\/div>\r\n        <div class=\"shad-1 lift ftl nucard\">\r\n            <img loading=\"lazy\" src=\"https:\/\/www.mostostal.siedlce.pl\/wp-content\/uploads\/2018\/01\/bc.jpg\" width=\"408\" height=\"246\"\r\n                alt=\"wizyt\u00f3wka Marzena Komar\" class=\"\" \/>\r\n            <div class=\"nucard-content unselectable\">\r\n                <h2>\r\n                    <span class=\"fit\">Dariusz <\/span>\r\n                    <span class=\"fat\">Bogusz<\/span>\r\n                <\/h2>\r\n                <hr class=\"hr-darker mb1 mt1\">\r\n                <h5 class=\"fyt\">Stellvertretender Gesch\u00e4ftsf\u00fchrer bei Mostostal Siedlce Sp. z o.o.<\/h5>\r\n            <\/div>\r\n        <\/div>\r\n\r\n        <div class=\"shad-1 lift ftl nucard\">\r\n            <img loading=\"lazy\" src=\"https:\/\/www.mostostal.siedlce.pl\/wp-content\/uploads\/2018\/01\/bc.jpg\" width=\"408\" height=\"246\"\r\n                alt=\"wizyt\u00f3wka Bogus\u0142aw Lipi\u0144ski\" class=\"\" \/>\r\n            <div class=\"nucard-content unselectable\">\r\n                <h2>\r\n                    <span class=\"fit\">Piotr<\/span>\r\n                    <span class=\"fat\">Miros\u0142aw<\/span>\r\n                <\/h2>\r\n                <hr class=\"hr-darker mb1 mt1\">\r\n                <h5 class=\"fyt\">Direktor f\u00fcr Produktion, Prokura<\/h5>\r\n            <\/div>\r\n        <\/div>\r\n    <\/div>\r\n<\/div>","protected":false},"excerpt":{"rendered":"Tomasz Borz\u0119cki Gesch\u00e4ftsf\u00fchrer bei Mostostal Siedlce Sp. z o.o. Dariusz Bogusz Stellvertretender Gesch\u00e4ftsf\u00fchrer bei Mostostal Siedlce Sp. z o.o. Piotr Miros\u0142aw Direktor f\u00fcr Produktion, Prokura","protected":false},"author":1,"featured_media":0,"parent":27,"menu_order":0,"comment_status":"closed","ping_status":"closed","template":"","meta":[],"_links":{"self":[{"href":"https:\/\/www.mostostal.siedlce.pl\/de\/wp-json\/wp\/v2\/pages\/998"}],"collection":[{"href":"https:\/\/www.mostostal.siedlce.pl\/de\/wp-json\/wp\/v2\/pages"}],"about":[{"href":"https:\/\/www.mostostal.siedlce.pl\/de\/wp-json\/wp\/v2\/types\/page"}],"author":[{"embeddable":true,"href":"https:\/\/www.mostostal.siedlce.pl\/de\/wp-json\/wp\/v2\/users\/1"}],"replies":[{"embeddable":true,"href":"https:\/\/www.mostostal.siedlce.pl\/de\/wp-json\/wp\/v2\/comments?post=998"}],"version-history":[{"count":7,"href":"https:\/\/www.mostostal.siedlce.pl\/de\/wp-json\/wp\/v2\/pages\/998\/revisions"}],"predecessor-version":[{"id":3637,"href":"https:\/\/www.mostostal.siedlce.pl\/de\/wp-json\/wp\/v2\/pages\/998\/revisions\/3637"}],"up":[{"embeddable":true,"href":"https:\/\/www.mostostal.siedlce.pl\/de\/wp-json\/wp\/v2\/pages\/27"}],"wp:attachment":[{"href":"https:\/\/www.mostostal.siedlce.pl\/de\/wp-json\/wp\/v2\/media?parent=998"}],"curies":[{"name":"wp","href":"https:\/\/api.w.org\/{rel}","templated":true}]}}