{"id":205,"date":"2017-06-14T12:36:45","date_gmt":"2017-06-14T12:36:45","guid":{"rendered":"http:\/\/localhost\/mostostal_siedlce\/?page_id=205"},"modified":"2018-02-16T14:02:17","modified_gmt":"2018-02-16T14:02:17","slug":"painting","status":"publish","type":"page","link":"https:\/\/www.mostostal.siedlce.pl\/en\/anti-corrosion-protection\/offer\/painting\/","title":{"rendered":"Painting"},"content":{"rendered":"<div class=\"textwrapper\">\r\n<p>\r\nPaint coating plays a significant role in commonly applied technologies of steel anti-corrosion protection. Its durability does not match the zinc coating, however due to lower price at the moment of structure completion, it is a common choice of investors as a method of anti-corrosion protection. \r\n<\/p>\r\n<div class=\"picwrapper\">\r\n<img loading=\"lazy\" width=\"800\" height=\"528\" src=\"https:\/\/www.mostostal.siedlce.pl\/wp-content\/uploads\/2017\/07\/IMG_5630.jpg\" alt=\"Malowanie\" style=\"object-position: center top\" class=\"pic100x50 wp-image-1828\" srcset=\"https:\/\/www.mostostal.siedlce.pl\/en\/wp-content\/uploads\/2017\/07\/IMG_5630.jpg 800w, https:\/\/www.mostostal.siedlce.pl\/en\/wp-content\/uploads\/2017\/07\/IMG_5630-300x198.jpg 300w, https:\/\/www.mostostal.siedlce.pl\/en\/wp-content\/uploads\/2017\/07\/IMG_5630-768x507.jpg 768w\" sizes=\"(max-width: 800px) 100vw, 800px\" \/>\r\n<\/div>\r\n\r\n<p>\r\nWe propose you professional painting protection using the best in class paints applied using hydrodynamic method. We cooperate with well-known national and foreign paints manufacturers such as: Lankwitzer, Nobiles, Hempel, SIGMA, Polifarb Oliva, Rembrandtin, Feidal, CHING. \r\n<\/p>\r\n<div class=\"picwrapper\">\r\n<img loading=\"lazy\" width=\"800\" height=\"500\" src=\"https:\/\/www.mostostal.siedlce.pl\/wp-content\/uploads\/2017\/07\/pomalowane-elementy-hal.jpg\" alt=\"Malowanie\" class=\"pic50 wp-image-1836\" srcset=\"https:\/\/www.mostostal.siedlce.pl\/en\/wp-content\/uploads\/2017\/07\/pomalowane-elementy-hal.jpg 800w, https:\/\/www.mostostal.siedlce.pl\/en\/wp-content\/uploads\/2017\/07\/pomalowane-elementy-hal-300x188.jpg 300w, https:\/\/www.mostostal.siedlce.pl\/en\/wp-content\/uploads\/2017\/07\/pomalowane-elementy-hal-768x480.jpg 768w\" sizes=\"(max-width: 800px) 100vw, 800px\" \/>\r\n<img loading=\"lazy\" width=\"600\" height=\"600\" src=\"https:\/\/www.mostostal.siedlce.pl\/wp-content\/uploads\/2017\/06\/\u017c\u00f3\u0142ty-ma\u0142y.jpg\" alt=\"Malowanie\" class=\"pic50 wp-image-1913\" srcset=\"https:\/\/www.mostostal.siedlce.pl\/en\/wp-content\/uploads\/2017\/06\/\u017c\u00f3\u0142ty-ma\u0142y.jpg 600w, https:\/\/www.mostostal.siedlce.pl\/en\/wp-content\/uploads\/2017\/06\/\u017c\u00f3\u0142ty-ma\u0142y-150x150.jpg 150w, https:\/\/www.mostostal.siedlce.pl\/en\/wp-content\/uploads\/2017\/06\/\u017c\u00f3\u0142ty-ma\u0142y-300x300.jpg 300w\" sizes=\"(max-width: 600px) 100vw, 600px\" \/>\r\n<\/div>\r\n<p>\r\nWe paint both, &#8220;basic&#8221; structures as well as hot galvanized ones (DUPLEX system), which are highly recommended. \r\n<\/p>\r\n\r\n<p>\r\nPreparation of steel surface is the critical element affecting life of the paint coating. As we are aware of it, we employ abrasive blasting (shot peening) and chemical treatment (etching in acids), which allow for obtaining the highest level of adhesion of paint coating to the substrate, thus high quality of coating. \r\n<\/p>\r\n<p>\r\n<strong>We grant a guarantee for the made anti-corrosion coatings.<\/strong>\r\n<\/p>\r\n<\/div>\r\n\r\n","protected":false},"excerpt":{"rendered":"Paint coating plays a significant role in commonly applied technologies of steel anti-corrosion protection. Its durability does not match the zinc coating, however due to lower price at the moment of structure completion, it is a common choice of investors as a method of anti-corrosion protection. We propose you professional painting protection using the best [&hellip;]","protected":false},"author":1,"featured_media":0,"parent":74,"menu_order":0,"comment_status":"closed","ping_status":"closed","template":"","meta":[],"_links":{"self":[{"href":"https:\/\/www.mostostal.siedlce.pl\/en\/wp-json\/wp\/v2\/pages\/205"}],"collection":[{"href":"https:\/\/www.mostostal.siedlce.pl\/en\/wp-json\/wp\/v2\/pages"}],"about":[{"href":"https:\/\/www.mostostal.siedlce.pl\/en\/wp-json\/wp\/v2\/types\/page"}],"author":[{"embeddable":true,"href":"https:\/\/www.mostostal.siedlce.pl\/en\/wp-json\/wp\/v2\/users\/1"}],"replies":[{"embeddable":true,"href":"https:\/\/www.mostostal.siedlce.pl\/en\/wp-json\/wp\/v2\/comments?post=205"}],"version-history":[{"count":2,"href":"https:\/\/www.mostostal.siedlce.pl\/en\/wp-json\/wp\/v2\/pages\/205\/revisions"}],"predecessor-version":[{"id":3242,"href":"https:\/\/www.mostostal.siedlce.pl\/en\/wp-json\/wp\/v2\/pages\/205\/revisions\/3242"}],"up":[{"embeddable":true,"href":"https:\/\/www.mostostal.siedlce.pl\/en\/wp-json\/wp\/v2\/pages\/74"}],"wp:attachment":[{"href":"https:\/\/www.mostostal.siedlce.pl\/en\/wp-json\/wp\/v2\/media?parent=205"}],"curies":[{"name":"wp","href":"https:\/\/api.w.org\/{rel}","templated":true}]}}