{"id":42,"date":"2017-06-13T05:19:26","date_gmt":"2017-06-13T05:19:26","guid":{"rendered":"http:\/\/localhost\/mostostal_siedlce\/?page_id=42"},"modified":"2018-07-05T11:53:51","modified_gmt":"2018-07-05T11:53:51","slug":"history","status":"publish","type":"page","link":"https:\/\/www.mostostal.siedlce.pl\/en\/about-company\/history\/","title":{"rendered":"History"},"content":{"rendered":"<div class=\"textwrapper\">\r\n<p><strong>\r\nMostostal Siedlce\r\n<\/strong> \r\nbelongs to the capital group Polimex-Mostostal SA  Current form the Company has been formed in 2016, as a result of transfer of the plant in Siedlce to a separate company.\r\n<\/p>\r\n\r\n<div class=\"picwrapper\">\r\n\r\n<img loading=\"lazy\" src=\"https:\/\/www.mostostal.siedlce.pl\/wp-content\/uploads\/2017\/06\/bloto1_400x400.jpg\" alt=\"Wytw\u00f3rnia Lekkich Konstrukcji Stalowych\" width=\"400\" height=\"400\" class=\"pic50 pic50alt wp-image-1980\" srcset=\"https:\/\/www.mostostal.siedlce.pl\/en\/wp-content\/uploads\/2017\/06\/bloto1_400x400.jpg 400w, https:\/\/www.mostostal.siedlce.pl\/en\/wp-content\/uploads\/2017\/06\/bloto1_400x400-150x150.jpg 150w, https:\/\/www.mostostal.siedlce.pl\/en\/wp-content\/uploads\/2017\/06\/bloto1_400x400-300x300.jpg 300w\" sizes=\"(max-width: 400px) 100vw, 400px\" \/>\r\n\r\n<img loading=\"lazy\" src=\"https:\/\/www.mostostal.siedlce.pl\/wp-content\/uploads\/2017\/06\/bloto2_400x400.jpg\" alt=\"hale Wytw\u00f3rni Lekkich Konstrukcji Stalowych\" width=\"400\" height=\"400\" class=\"pic50 pic50alt wp-image-1981\" srcset=\"https:\/\/www.mostostal.siedlce.pl\/en\/wp-content\/uploads\/2017\/06\/bloto2_400x400.jpg 400w, https:\/\/www.mostostal.siedlce.pl\/en\/wp-content\/uploads\/2017\/06\/bloto2_400x400-150x150.jpg 150w, https:\/\/www.mostostal.siedlce.pl\/en\/wp-content\/uploads\/2017\/06\/bloto2_400x400-300x300.jpg 300w\" sizes=\"(max-width: 400px) 100vw, 400px\" \/>\r\n\r\n<\/div>\r\n\r\n<p>\r\nThe company Mostostal Siedlce has been established in 1973 as Wytw\u00f3rnia Lekkich Konstrukcji Stalowych (Production plant of light steel structures). At the end of the Seventies production of steel structures (1975), platform grates (1977) and hot galvanizing plant (1978) in Siedlce have been started.\r\n<\/p>\r\n\r\n<div class=\"picwrapper\">\r\n<img loading=\"lazy\" src=\"https:\/\/www.mostostal.siedlce.pl\/wp-content\/uploads\/2017\/06\/125035_800x400.jpg\" alt=\"Pomiar element\u00f3w rega\u0142\u00f3w wysokiego sk\u0142adowania\" width=\"800\" height=\"400\" class=\"pic100x50 wp-image-1978\" srcset=\"https:\/\/www.mostostal.siedlce.pl\/en\/wp-content\/uploads\/2017\/06\/125035_800x400.jpg 800w, https:\/\/www.mostostal.siedlce.pl\/en\/wp-content\/uploads\/2017\/06\/125035_800x400-300x150.jpg 300w, https:\/\/www.mostostal.siedlce.pl\/en\/wp-content\/uploads\/2017\/06\/125035_800x400-768x384.jpg 768w\" sizes=\"(max-width: 800px) 100vw, 800px\" \/>\r\n\r\n<\/div>\r\n\r\nThe turn of the centuries is the time of change and progress for Mostostal Siedlce: \r\n<ul class=\"noulstyle\">\r\n<li><strong>1993<\/strong> &#8211; privatisation of the company, Mostostal Siedlce S.A. starts its operations<\/li>\r\n<li><strong>1997<\/strong> &#8211; Mostostal Siedlce makes its debut on the Warsaw Stock Exchange<\/li>\r\n<li><strong>1999<\/strong> &#8211; a majority holding of Mostostal Siedlce is bought by Polimex-Cekop, whose history is dating back to 1945<\/li>\r\n<li><strong>2004<\/strong> &#8211; fusion of Polimex-Cekop and Mostostal Siedlce, after which a Polimex-Mostostal Siedlce S.A. is established<\/li>\r\n<li><strong>2006<\/strong> &#8211; change of the name of the company to Polimex-Mostostal S.A.<\/li>\r\n<li><strong>2016<\/strong> &#8211; separation of the plant in Siedlce as Mostostal Siedlce Sp\u00f3\u0142ka z ograniczon\u0105 odpowiedzialno\u015bci\u0105 Sp. k. from the Polimex-Mostostal S.A. structures<\/li>\r\n<\/ul>\r\n\r\n\r\n<div class=\"picwrapper\">\r\n<img loading=\"lazy\" src=\"https:\/\/www.mostostal.siedlce.pl\/wp-content\/uploads\/2017\/06\/125049_800x400.jpg\" alt=\"Hale zak\u0142adowe Z1, Z2 i Z3\" width=\"800\" height=\"400\" class=\"pic100x50 wp-image-1979\" srcset=\"https:\/\/www.mostostal.siedlce.pl\/en\/wp-content\/uploads\/2017\/06\/125049_800x400.jpg 800w, https:\/\/www.mostostal.siedlce.pl\/en\/wp-content\/uploads\/2017\/06\/125049_800x400-300x150.jpg 300w, https:\/\/www.mostostal.siedlce.pl\/en\/wp-content\/uploads\/2017\/06\/125049_800x400-768x384.jpg 768w\" sizes=\"(max-width: 800px) 100vw, 800px\" \/>\r\n<\/div>\r\n\r\n<p>\r\nWith the launch of new computer controlled technological lines for the production of platform grates, Mostostal Siedlce becomes the largest producer in Poland and one of the leading in Europe. The list of our customers includes the biggest Polish construction companies. Our grates are used in so common investments as new airport terminal in Poznan or the building of the largest and most advanced Jagiellonian Library in Cracow. \r\n<\/p>\r\n\r\n<div class=\"picwrapper\">\r\n\r\n<img loading=\"lazy\" src=\"https:\/\/www.mostostal.siedlce.pl\/wp-content\/uploads\/2017\/06\/1908_001_800x400.jpg\" alt=\"Suwnice\" width=\"800\" height=\"400\" class=\"pic100x50 wp-image-1982\" srcset=\"https:\/\/www.mostostal.siedlce.pl\/en\/wp-content\/uploads\/2017\/06\/1908_001_800x400.jpg 800w, https:\/\/www.mostostal.siedlce.pl\/en\/wp-content\/uploads\/2017\/06\/1908_001_800x400-300x150.jpg 300w, https:\/\/www.mostostal.siedlce.pl\/en\/wp-content\/uploads\/2017\/06\/1908_001_800x400-768x384.jpg 768w\" sizes=\"(max-width: 800px) 100vw, 800px\" \/>\r\n\r\n<\/div>\r\n\r\n<p>\r\nThe highest quality of our products and services is confirmed with Certificates of the Integrated System including the following standards: ISO 9001, ISO 14001, PN-N-18001, OHSAS 18001, PN-EN ISO 3834, EN 1090. The Platform Grates Plant is the holder of the Technical Approval ITB and mark &#8220;B&#8221; concerning platform grates and stairway steps. Our company has already received six times the prestigious European Medal for the product and services jointly awarded by the Committee for European Integration and Business Centre Club. In 2000 the Platform Grates Plant was awarded with the European Medal. \r\n<\/p>\r\n\r\n<div class=\"picwrapper\">\r\n<img loading=\"lazy\" src=\"https:\/\/www.mostostal.siedlce.pl\/wp-content\/uploads\/2017\/06\/125014_800x600.jpg\" alt=\"stary Biurowiec Mostostal Siedlce\" width=\"800\" height=\"592\" class=\"pic100x75 wp-image-1984\" srcset=\"https:\/\/www.mostostal.siedlce.pl\/en\/wp-content\/uploads\/2017\/06\/125014_800x600.jpg 800w, https:\/\/www.mostostal.siedlce.pl\/en\/wp-content\/uploads\/2017\/06\/125014_800x600-300x222.jpg 300w, https:\/\/www.mostostal.siedlce.pl\/en\/wp-content\/uploads\/2017\/06\/125014_800x600-768x568.jpg 768w\" sizes=\"(max-width: 800px) 100vw, 800px\" \/>\r\n\r\n<\/div>\r\n\r\n\r\n<p>\r\nIt all adds up to the image of the company as the dynamic, benefiting from years of experience brand in order to meet the growing needs and requirements of customers. Potential of the capital group allows for implementing even the largest investment projects.\r\n<\/p>\r\n\r\n<div class=\"picwrapper\">\r\n\r\n<img loading=\"lazy\" src=\"https:\/\/www.mostostal.siedlce.pl\/wp-content\/uploads\/2017\/06\/IMG_20170714_075307.jpg\" alt=\"Biurowiec Mostostal Siedlce\" width=\"800\" height=\"400\" class=\"pic100x50 wp-image-2300\" srcset=\"https:\/\/www.mostostal.siedlce.pl\/en\/wp-content\/uploads\/2017\/06\/IMG_20170714_075307.jpg 800w, https:\/\/www.mostostal.siedlce.pl\/en\/wp-content\/uploads\/2017\/06\/IMG_20170714_075307-300x150.jpg 300w, https:\/\/www.mostostal.siedlce.pl\/en\/wp-content\/uploads\/2017\/06\/IMG_20170714_075307-768x384.jpg 768w\" sizes=\"(max-width: 800px) 100vw, 800px\" \/>\r\n\r\n<\/div>\r\n\r\n<\/div>\r\n\r\n\r\n\r\n\r\n\r\n\r\n\r\n\r\n\r\n\r\n\r\n\r\n\r\n\r\n","protected":false},"excerpt":{"rendered":"Mostostal Siedlce belongs to the capital group Polimex-Mostostal SA Current form the Company has been formed in 2016, as a result of transfer of the plant in Siedlce to a separate company. The company Mostostal Siedlce has been established in 1973 as Wytw\u00f3rnia Lekkich Konstrukcji Stalowych (Production plant of light steel structures). At the end [&hellip;]","protected":false},"author":1,"featured_media":0,"parent":27,"menu_order":0,"comment_status":"closed","ping_status":"closed","template":"","meta":[],"_links":{"self":[{"href":"https:\/\/www.mostostal.siedlce.pl\/en\/wp-json\/wp\/v2\/pages\/42"}],"collection":[{"href":"https:\/\/www.mostostal.siedlce.pl\/en\/wp-json\/wp\/v2\/pages"}],"about":[{"href":"https:\/\/www.mostostal.siedlce.pl\/en\/wp-json\/wp\/v2\/types\/page"}],"author":[{"embeddable":true,"href":"https:\/\/www.mostostal.siedlce.pl\/en\/wp-json\/wp\/v2\/users\/1"}],"replies":[{"embeddable":true,"href":"https:\/\/www.mostostal.siedlce.pl\/en\/wp-json\/wp\/v2\/comments?post=42"}],"version-history":[{"count":4,"href":"https:\/\/www.mostostal.siedlce.pl\/en\/wp-json\/wp\/v2\/pages\/42\/revisions"}],"predecessor-version":[{"id":3427,"href":"https:\/\/www.mostostal.siedlce.pl\/en\/wp-json\/wp\/v2\/pages\/42\/revisions\/3427"}],"up":[{"embeddable":true,"href":"https:\/\/www.mostostal.siedlce.pl\/en\/wp-json\/wp\/v2\/pages\/27"}],"wp:attachment":[{"href":"https:\/\/www.mostostal.siedlce.pl\/en\/wp-json\/wp\/v2\/media?parent=42"}],"curies":[{"name":"wp","href":"https:\/\/api.w.org\/{rel}","templated":true}]}}