{"id":275,"date":"2017-06-16T06:36:00","date_gmt":"2017-06-16T06:36:00","guid":{"rendered":"http:\/\/localhost\/mostostal_siedlce\/?page_id=275"},"modified":"2018-01-31T10:53:29","modified_gmt":"2018-01-31T10:53:29","slug":"p%d0%b5%d0%b3%d1%83%d0%bb%d0%b8%d1%80%d1%83%d0%b5%d0%bc%d1%8b%d0%b5-%d0%bb%d0%b5%d1%81%d1%82%d0%bd%d0%b8%d1%86%d1%8b","status":"publish","type":"page","link":"https:\/\/www.mostostal.siedlce.pl\/ru\/p%d0%b5%d1%88%d0%b5%d1%82%d1%87%d0%b0%d1%82%d1%8b%d0%b9-%d0%bd%d0%b0%d1%81%d1%82%d0%b8%d0%bb\/%d0%bf%d1%80%d0%b5%d0%b4%d0%bb%d0%be%d0%b6%d0%b5%d0%bd%d0%b8%d0%b5\/%d0%bb%d0%b5%d1%81%d1%82%d0%bd%d0%b8%d1%86%d1%8b\/p%d0%b5%d0%b3%d1%83%d0%bb%d0%b8%d1%80%d1%83%d0%b5%d0%bc%d1%8b%d0%b5-%d0%bb%d0%b5%d1%81%d1%82%d0%bd%d0%b8%d1%86%d1%8b\/","title":{"rendered":"\u0420\u0435\u0433\u0443\u043b\u0438\u0440\u0443\u0435\u043c\u044b\u0435 \u043b\u0435\u0441\u0442\u043d\u0438\u0446\u044b"},"content":{"rendered":"<div class=\"textwrapper\">\r\n\r\n<p>\r\n\u041b\u0435\u0441\u0442\u043d\u0438\u0446\u044b \u0441 \u0440\u0435\u0433\u0443\u043b\u0438\u0440\u0443\u0435\u043c\u043e\u0439 \u0432\u044b\u0441\u043e\u0442\u043e\u0439 \u0432\u044b\u043f\u043e\u043b\u043d\u044f\u044e\u0442\u0441\u044f \u043a\u0430\u043a \u043a\u043e\u043d\u0441\u0442\u0440\u0443\u043a\u0446\u0438\u0438 \u0434\u043b\u044f \u0441\u0430\u043c\u043e\u0441\u0442\u043e\u044f\u0442\u0435\u043b\u044c\u043d\u043e\u0439 \u0441\u0431\u043e\u0440\u043a\u0438. \u041e\u043d\u0438 \u043e\u0442\u043b\u0438\u0447\u0430\u044e\u0442\u0441\u044f \u043f\u043b\u0430\u0432\u043d\u043e\u0439 \u0440\u0435\u0433\u0443\u043b\u0438\u0440\u043e\u0432\u043a\u043e\u0439 \u0443\u0433\u043b\u0430 \u0432 \u0434\u0438\u0430\u043f\u0430\u0437\u043e\u043d\u0435 35 \u2013 40 \u0433\u0440\u0430\u0434\u0443\u0441\u043e\u0432, \u0447\u0442\u043e \u043f\u043e\u0437\u0432\u043e\u043b\u044f\u0435\u0442 \u0432\u044b\u043f\u043e\u043b\u043d\u0438\u0442\u044c \u0438\u043d\u0434\u0438\u0432\u0438\u0434\u0443\u0430\u043b\u044c\u043d\u0443\u044e \u043d\u0430\u0441\u0442\u0440\u043e\u0439\u043a\u0443 \u0432\u044b\u0441\u043e\u0442\u044b \u043a \u043f\u043e\u0442\u0440\u0435\u0431\u043d\u043e\u0441\u0442\u044f\u043c \u041a\u043b\u0438\u0435\u043d\u0442\u0430. \u041b\u0435\u0441\u0442\u043d\u0438\u0446\u044b \u0441 \u0443\u0433\u043b\u043e\u0432\u043e\u0439 \u0440\u0435\u0433\u0443\u043b\u0438\u0440\u043e\u0432\u043a\u043e\u0439 \u0432 \u0443\u043a\u0430\u0437\u0430\u043d\u043d\u043e\u043c \u0432\u044b\u0448\u0435 \u043e\u0431\u044a\u0435\u043c\u0435, \u0441\u043e\u043e\u0442\u0432\u0435\u0442\u0441\u0442\u0432\u0443\u044e\u0442 \u0442\u0440\u0435\u0431\u043e\u0432\u0430\u043d\u0438\u044f\u043c \u0441\u0442\u0440\u043e\u0438\u0442\u0435\u043b\u044c\u043d\u044b\u0445 \u043d\u043e\u0440\u043c \u0438 \u043f\u0440\u0430\u0432\u0438\u043b, \u043a\u0430\u0441\u0430\u044e\u0449\u0438\u0445\u0441\u044f \u0433\u0435\u043e\u043c\u0435\u0442\u0440\u0438\u0438 \u043f\u043e\u0434\u0441\u0442\u0443\u043f\u0435\u043d\u043a\u043e\u0432. \r\n<\/p>\r\n\r\n\r\n<div class=\"picwrapper\">\r\n<img loading=\"lazy\" src=\"https:\/\/www.mostostal.siedlce.pl\/wp-content\/uploads\/2017\/08\/schody regulowane.png\" alt=\"Schody proste z regulowan\u0105 wysoko\u015bci\u0105\" width=\"800\" height=\"600\" class=\"pic100x75 wp-image-2418\" \/>\r\n<\/div>\r\n\r\n<p>\r\n\u0418\u0437\u043c\u0435\u043d\u0435\u043d\u0438\u0435 \u043d\u0430\u043a\u043b\u043e\u043d\u0430 \u043b\u0435\u0441\u0442\u043d\u0438\u0446\u044b \u043e\u0441\u043d\u043e\u0432\u0430\u043d\u043e \u043d\u0430 \u043e\u0441\u043b\u0430\u0431\u043b\u0435\u043d\u0438\u0438 \u0432\u0441\u0435\u0445 \u0431\u043e\u043b\u0442\u043e\u0432 \u0432 \u0448\u0430\u0440\u043d\u0438\u0440\u0430\u0445, \u043a\u043e\u0440\u0440\u0435\u043a\u0442\u0438\u0440\u043e\u0432\u043a\u0438 \u0432\u0441\u0435\u0439 \u043a\u043e\u043d\u0441\u0442\u0440\u0443\u043a\u0446\u0438\u0438 \u0434\u043e \u0437\u0430\u0434\u0430\u043d\u043d\u043e\u0433\u043e \u0443\u0440\u043e\u0432\u043d\u044f \u043f\u0435\u0440\u0435\u043a\u0440\u044b\u0442\u0438\u044f \u0438 \u0435\u0435 \u0430\u043d\u043a\u0435\u0440\u043e\u0432\u043a\u0435. \u0417\u0430\u0442\u0435\u043c \u043d\u0435\u043e\u0431\u0445\u043e\u0434\u0438\u043c\u043e \u0432\u044b\u043f\u043e\u043b\u043d\u0438\u0442\u044c \u0430\u043d\u043a\u0435\u0440\u043e\u0432\u043a\u0443 \u043d\u043e\u0433\u0438 \u043b\u0435\u0441\u0442\u043d\u0438\u0446\u044b \u043a \u043e\u0441\u043d\u043e\u0432\u0430\u043d\u0438\u044e \u0438 \u0437\u0430\u0442\u044f\u043d\u0443\u0442\u044c \u0440\u0430\u043d\u0435\u0435 \u043e\u0441\u043b\u0430\u0431\u043b\u0435\u043d\u043d\u044b\u0435 \u0431\u043e\u043b\u0442\u044b. \u0412\u044b\u0448\u0435\u0443\u043f\u043e\u043c\u044f\u043d\u0443\u0442\u0430\u044f \u0440\u0435\u0433\u0443\u043b\u0438\u0440\u043e\u0432\u043a\u0430 \u0443\u0440\u043e\u0432\u043d\u044f \u043b\u0435\u0441\u0442\u043d\u0438\u0446\u044b \u0441\u043e\u0445\u0440\u0430\u043d\u044f\u0435\u0442 \u043a\u0430\u0436\u0434\u044b\u0439 \u0440\u0430\u0437 \u0433\u043e\u0440\u0438\u0437\u043e\u043d\u0442\u0430\u043b\u044c\u043d\u0443\u044e \u043f\u043b\u043e\u0441\u043a\u043e\u0441\u0442\u044c \u0441\u0442\u0443\u043f\u0435\u043d\u0438. \u0421\u0442\u0443\u043f\u0435\u043d\u0438 (\u0441\u043e\u0433\u043b\u0430\u0441\u043d\u043e DIN 24531) \u0438\u0437\u0433\u043e\u0442\u043e\u0432\u043b\u0435\u043d\u044b \u043d\u0430 \u043e\u0441\u043d\u043e\u0432\u0435 \u0440\u0435\u0448\u0435\u0442\u0447\u0430\u0442\u044b\u0445 \u043d\u0430\u0441\u0442\u0438\u043b\u043e\u0432 (\u0441\u043e\u0433\u043b\u0430\u0441\u043d\u043e DIN 24537). \u041a\u0440\u043e\u043c\u0435 \u0442\u043e\u0433\u043e, \u043c\u044b \u043f\u0440\u0435\u0434\u043b\u0430\u0433\u0430\u0435\u043c \u0441\u043e\u0435\u0434\u0438\u043d\u044f\u044e\u0449\u0438\u0435 \u043f\u043b\u043e\u0449\u0430\u0434\u043a\u0438, \u0432\u044b\u043f\u043e\u043b\u043d\u044f\u044e\u0449\u0438\u0435 \u0444\u0443\u043d\u043a\u0446\u0438\u044e \u043b\u0435\u0441\u0442\u043d\u0438\u0447\u043d\u043e\u0439 \u043f\u043b\u043e\u0449\u0430\u0434\u043a\u0438. \u0414\u043e\u043f\u043e\u043b\u043d\u0435\u043d\u0438\u0435\u043c \u043a \u0443\u043a\u0430\u0437\u0430\u043d\u043d\u044b\u043c \u0432\u044b\u0448\u0435 \u043b\u0435\u0441\u0442\u043d\u0438\u0446\u0430\u043c \u044f\u0432\u043b\u044f\u044e\u0442\u0441\u044f \u043f\u0435\u0440\u0438\u043b\u0430 \u0438\u0437 \u0442\u0440\u0443\u0431\u044b 42,4\u00d73,2 \u0441 \u043e\u0431\u0435\u0438\u0445 \u0441\u0442\u043e\u0440\u043e\u043d. \r\n<\/p>\r\n\r\n\r\n<\/div>\r\n<div class=\"textwrapper ttextwrapper\">\r\n\r\n<table id=\"smalltable\" class=\"mstripes shad-2 is100p\">\r\n<thead>\r\n  <tr>\r\n    <th>L.p.<\/th>\r\n    <th>Ilo\u015b\u0107 stopni<\/th>\r\n    <th>H min.[mm]<\/th>\r\n    <th>H max.[mm]<\/th>    \r\n  <\/tr>\r\n<\/thead>\r\n<tbody>\r\n  <tr>\r\n    <td>1<\/td>\r\n    <td>3<\/td>\r\n    <td>530<\/td>\r\n    <td>579<\/td>\r\n  <\/tr>\r\n  <tr>\r\n    <td>2<\/td>\r\n    <td>4<\/td>\r\n    <td>705<\/td>\r\n    <td>775<\/td>\r\n  <\/tr>\r\n  <tr>\r\n    <td>3<\/td>\r\n    <td>5<\/td>\r\n    <td>880<\/td>\r\n    <td>971<\/td>\r\n  <\/tr>\r\n  <tr>\r\n    <td>4<\/td>\r\n    <td>6<\/td>\r\n    <td>1055<\/td>\r\n    <td>1167<\/td>\r\n  <\/tr>\r\n  <tr>\r\n    <td>5<\/td>\r\n    <td>7<\/td>\r\n    <td>1230<\/td>\r\n    <td>1363<\/td>\r\n  <\/tr>\r\n  <tr>\r\n    <td>6<\/td>\r\n    <td>8<\/td>\r\n    <td>1405<\/td>\r\n    <td>1553<\/td>\r\n  <\/tr>\r\n  <tr>\r\n    <td>7<\/td>\r\n    <td>9<\/td>\r\n    <td>1580<\/td>\r\n    <td>1755<\/td>\r\n  <\/tr>\r\n  <tr>\r\n    <td>8<\/td>\r\n    <td>10<\/td>\r\n    <td>1755<\/td>\r\n    <td>1951<\/td>\r\n  <\/tr>\r\n  <tr>\r\n    <td>9<\/td>\r\n    <td>11<\/td>\r\n    <td>1930<\/td>\r\n    <td>2147<\/td>\r\n  <\/tr>\r\n  <tr>\r\n    <td>10<\/td>\r\n    <td>12<\/td>\r\n    <td>2105<\/td>\r\n    <td>2343<\/td>\r\n  <\/tr>\r\n  <tr>\r\n    <td>11<\/td>\r\n    <td>13<\/td>\r\n    <td>2280<\/td>\r\n    <td>2539<\/td>\r\n  <\/tr>\r\n  <tr>\r\n    <td>12<\/td>\r\n    <td>14<\/td>\r\n    <td>2454<\/td>\r\n    <td>2736<\/td>\r\n  <\/tr>\r\n  <tr>\r\n    <td>13<\/td>\r\n    <td>15<\/td>\r\n    <td>2629<\/td>\r\n    <td>2932<\/td>\r\n  <\/tr>\r\n  <tr>\r\n    <td>14<\/td>\r\n    <td>16<\/td>\r\n    <td>2804<\/td>\r\n    <td>3128<\/td>\r\n  <\/tr>\r\n  <tr>\r\n    <td>15<\/td>\r\n    <td>17<\/td>\r\n    <td>2979<\/td>\r\n    <td>3324<\/td>\r\n  <\/tr>\r\n<\/tbody>\r\n<\/table>\r\n <\/div>","protected":false},"excerpt":{"rendered":"\u041b\u0435\u0441\u0442\u043d\u0438\u0446\u044b \u0441 \u0440\u0435\u0433\u0443\u043b\u0438\u0440\u0443\u0435\u043c\u043e\u0439 \u0432\u044b\u0441\u043e\u0442\u043e\u0439 \u0432\u044b\u043f\u043e\u043b\u043d\u044f\u044e\u0442\u0441\u044f \u043a\u0430\u043a \u043a\u043e\u043d\u0441\u0442\u0440\u0443\u043a\u0446\u0438\u0438 \u0434\u043b\u044f \u0441\u0430\u043c\u043e\u0441\u0442\u043e\u044f\u0442\u0435\u043b\u044c\u043d\u043e\u0439 \u0441\u0431\u043e\u0440\u043a\u0438. \u041e\u043d\u0438 \u043e\u0442\u043b\u0438\u0447\u0430\u044e\u0442\u0441\u044f \u043f\u043b\u0430\u0432\u043d\u043e\u0439 \u0440\u0435\u0433\u0443\u043b\u0438\u0440\u043e\u0432\u043a\u043e\u0439 \u0443\u0433\u043b\u0430 \u0432 \u0434\u0438\u0430\u043f\u0430\u0437\u043e\u043d\u0435 35 \u2013 40 \u0433\u0440\u0430\u0434\u0443\u0441\u043e\u0432, \u0447\u0442\u043e \u043f\u043e\u0437\u0432\u043e\u043b\u044f\u0435\u0442 \u0432\u044b\u043f\u043e\u043b\u043d\u0438\u0442\u044c \u0438\u043d\u0434\u0438\u0432\u0438\u0434\u0443\u0430\u043b\u044c\u043d\u0443\u044e \u043d\u0430\u0441\u0442\u0440\u043e\u0439\u043a\u0443 \u0432\u044b\u0441\u043e\u0442\u044b \u043a \u043f\u043e\u0442\u0440\u0435\u0431\u043d\u043e\u0441\u0442\u044f\u043c \u041a\u043b\u0438\u0435\u043d\u0442\u0430. \u041b\u0435\u0441\u0442\u043d\u0438\u0446\u044b \u0441 \u0443\u0433\u043b\u043e\u0432\u043e\u0439 \u0440\u0435\u0433\u0443\u043b\u0438\u0440\u043e\u0432\u043a\u043e\u0439 \u0432 \u0443\u043a\u0430\u0437\u0430\u043d\u043d\u043e\u043c \u0432\u044b\u0448\u0435 \u043e\u0431\u044a\u0435\u043c\u0435, \u0441\u043e\u043e\u0442\u0432\u0435\u0442\u0441\u0442\u0432\u0443\u044e\u0442 \u0442\u0440\u0435\u0431\u043e\u0432\u0430\u043d\u0438\u044f\u043c \u0441\u0442\u0440\u043e\u0438\u0442\u0435\u043b\u044c\u043d\u044b\u0445 \u043d\u043e\u0440\u043c \u0438 \u043f\u0440\u0430\u0432\u0438\u043b, \u043a\u0430\u0441\u0430\u044e\u0449\u0438\u0445\u0441\u044f \u0433\u0435\u043e\u043c\u0435\u0442\u0440\u0438\u0438 \u043f\u043e\u0434\u0441\u0442\u0443\u043f\u0435\u043d\u043a\u043e\u0432. \u0418\u0437\u043c\u0435\u043d\u0435\u043d\u0438\u0435 \u043d\u0430\u043a\u043b\u043e\u043d\u0430 \u043b\u0435\u0441\u0442\u043d\u0438\u0446\u044b \u043e\u0441\u043d\u043e\u0432\u0430\u043d\u043e \u043d\u0430 \u043e\u0441\u043b\u0430\u0431\u043b\u0435\u043d\u0438\u0438 \u0432\u0441\u0435\u0445 \u0431\u043e\u043b\u0442\u043e\u0432 [&hellip;]","protected":false},"author":1,"featured_media":0,"parent":240,"menu_order":0,"comment_status":"closed","ping_status":"closed","template":"","meta":[],"_links":{"self":[{"href":"https:\/\/www.mostostal.siedlce.pl\/ru\/wp-json\/wp\/v2\/pages\/275"}],"collection":[{"href":"https:\/\/www.mostostal.siedlce.pl\/ru\/wp-json\/wp\/v2\/pages"}],"about":[{"href":"https:\/\/www.mostostal.siedlce.pl\/ru\/wp-json\/wp\/v2\/types\/page"}],"author":[{"embeddable":true,"href":"https:\/\/www.mostostal.siedlce.pl\/ru\/wp-json\/wp\/v2\/users\/1"}],"replies":[{"embeddable":true,"href":"https:\/\/www.mostostal.siedlce.pl\/ru\/wp-json\/wp\/v2\/comments?post=275"}],"version-history":[{"count":4,"href":"https:\/\/www.mostostal.siedlce.pl\/ru\/wp-json\/wp\/v2\/pages\/275\/revisions"}],"predecessor-version":[{"id":3193,"href":"https:\/\/www.mostostal.siedlce.pl\/ru\/wp-json\/wp\/v2\/pages\/275\/revisions\/3193"}],"up":[{"embeddable":true,"href":"https:\/\/www.mostostal.siedlce.pl\/ru\/wp-json\/wp\/v2\/pages\/240"}],"wp:attachment":[{"href":"https:\/\/www.mostostal.siedlce.pl\/ru\/wp-json\/wp\/v2\/media?parent=275"}],"curies":[{"name":"wp","href":"https:\/\/api.w.org\/{rel}","templated":true}]}}