{"id":54,"date":"2017-06-13T05:26:29","date_gmt":"2017-06-13T05:26:29","guid":{"rendered":"http:\/\/localhost\/mostostal_siedlce\/?page_id=54"},"modified":"2020-02-11T08:58:08","modified_gmt":"2020-02-11T08:58:08","slug":"katalogi","status":"publish","type":"page","link":"https:\/\/www.mostostal.siedlce.pl\/ru\/p%d0%b5%d1%88%d0%b5%d1%82%d1%87%d0%b0%d1%82%d1%8b%d0%b9-%d0%bd%d0%b0%d1%81%d1%82%d0%b8%d0%bb\/%d0%b4%d0%bb%d1%8f-%d0%ba%d0%bb%d0%b8%d0%b5%d0%bd%d1%82%d0%b0\/%d0%ba%d0%be%d0%bc%d0%bc%d0%b5%d1%80%d1%87%d0%b5%d1%81%d0%ba%d0%b8%d0%b5-%d0%b4%d0%b0%d0%bd%d0%bd%d1%8b%d0%b5\/katalogi\/","title":{"rendered":"Katalogi"},"content":{"rendered":"<div class=\"textwrapper ttextwrapper\">\r\n\r\n  <a target=\"_blank\" class=\"ftl shad-1 somecard mrb\" href=\"https:\/\/www.mostostal.siedlce.pl\/wp-content\/uploads\/2017\/06\/Oferta_ogolna.pdf\" rel=\"noopener noreferrer\">\r\n    <img src=\"https:\/\/www.mostostal.siedlce.pl\/wp-content\/uploads\/2018\/01\/oferta.jpg\" alt=\"\"\r\n      class=\"\" \/>\r\n    <table class=\"contact\">\r\n      <tr>\r\n        <td>\r\n          <span class=\"iconflag flagpl\"><\/span>\r\n        <\/td>\r\n        <td>\r\n          <span>Oferta og\u00f3lna<\/span>\r\n        <\/td>\r\n      <\/tr>\r\n    <\/table>\r\n\r\n  <\/a>\r\n\r\n  <a target=\"_blank\" class=\"ftl shad-1 somecard mrb\" href=\"https:\/\/www.mostostal.siedlce.pl\/wp-content\/uploads\/2017\/08\/Brochure.pdf\" rel=\"noopener noreferrer\">\r\n    <img src=\"https:\/\/www.mostostal.siedlce.pl\/wp-content\/uploads\/2018\/01\/ourpr.jpg\" alt=\"\" \r\n      class=\"\" \/>\r\n    <table class=\"contact\">\r\n      <tr>\r\n        <td>\r\n          <span class=\"iconflag flaguk\"><\/span>\r\n        <\/td>\r\n        <td>\r\n          <span>Oferta og\u00f3lna (j.&nbsp;angielski)<\/span>\r\n        <\/td>\r\n      <\/tr>\r\n    <\/table>\r\n\r\n  <\/a>\r\n\r\n  <a target=\"_blank\" class=\"ftl shad-1 somecard mrb\" href=\"https:\/\/www.mostostal.siedlce.pl\/wp-content\/uploads\/brochures\/katalog_kraty_PL.pdf\" rel=\"noopener noreferrer\">\r\n    <img src=\"https:\/\/www.mostostal.siedlce.pl\/wp-content\/uploads\/2018\/01\/kratyp.jpg\" alt=\"\"\r\n      class=\"\" \/>\r\n    <table class=\"contact\">\r\n      <tr>\r\n        <td>\r\n          <span class=\"iconflag flagpl\"><\/span>\r\n        <\/td>\r\n        <td>\r\n          <span>Katalog (j.&nbsp;polski)<\/span>\r\n        <\/td>\r\n      <\/tr>\r\n    <\/table>\r\n\r\n  <\/a>\r\n  <a target=\"_blank\" class=\"ftl shad-1 somecard mrb\" href=\"https:\/\/www.mostostal.siedlce.pl\/wp-content\/uploads\/2017\/06\/schody.pdf\" rel=\"noopener noreferrer\">\r\n    <img src=\"https:\/\/www.mostostal.siedlce.pl\/wp-content\/uploads\/2018\/01\/schody.jpg\" alt=\"\" class=\"\"\r\n    \/>\r\n    <table class=\"contact\">\r\n      <tr>\r\n        <td>\r\n          <span class=\"iconflag flagpl\"><\/span>\r\n        <\/td>\r\n        <td>\r\n          <span>Katalog schody<\/span>\r\n        <\/td>\r\n      <\/tr>\r\n    <\/table>\r\n\r\n  <\/a>\r\n  <a target=\"_blank\" class=\"ftl shad-1 somecard mrb\" href=\"https:\/\/www.mostostal.siedlce.pl\/wp-content\/uploads\/brochures\/katalog_uchwyty_PL.pdf\" rel=\"noopener noreferrer\">\r\n    <img src=\"https:\/\/www.mostostal.siedlce.pl\/wp-content\/uploads\/2018\/01\/uchwyty.jpg\" alt=\"\" class=\"\"\r\n    \/>\r\n    <table class=\"contact\">\r\n      <tr>\r\n        <td>\r\n          <span class=\"iconflag flagpl\"><\/span>\r\n        <\/td>\r\n        <td>\r\n          <span>Katalog uchwyty<\/span>\r\n        <\/td>\r\n      <\/tr>\r\n    <\/table>\r\n\r\n\r\n  <\/a>\r\n  <a target=\"_blank\" class=\"ftl shad-1 somecard mrb\" href=\"https:\/\/www.mostostal.siedlce.pl\/wp-content\/uploads\/2017\/06\/Ulotka_lawki.pdf\" rel=\"noopener noreferrer\">\r\n    <img src=\"https:\/\/www.mostostal.siedlce.pl\/wp-content\/uploads\/2018\/01\/lawki.jpg\" alt=\"\" class=\"\"\r\n    \/>\r\n    <table class=\"contact\">\r\n      <tr>\r\n        <td>\r\n          <span class=\"iconflag flagpl\"><\/span>\r\n        <\/td>\r\n        <td>\r\n          <span>Katalog \u0142awki<\/span>\r\n        <\/td>\r\n      <\/tr>\r\n    <\/table>\r\n\r\n\r\n  <\/a>\r\n  <a target=\"_blank\" class=\"ftl shad-1 somecard mrb\" href=\"https:\/\/www.mostostal.siedlce.pl\/wp-content\/uploads\/2017\/06\/niemiecki.pdf\" rel=\"noopener noreferrer\">\r\n    <img src=\"https:\/\/www.mostostal.siedlce.pl\/wp-content\/uploads\/2018\/01\/nie.jpg\" alt=\"\" class=\"\" \/>\r\n    <table class=\"contact\">\r\n      <tr>\r\n        <td>\r\n          <span class=\"iconflag flagde\"><\/span>\r\n        <\/td>\r\n        <td>\r\n          <span>Katalog (j.&nbsp;niemiecki)<\/span>\r\n        <\/td>\r\n      <\/tr>\r\n    <\/table>\r\n\r\n\r\n  <\/a>\r\n  <a target=\"_blank\" class=\"ftl shad-1 somecard mrb\" href=\"https:\/\/www.mostostal.siedlce.pl\/wp-content\/uploads\/2017\/06\/ogrodzenia.pdf\" rel=\"noopener noreferrer\">\r\n    <img src=\"https:\/\/www.mostostal.siedlce.pl\/wp-content\/uploads\/2018\/01\/ogr.jpg\" alt=\"\" class=\"\"\r\n    \/>\r\n    <table class=\"contact\">\r\n      <tr>\r\n        <td>\r\n          <span class=\"iconflag flagpl\"><\/span>\r\n        <\/td>\r\n        <td>\r\n          <span>Katalog ogrodzenia<\/span>\r\n        <\/td>\r\n      <\/tr>\r\n    <\/table>\r\n\r\n\r\n  <\/a>\r\n  <a target=\"_blank\" class=\"ftl shad-1 somecard mrb\" href=\"https:\/\/www.mostostal.siedlce.pl\/wp-content\/uploads\/2017\/06\/rosyjski.pdf\" rel=\"noopener noreferrer\">\r\n    <img src=\"https:\/\/www.mostostal.siedlce.pl\/wp-content\/uploads\/2018\/01\/ros.jpg\" alt=\"\" class=\"\" \/>\r\n    <table class=\"contact\">\r\n      <tr>\r\n        <td>\r\n          <span class=\"iconflag flagru\"><\/span>\r\n        <\/td>\r\n        <td>\r\n          <span>Katalog (j.&nbsp;rosyjski)<\/span>\r\n        <\/td>\r\n      <\/tr>\r\n    <\/table>\r\n\r\n\r\n  <\/a>\r\n  <a target=\"_blank\" class=\"ftl shad-1 somecard mrb\" href=\"https:\/\/www.mostostal.siedlce.pl\/wp-content\/uploads\/2017\/06\/ukrainski.pdf\" rel=\"noopener noreferrer\">\r\n    <img src=\"https:\/\/www.mostostal.siedlce.pl\/wp-content\/uploads\/2018\/01\/ukr.jpg\" alt=\"\" class=\"\" \/>\r\n    <table class=\"contact\">\r\n      <tr>\r\n        <td>\r\n          <span class=\"iconflag flagua\"><\/span>\r\n        <\/td>\r\n        <td>\r\n          <span>Katalog (j.&nbsp;ukrai\u0144ski)<\/span>\r\n        <\/td>\r\n      <\/tr>\r\n    <\/table>\r\n\r\n\r\n  <\/a>\r\n  <a target=\"_blank\" class=\"ftl shad-1 somecard mrb\" href=\"https:\/\/www.mostostal.siedlce.pl\/wp-content\/uploads\/2017\/06\/Ulotka_prod.pdf\" rel=\"noopener noreferrer\">\r\n    <img src=\"https:\/\/www.mostostal.siedlce.pl\/wp-content\/uploads\/2018\/01\/nas.jpg\" alt=\"\" class=\"\"\r\n    \/>\r\n    <table class=\"contact\">\r\n      <tr>\r\n        <td>\r\n          <span class=\"iconflag flagpl\"><\/span>\r\n        <\/td>\r\n        <td>\r\n          <span>Nowy asortyment<\/span>\r\n        <\/td>\r\n      <\/tr>\r\n    <\/table>\r\n\r\n\r\n  <\/a>\r\n  <a target=\"_blank\" class=\"ftl shad-1 somecard mrb\" href=\"https:\/\/www.mostostal.siedlce.pl\/wp-content\/uploads\/2017\/06\/angielski.pdf\" rel=\"noopener noreferrer\">\r\n    <img src=\"https:\/\/www.mostostal.siedlce.pl\/wp-content\/uploads\/2018\/01\/pgr.jpg\" alt=\"\" class=\"\" \/>\r\n    <table class=\"contact\">\r\n      <tr>\r\n        <td>\r\n          <span class=\"iconflag flaguk\"><\/span>\r\n        <\/td>\r\n        <td>\r\n          <span>Katalog (j.&nbsp;angielski)<\/span>\r\n        <\/td>\r\n      <\/tr>\r\n    <\/table>\r\n\r\n  <\/a>\r\n\r\n\r\n<\/div>","protected":false},"excerpt":{"rendered":"Oferta og\u00f3lna Oferta og\u00f3lna (j.&nbsp;angielski) Katalog (j.&nbsp;polski) Katalog schody Katalog uchwyty Katalog \u0142awki Katalog (j.&nbsp;niemiecki) Katalog ogrodzenia Katalog (j.&nbsp;rosyjski) Katalog (j.&nbsp;ukrai\u0144ski) Nowy asortyment Katalog (j.&nbsp;angielski)","protected":false},"author":1,"featured_media":0,"parent":2177,"menu_order":0,"comment_status":"closed","ping_status":"closed","template":"","meta":[],"_links":{"self":[{"href":"https:\/\/www.mostostal.siedlce.pl\/ru\/wp-json\/wp\/v2\/pages\/54"}],"collection":[{"href":"https:\/\/www.mostostal.siedlce.pl\/ru\/wp-json\/wp\/v2\/pages"}],"about":[{"href":"https:\/\/www.mostostal.siedlce.pl\/ru\/wp-json\/wp\/v2\/types\/page"}],"author":[{"embeddable":true,"href":"https:\/\/www.mostostal.siedlce.pl\/ru\/wp-json\/wp\/v2\/users\/1"}],"replies":[{"embeddable":true,"href":"https:\/\/www.mostostal.siedlce.pl\/ru\/wp-json\/wp\/v2\/comments?post=54"}],"version-history":[{"count":1,"href":"https:\/\/www.mostostal.siedlce.pl\/ru\/wp-json\/wp\/v2\/pages\/54\/revisions"}],"predecessor-version":[{"id":3519,"href":"https:\/\/www.mostostal.siedlce.pl\/ru\/wp-json\/wp\/v2\/pages\/54\/revisions\/3519"}],"up":[{"embeddable":true,"href":"https:\/\/www.mostostal.siedlce.pl\/ru\/wp-json\/wp\/v2\/pages\/2177"}],"wp:attachment":[{"href":"https:\/\/www.mostostal.siedlce.pl\/ru\/wp-json\/wp\/v2\/media?parent=54"}],"curies":[{"name":"wp","href":"https:\/\/api.w.org\/{rel}","templated":true}]}}