{"id":72,"date":"2017-06-13T05:31:59","date_gmt":"2017-06-13T05:31:59","guid":{"rendered":"http:\/\/localhost\/mostostal_siedlce\/?page_id=72"},"modified":"2023-08-07T06:18:17","modified_gmt":"2023-08-07T06:18:17","slug":"%d0%ba%d0%be%d0%bc%d0%bc%d0%b5%d1%80%d1%87%d0%b5%d1%81%d0%ba%d0%b8%d0%b5-%d0%b4%d0%b0%d0%bd%d0%bd%d1%8b%d0%b5","status":"publish","type":"page","link":"https:\/\/www.mostostal.siedlce.pl\/ru\/%d0%b7%d0%b0%d1%89%d0%b8%d1%82%d0%b0-%d0%be%d1%82-%d0%ba%d0%be%d1%80%d1%80%d0%be%d0%b7%d0%b8%d0%b8\/%d0%b4%d0%bb%d1%8f-%d0%ba%d0%bb%d0%b8%d0%b5%d0%bd%d1%82%d0%b0\/%d0%ba%d0%be%d0%bc%d0%bc%d0%b5%d1%80%d1%87%d0%b5%d1%81%d0%ba%d0%b8%d0%b5-%d0%b4%d0%b0%d0%bd%d0%bd%d1%8b%d0%b5\/","title":{"rendered":"\u041a\u043e\u043c\u043c\u0435\u0440\u0447\u0435\u0441\u043a\u0438\u0435 \u0434\u0430\u043d\u043d\u044b\u0435"},"content":{"rendered":"<div class=\"textwrapper ttextwrapper\">\r\n    <div class=\"row\">\r\n        <div class=\"ftl shad-1 somecard mrb\">\r\n            <a target=\"_blank\" href=\"https:\/\/www.mostostal.siedlce.pl\/wp-content\/uploads\/pdf\/zamowienie.pdf\" rel=\"noopener noreferrer\">\r\n                <strong>Zam\u00f3wienie\r\n                    <span class=\"icon ia download\"><\/span>\r\n                <\/strong>\r\n            <\/a>\r\n        <\/div>\r\n        <div class=\"ftl shad-1 somecard mrb\">\r\n            <table class=\"contact\">\r\n                <tr>\r\n                    <td>\r\n                        <a target=\"_blank\" href=\"https:\/\/www.mostostal.siedlce.pl\/wp-content\/uploads\/pdf\/owh.pdf\" rel=\"noopener noreferrer\">\r\n                            <strong>Og\u00f3lne Warunki Handlowe (OWH)\r\n                                <span class=\"icon ia download\"><\/span>\r\n                            <\/strong>\r\n                        <\/a>\r\n                    <\/td>\r\n                    <td><span title=\"polski\" class=\"iconflag flagpl\"><\/span><\/td>\r\n                <\/tr>\r\n                <tr>\r\n                    <td>\r\n                        <a target=\"_blank\" href=\"https:\/\/www.mostostal.siedlce.pl\/wp-content\/uploads\/pdf\/owhen.pdf\" rel=\"noopener noreferrer\">\r\n                            <strong>General Commercial Terms\r\n                                <span class=\"icon ia download\"><\/span>\r\n                            <\/strong>\r\n                        <\/a>\r\n                    <\/td>\r\n                    <td><span title=\"angielski\" class=\"iconflag flaguk\"><\/span><\/td>\r\n                <\/tr>\r\n            <\/table>\r\n\r\n\r\n        <\/div>\r\n        <div class=\"ftl shad-1 somecard mrb\">\r\n            <strong>Warunki gwarancji:<\/strong>\r\n            <table class=\"contact\">\r\n                <tr>\r\n                    <td>\r\n                        <a target=\"_blank\" href=\"https:\/\/www.mostostal.siedlce.pl\/wp-content\/uploads\/pdf\/gwarancja.pdf\" rel=\"noopener noreferrer\">j\u0119zyk polski\r\n                            <span class=\"icon ia download\"><\/span>\r\n                        <\/a>\r\n                    <\/td>\r\n                    <td><span title=\"polski\" class=\"iconflag flagpl\"><\/span><\/td>\r\n                <\/tr>\r\n                <tr>\r\n                    <td>\r\n                        <a target=\"_blank\" href=\"https:\/\/www.mostostal.siedlce.pl\/wp-content\/uploads\/pdf\/guarantee.pdf\" rel=\"noopener noreferrer\">english\r\n                            <span class=\"icon ia download\"><\/span>\r\n                        <\/a>\r\n                    <\/td>\r\n                    <td><span title=\"angielski\" class=\"iconflag flaguk\"><\/span><\/td>\r\n                <\/tr>\r\n            <\/table>\r\n        <\/div>\r\n        <div class=\"shad-1 somecard mrb ftl\">\r\n            <strong>Cynkowanie ogniowe:<\/strong>\r\n            <table class=\"contact\">\r\n                <tr>\r\n                    <td>\r\n                        <a target=\"_blank\" href=\"https:\/\/www.mostostal.siedlce.pl\/wp-content\/uploads\/brochures\/cynkognpl.pdf\" rel=\"noopener noreferrer\">j\u0119zyk polski\r\n                            <span class=\"icon ia download\"><\/span>\r\n                        <\/a>\r\n                    <\/td>\r\n                    <td><span title=\"polski\" class=\"iconflag flagpl\"><\/span><\/td>\r\n                <\/tr>\r\n                <tr>\r\n                    <td>\r\n                        <a target=\"_blank\" href=\"https:\/\/www.mostostal.siedlce.pl\/wp-content\/uploads\/brochures\/cynkognen.pdf\" rel=\"noopener noreferrer\">english\r\n                            <span class=\"icon ia download\"><\/span>\r\n                        <\/a>\r\n                    <\/td>\r\n                    <td><span title=\"angielski\" class=\"iconflag flaguk\"><\/span><\/td>\r\n                <\/tr>\r\n                <tr>\r\n                    <td>\r\n                        <a target=\"_blank\" href=\"https:\/\/www.mostostal.siedlce.pl\/wp-content\/uploads\/brochures\/cynkognru.pdf\" rel=\"noopener noreferrer\">\u0420\u0423\u0421\u0421\u041a\u0418\u0419\r\n                            <span class=\"icon ia download\"><\/span>\r\n                        <\/a>\r\n                    <\/td>\r\n                    <td><span title=\"rosyjski\" class=\"iconflag flagru\"><\/span><\/td>\r\n                <\/tr>\r\n            <\/table>\r\n        <\/div>\r\n\r\n    <\/div>\r\n<\/div>\r\n<div class=\"textwrapper\">\r\n    <strong>DAST 022:<\/strong>\r\n    <br>\r\n    <a target=\"_blank\" href=\"https:\/\/www.mostostal.siedlce.pl\/wp-content\/uploads\/certificates\/dast022.pdf\" rel=\"noopener noreferrer\">Ceryfikat\r\n        Dast 022\r\n        <span class=\"icon ia download\"><\/span>\r\n    <\/a>\r\n    <br>\r\n    <a target=\"_blank\" href=\"https:\/\/www.mostostal.siedlce.pl\/wp-content\/uploads\/2017\/06\/CynkujemyzgodniezDAST022.pdf\" rel=\"noopener noreferrer\">Cynkujemy\r\n        zgodnie z DAST 022\r\n        <span class=\"icon ia download\"><\/span>\r\n    <\/a>\r\n    <br>\r\n    <a target=\"_blank\" href=\"https:\/\/www.mostostal.siedlce.pl\/wp-content\/uploads\/2018\/01\/klasyfikacja.pdf\" rel=\"noopener noreferrer\">klasyfikacja\r\n        konstrukcji wg DAST 022\r\n        <span class=\"icon ia download\"><\/span>\r\n    <\/a>\r\n    <br>\r\n    <a target=\"_blank\" href=\"https:\/\/www.mostostal.siedlce.pl\/wp-content\/uploads\/pdf\/zamowienie_cynkowania_ogniowego.pdf\" rel=\"noopener noreferrer\">Zam\u00f3wienie\r\n        cynkowania ogniowego wg DASt 022\r\n        <span class=\"icon ia download\"><\/span>\r\n    <\/a>\r\n<\/div>\r\n\r\n<div class=\"textwrapper mt3\">\r\n    <div><a target=\"_blank\" href=\"https:\/\/www.mostostal.siedlce.pl\/wp-content\/uploads\/Faktury elektroniczne Regulamin.pdf\" rel=\"noopener noreferrer\">Faktury elektroniczne &#8211;\r\n            wystawianie<span class=\"icon ia download\"><\/span>\r\n        <\/a>\r\n    <\/div>\r\n<\/div>","protected":false},"excerpt":{"rendered":"Zam\u00f3wienie Og\u00f3lne Warunki Handlowe (OWH) General Commercial Terms Warunki gwarancji: j\u0119zyk polski english Cynkowanie ogniowe: j\u0119zyk polski english \u0420\u0423\u0421\u0421\u041a\u0418\u0419 DAST 022: Ceryfikat Dast 022 Cynkujemy zgodnie z DAST 022 klasyfikacja konstrukcji wg DAST 022 Zam\u00f3wienie cynkowania ogniowego wg DASt 022 Faktury elektroniczne &#8211; wystawianie","protected":false},"author":1,"featured_media":0,"parent":2149,"menu_order":0,"comment_status":"closed","ping_status":"closed","template":"","meta":[],"_links":{"self":[{"href":"https:\/\/www.mostostal.siedlce.pl\/ru\/wp-json\/wp\/v2\/pages\/72"}],"collection":[{"href":"https:\/\/www.mostostal.siedlce.pl\/ru\/wp-json\/wp\/v2\/pages"}],"about":[{"href":"https:\/\/www.mostostal.siedlce.pl\/ru\/wp-json\/wp\/v2\/types\/page"}],"author":[{"embeddable":true,"href":"https:\/\/www.mostostal.siedlce.pl\/ru\/wp-json\/wp\/v2\/users\/1"}],"replies":[{"embeddable":true,"href":"https:\/\/www.mostostal.siedlce.pl\/ru\/wp-json\/wp\/v2\/comments?post=72"}],"version-history":[{"count":7,"href":"https:\/\/www.mostostal.siedlce.pl\/ru\/wp-json\/wp\/v2\/pages\/72\/revisions"}],"predecessor-version":[{"id":3597,"href":"https:\/\/www.mostostal.siedlce.pl\/ru\/wp-json\/wp\/v2\/pages\/72\/revisions\/3597"}],"up":[{"embeddable":true,"href":"https:\/\/www.mostostal.siedlce.pl\/ru\/wp-json\/wp\/v2\/pages\/2149"}],"wp:attachment":[{"href":"https:\/\/www.mostostal.siedlce.pl\/ru\/wp-json\/wp\/v2\/media?parent=72"}],"curies":[{"name":"wp","href":"https:\/\/api.w.org\/{rel}","templated":true}]}}