{"id":998,"date":"2017-07-04T08:42:38","date_gmt":"2017-07-04T08:42:38","guid":{"rendered":"http:\/\/localhost\/mostostal_siedlce\/?page_id=998"},"modified":"2026-03-05T18:31:49","modified_gmt":"2026-03-05T18:31:49","slug":"p%d1%83%d0%ba%d0%be%d0%b2%d0%be%d0%b4%d1%81%d1%82%d0%b2%d0%be","status":"publish","type":"page","link":"https:\/\/www.mostostal.siedlce.pl\/ru\/o-%d1%84%d0%b8%d1%80%d0%bc%d0%b5\/p%d1%83%d0%ba%d0%be%d0%b2%d0%be%d0%b4%d1%81%d1%82%d0%b2%d0%be\/","title":{"rendered":"\u0420\u0443\u043a\u043e\u0432\u043e\u0434\u0441\u0442\u0432\u043e"},"content":{"rendered":"<div class=\"textwrapper ttextwrapper\">\r\n    <div class=\"bcardwrapper\">\r\n        <div class=\"shad-1 lift ftl nucard\">\r\n            <img loading=\"lazy\" src=\"https:\/\/www.mostostal.siedlce.pl\/wp-content\/uploads\/2018\/01\/bc.jpg\" width=\"408\" height=\"246\"\r\n                alt=\"wizyt\u00f3wka Robert Zakrzewski\" class=\"\">\r\n            <div class=\"nucard-content unselectable\">\r\n                <h2>\r\n                    <span class=\"fit\">Tomasz <\/span>\r\n                    <span class=\"fat\">Borz\u0119cki<\/span>\r\n                <\/h2>\r\n\r\n                <hr class=\"hr-darker mb1 mt1\">\r\n\r\n                <h5 class=\"fyt\">\u041f\u0440\u0435\u0437\u0438\u0434\u0435\u043d\u0442 \u043f\u0440\u0430\u0432\u043b\u0435\u043d\u0438\u044f \u00ab\u041c\u043e\u0441\u0442\u043e\u0441\u0442\u0430\u043b\u044c \u0421\u0435\u0434\u043b\u044c\u0446\u0435\u00bb \u041e\u041e\u041e<\/h5>\r\n            <\/div>\r\n        <\/div>\r\n        <div class=\"shad-1 lift ftl nucard\">\r\n            <img loading=\"lazy\" src=\"https:\/\/www.mostostal.siedlce.pl\/wp-content\/uploads\/2018\/01\/bc.jpg\" width=\"408\" height=\"246\"\r\n                alt=\"wizyt\u00f3wka Marzena Komar\" class=\"\">\r\n            <div class=\"nucard-content unselectable\">\r\n                <h2>\r\n                    <span class=\"fit\">Dariusz <\/span>\r\n                    <span class=\"fat\">Bogusz<\/span>\r\n                <\/h2>\r\n\r\n                <hr class=\"hr-darker mb1 mt1\">\r\n\r\n                <h5 class=\"fyt\">\u0412\u0438\u0446\u0435-\u043f\u0440\u0435\u0437\u0438\u0434\u0435\u043d\u0442 \u043f\u0440\u0430\u0432\u043b\u0435\u043d\u0438\u044f \u00ab\u041c\u043e\u0441\u0442\u043e\u0441\u0442\u0430\u043b\u044c \u0421\u0435\u0434\u043b\u044c\u0446\u0435\u00bb \u041e\u041e\u041e<\/h5>\r\n            <\/div>\r\n        <\/div>\r\n\r\n        <div class=\"shad-1 lift ftl nucard\">\r\n            <img loading=\"lazy\" src=\"https:\/\/www.mostostal.siedlce.pl\/wp-content\/uploads\/2018\/01\/bc.jpg\" width=\"408\" height=\"246\"\r\n                alt=\"wizyt\u00f3wka Bogus\u0142aw Lipi\u0144ski\" class=\"\">\r\n            <div class=\"nucard-content unselectable\">\r\n                <h2>\r\n                    <span class=\"fit\">Piotr<\/span>\r\n                    <span class=\"fat\">Miros\u0142aw<\/span>\r\n                <\/h2>\r\n\r\n                <hr class=\"hr-darker mb1 mt1\">\r\n\r\n                <h5 class=\"fyt\">\u0414\u0438\u0440\u0435\u043a\u0442\u043e\u0440 \u043f\u043e \u043f\u0440\u043e\u0438\u0437\u0432\u043e\u0434\u0441\u0442\u0432\u0443, \u0434\u043e\u0432\u0435\u0440\u0435\u043d\u043d\u044b\u043c \u043b\u0438\u0446\u043e\u043c<\/h5>\r\n            <\/div>\r\n        <\/div>\r\n    <\/div>\r\n<\/div>","protected":false},"excerpt":{"rendered":"Tomasz Borz\u0119cki \u041f\u0440\u0435\u0437\u0438\u0434\u0435\u043d\u0442 \u043f\u0440\u0430\u0432\u043b\u0435\u043d\u0438\u044f \u00ab\u041c\u043e\u0441\u0442\u043e\u0441\u0442\u0430\u043b\u044c \u0421\u0435\u0434\u043b\u044c\u0446\u0435\u00bb \u041e\u041e\u041e Dariusz Bogusz \u0412\u0438\u0446\u0435-\u043f\u0440\u0435\u0437\u0438\u0434\u0435\u043d\u0442 \u043f\u0440\u0430\u0432\u043b\u0435\u043d\u0438\u044f \u00ab\u041c\u043e\u0441\u0442\u043e\u0441\u0442\u0430\u043b\u044c \u0421\u0435\u0434\u043b\u044c\u0446\u0435\u00bb \u041e\u041e\u041e Piotr Miros\u0142aw \u0414\u0438\u0440\u0435\u043a\u0442\u043e\u0440 \u043f\u043e \u043f\u0440\u043e\u0438\u0437\u0432\u043e\u0434\u0441\u0442\u0432\u0443, \u0434\u043e\u0432\u0435\u0440\u0435\u043d\u043d\u044b\u043c \u043b\u0438\u0446\u043e\u043c","protected":false},"author":1,"featured_media":0,"parent":27,"menu_order":0,"comment_status":"closed","ping_status":"closed","template":"","meta":[],"_links":{"self":[{"href":"https:\/\/www.mostostal.siedlce.pl\/ru\/wp-json\/wp\/v2\/pages\/998"}],"collection":[{"href":"https:\/\/www.mostostal.siedlce.pl\/ru\/wp-json\/wp\/v2\/pages"}],"about":[{"href":"https:\/\/www.mostostal.siedlce.pl\/ru\/wp-json\/wp\/v2\/types\/page"}],"author":[{"embeddable":true,"href":"https:\/\/www.mostostal.siedlce.pl\/ru\/wp-json\/wp\/v2\/users\/1"}],"replies":[{"embeddable":true,"href":"https:\/\/www.mostostal.siedlce.pl\/ru\/wp-json\/wp\/v2\/comments?post=998"}],"version-history":[{"count":8,"href":"https:\/\/www.mostostal.siedlce.pl\/ru\/wp-json\/wp\/v2\/pages\/998\/revisions"}],"predecessor-version":[{"id":3627,"href":"https:\/\/www.mostostal.siedlce.pl\/ru\/wp-json\/wp\/v2\/pages\/998\/revisions\/3627"}],"up":[{"embeddable":true,"href":"https:\/\/www.mostostal.siedlce.pl\/ru\/wp-json\/wp\/v2\/pages\/27"}],"wp:attachment":[{"href":"https:\/\/www.mostostal.siedlce.pl\/ru\/wp-json\/wp\/v2\/media?parent=998"}],"curies":[{"name":"wp","href":"https:\/\/api.w.org\/{rel}","templated":true}]}}